{"id":990,"date":"2015-08-21T07:03:37","date_gmt":"2015-08-21T07:03:37","guid":{"rendered":"http:\/\/acve23.com\/site\/?page_id=990"},"modified":"2015-09-30T08:57:02","modified_gmt":"2015-09-30T08:57:02","slug":"panhard","status":"publish","type":"page","link":"https:\/\/acve23.com\/site\/panhard\/","title":{"rendered":"PANHARD"},"content":{"rendered":"<h4 style=\"text-align: left;\"><div class=\"su-box su-box-style-default\" id=\"\" style=\"border-color:#000000;border-radius:3px;\"><div class=\"su-box-title\" style=\"background-color:#333333;color:#FFFFFF;border-top-left-radius:1px;border-top-right-radius:1px\">NOS VOITURES DE LA MARQUE<\/div><div class=\"su-box-content su-u-clearfix su-u-trim\" style=\"border-bottom-left-radius:1px;border-bottom-right-radius:1px\">\n<img loading=\"lazy\" decoding=\"async\" class=\"aligncenter wp-image-940\" src=\"https:\/\/acve23.com\/site\/wp-content\/uploads\/2015\/08\/panhard_ancien_log_1.jpg\" alt=\"\" width=\"250\" height=\"220\" \/><br \/>\n<\/div><\/div><\/h4>\n<div class=\"su-divider su-divider-style-double\" style=\"margin:15px 0;border-width:7px;border-color:#999999\"><a href=\"#\" style=\"color:#999999\">Aller en haut<\/a><\/div>\n<h2><img loading=\"lazy\" decoding=\"async\" class=\"alignleft size-thumbnail wp-image-708\" style=\"border: 5px solid #fffffe;\" src=\"https:\/\/acve23.com\/site\/wp-content\/uploads\/2015\/08\/DSC_0003-150x150.png\" alt=\"DSC_0003\" width=\"150\" height=\"150\" \/><span class=\"su-highlight\" style=\"background:#fdfd32;color:#000000\">&nbsp;PANHARD 24 BT&nbsp;<\/span><\/h2>\n<h5>Propri\u00e9taire :\u00a0Anne et Philippe<\/h5>\n<h4>Ann\u00e9e :\u00a01965<\/h4>\n<div class=\"su-tabs su-tabs-style-default su-tabs-mobile-stack\" data-active=\"1\" data-scroll-offset=\"0\" data-anchor-in-url=\"no\"><div class=\"su-tabs-nav\"><span class=\"\" data-url=\"\" data-target=\"blank\" tabindex=\"0\" role=\"button\">Photos<\/span><span class=\"\" data-url=\"\" data-target=\"blank\" tabindex=\"0\" role=\"button\">Caract\u00e9ristiques<\/span><span class=\"\" data-url=\"\" data-target=\"blank\" tabindex=\"0\" role=\"button\">Histoire<\/span><\/div><div class=\"su-tabs-panes\"><div class=\"su-tabs-pane su-u-clearfix su-u-trim\" data-title=\"Photos\">\n<p><!-- index.php -->\n<div\n\tclass=\"ngg-galleryoverview\n\t ngg-ajax-pagination-none\t\"\n\tid=\"ngg-gallery-7994278e5ffb86c8b9b0d41e4b621886-1\">\n\n\t\t<div class=\"slideshowlink\">\n\t\t<a href='https:\/\/acve23.com\/site\/panhard\/nggallery\/slideshow'>[Montrer sous forme de diaporama]<\/a>\n\n\t<\/div>\n\t\t\t<!-- Thumbnails -->\n\t\t\t\t<div id=\"ngg-image-0\" class=\"ngg-gallery-thumbnail-box\"\n\t\t\t\t\t\t\t\t\t\t\t>\n\t\t\t\t\t\t<div class=\"ngg-gallery-thumbnail\">\n\t\t\t<a href=\"https:\/\/acve23.com\/site\/wp-content\/gallery\/panhard-24bt\/Photo1839.jpg\"\n\t\t\t\ttitle=\"\"\n\t\t\t\tdata-src=\"https:\/\/acve23.com\/site\/wp-content\/gallery\/panhard-24bt\/Photo1839.jpg\"\n\t\t\t\tdata-thumbnail=\"https:\/\/acve23.com\/site\/wp-content\/gallery\/panhard-24bt\/thumbs\/thumbs_Photo1839.jpg\"\n\t\t\t\tdata-image-id=\"3\"\n\t\t\t\tdata-title=\"Photo1839\"\n\t\t\t\tdata-description=\"\"\n\t\t\t\tdata-image-slug=\"photo1839\"\n\t\t\t\tclass=\"ngg-fancybox\" rel=\"7994278e5ffb86c8b9b0d41e4b621886\">\n\t\t\t\t<img\n\t\t\t\t\ttitle=\"Photo1839\"\n\t\t\t\t\talt=\"Photo1839\"\n\t\t\t\t\tsrc=\"https:\/\/acve23.com\/site\/wp-content\/gallery\/panhard-24bt\/thumbs\/thumbs_Photo1839.jpg\"\n\t\t\t\t\twidth=\"120\"\n\t\t\t\t\theight=\"90\"\n\t\t\t\t\tstyle=\"max-width:100%;\"\n\t\t\t\t\/>\n\t\t\t<\/a>\n\t\t<\/div>\n\t\t\t\t\t\t\t<\/div>\n\t\t\t\n\t\t\n\t\t\t\t<div id=\"ngg-image-1\" class=\"ngg-gallery-thumbnail-box\"\n\t\t\t\t\t\t\t\t\t\t\t>\n\t\t\t\t\t\t<div class=\"ngg-gallery-thumbnail\">\n\t\t\t<a href=\"https:\/\/acve23.com\/site\/wp-content\/gallery\/panhard-24bt\/DSC_0003.png\"\n\t\t\t\ttitle=\"\"\n\t\t\t\tdata-src=\"https:\/\/acve23.com\/site\/wp-content\/gallery\/panhard-24bt\/DSC_0003.png\"\n\t\t\t\tdata-thumbnail=\"https:\/\/acve23.com\/site\/wp-content\/gallery\/panhard-24bt\/thumbs\/thumbs_DSC_0003.png\"\n\t\t\t\tdata-image-id=\"56\"\n\t\t\t\tdata-title=\"DSC_0003.png\"\n\t\t\t\tdata-description=\"\"\n\t\t\t\tdata-image-slug=\"dsc_0003-png\"\n\t\t\t\tclass=\"ngg-fancybox\" rel=\"7994278e5ffb86c8b9b0d41e4b621886\">\n\t\t\t\t<img\n\t\t\t\t\ttitle=\"DSC_0003.png\"\n\t\t\t\t\talt=\"DSC_0003.png\"\n\t\t\t\t\tsrc=\"https:\/\/acve23.com\/site\/wp-content\/gallery\/panhard-24bt\/thumbs\/thumbs_DSC_0003.png\"\n\t\t\t\t\twidth=\"120\"\n\t\t\t\t\theight=\"90\"\n\t\t\t\t\tstyle=\"max-width:100%;\"\n\t\t\t\t\/>\n\t\t\t<\/a>\n\t\t<\/div>\n\t\t\t\t\t\t\t<\/div>\n\t\t\t\n\t\t\n\t\t\t\t<div id=\"ngg-image-2\" class=\"ngg-gallery-thumbnail-box\"\n\t\t\t\t\t\t\t\t\t\t\t>\n\t\t\t\t\t\t<div class=\"ngg-gallery-thumbnail\">\n\t\t\t<a href=\"https:\/\/acve23.com\/site\/wp-content\/gallery\/panhard-24bt\/photo1420_001-1.jpg\"\n\t\t\t\ttitle=\"\"\n\t\t\t\tdata-src=\"https:\/\/acve23.com\/site\/wp-content\/gallery\/panhard-24bt\/photo1420_001-1.jpg\"\n\t\t\t\tdata-thumbnail=\"https:\/\/acve23.com\/site\/wp-content\/gallery\/panhard-24bt\/thumbs\/thumbs_photo1420_001-1.jpg\"\n\t\t\t\tdata-image-id=\"57\"\n\t\t\t\tdata-title=\"photo1420_001.jpg\"\n\t\t\t\tdata-description=\"\"\n\t\t\t\tdata-image-slug=\"photo1420_001-jpg-1\"\n\t\t\t\tclass=\"ngg-fancybox\" rel=\"7994278e5ffb86c8b9b0d41e4b621886\">\n\t\t\t\t<img\n\t\t\t\t\ttitle=\"photo1420_001.jpg\"\n\t\t\t\t\talt=\"photo1420_001.jpg\"\n\t\t\t\t\tsrc=\"https:\/\/acve23.com\/site\/wp-content\/gallery\/panhard-24bt\/thumbs\/thumbs_photo1420_001-1.jpg\"\n\t\t\t\t\twidth=\"120\"\n\t\t\t\t\theight=\"90\"\n\t\t\t\t\tstyle=\"max-width:100%;\"\n\t\t\t\t\/>\n\t\t\t<\/a>\n\t\t<\/div>\n\t\t\t\t\t\t\t<\/div>\n\t\t\t\n\t\t\n\t\t\t\t<div id=\"ngg-image-3\" class=\"ngg-gallery-thumbnail-box\"\n\t\t\t\t\t\t\t\t\t\t\t>\n\t\t\t\t\t\t<div class=\"ngg-gallery-thumbnail\">\n\t\t\t<a href=\"https:\/\/acve23.com\/site\/wp-content\/gallery\/panhard-24bt\/WP_20150303_001.jpg\"\n\t\t\t\ttitle=\"\"\n\t\t\t\tdata-src=\"https:\/\/acve23.com\/site\/wp-content\/gallery\/panhard-24bt\/WP_20150303_001.jpg\"\n\t\t\t\tdata-thumbnail=\"https:\/\/acve23.com\/site\/wp-content\/gallery\/panhard-24bt\/thumbs\/thumbs_WP_20150303_001.jpg\"\n\t\t\t\tdata-image-id=\"58\"\n\t\t\t\tdata-title=\"WP_20150303_001.jpg\"\n\t\t\t\tdata-description=\"\"\n\t\t\t\tdata-image-slug=\"wp_20150303_001-jpg\"\n\t\t\t\tclass=\"ngg-fancybox\" rel=\"7994278e5ffb86c8b9b0d41e4b621886\">\n\t\t\t\t<img\n\t\t\t\t\ttitle=\"WP_20150303_001.jpg\"\n\t\t\t\t\talt=\"WP_20150303_001.jpg\"\n\t\t\t\t\tsrc=\"https:\/\/acve23.com\/site\/wp-content\/gallery\/panhard-24bt\/thumbs\/thumbs_WP_20150303_001.jpg\"\n\t\t\t\t\twidth=\"120\"\n\t\t\t\t\theight=\"90\"\n\t\t\t\t\tstyle=\"max-width:100%;\"\n\t\t\t\t\/>\n\t\t\t<\/a>\n\t\t<\/div>\n\t\t\t\t\t\t\t<\/div>\n\t\t\t\n\t\t\n\t\t\t\t<div id=\"ngg-image-4\" class=\"ngg-gallery-thumbnail-box\"\n\t\t\t\t\t\t\t\t\t\t\t>\n\t\t\t\t\t\t<div class=\"ngg-gallery-thumbnail\">\n\t\t\t<a href=\"https:\/\/acve23.com\/site\/wp-content\/gallery\/panhard-24bt\/WP_20150303_002.jpg\"\n\t\t\t\ttitle=\"\"\n\t\t\t\tdata-src=\"https:\/\/acve23.com\/site\/wp-content\/gallery\/panhard-24bt\/WP_20150303_002.jpg\"\n\t\t\t\tdata-thumbnail=\"https:\/\/acve23.com\/site\/wp-content\/gallery\/panhard-24bt\/thumbs\/thumbs_WP_20150303_002.jpg\"\n\t\t\t\tdata-image-id=\"59\"\n\t\t\t\tdata-title=\"WP_20150303_002.jpg\"\n\t\t\t\tdata-description=\"\"\n\t\t\t\tdata-image-slug=\"wp_20150303_002-jpg\"\n\t\t\t\tclass=\"ngg-fancybox\" rel=\"7994278e5ffb86c8b9b0d41e4b621886\">\n\t\t\t\t<img\n\t\t\t\t\ttitle=\"WP_20150303_002.jpg\"\n\t\t\t\t\talt=\"WP_20150303_002.jpg\"\n\t\t\t\t\tsrc=\"https:\/\/acve23.com\/site\/wp-content\/gallery\/panhard-24bt\/thumbs\/thumbs_WP_20150303_002.jpg\"\n\t\t\t\t\twidth=\"120\"\n\t\t\t\t\theight=\"90\"\n\t\t\t\t\tstyle=\"max-width:100%;\"\n\t\t\t\t\/>\n\t\t\t<\/a>\n\t\t<\/div>\n\t\t\t\t\t\t\t<\/div>\n\t\t\t\n\t\t\n\t\t\t\t<div id=\"ngg-image-5\" class=\"ngg-gallery-thumbnail-box\"\n\t\t\t\t\t\t\t\t\t\t\t>\n\t\t\t\t\t\t<div class=\"ngg-gallery-thumbnail\">\n\t\t\t<a href=\"https:\/\/acve23.com\/site\/wp-content\/gallery\/panhard-24bt\/WP_20150303_006.jpg\"\n\t\t\t\ttitle=\"\"\n\t\t\t\tdata-src=\"https:\/\/acve23.com\/site\/wp-content\/gallery\/panhard-24bt\/WP_20150303_006.jpg\"\n\t\t\t\tdata-thumbnail=\"https:\/\/acve23.com\/site\/wp-content\/gallery\/panhard-24bt\/thumbs\/thumbs_WP_20150303_006.jpg\"\n\t\t\t\tdata-image-id=\"60\"\n\t\t\t\tdata-title=\"WP_20150303_006.jpg\"\n\t\t\t\tdata-description=\"\"\n\t\t\t\tdata-image-slug=\"wp_20150303_006-jpg\"\n\t\t\t\tclass=\"ngg-fancybox\" rel=\"7994278e5ffb86c8b9b0d41e4b621886\">\n\t\t\t\t<img\n\t\t\t\t\ttitle=\"WP_20150303_006.jpg\"\n\t\t\t\t\talt=\"WP_20150303_006.jpg\"\n\t\t\t\t\tsrc=\"https:\/\/acve23.com\/site\/wp-content\/gallery\/panhard-24bt\/thumbs\/thumbs_WP_20150303_006.jpg\"\n\t\t\t\t\twidth=\"120\"\n\t\t\t\t\theight=\"90\"\n\t\t\t\t\tstyle=\"max-width:100%;\"\n\t\t\t\t\/>\n\t\t\t<\/a>\n\t\t<\/div>\n\t\t\t\t\t\t\t<\/div>\n\t\t\t\n\t\t\n\t\t\n\t\t<!-- Pagination -->\n\t\t<div class='ngg-clear'><\/div>\t<\/div>\n<\/p>\n<\/div>\n<div class=\"su-tabs-pane su-u-clearfix su-u-trim\" data-title=\"Caract\u00e9ristiques\">\n<p>Les caract\u00e9ristiques de cette voiture ne nous ont pas encore \u00e9t\u00e9 communiqu\u00e9s.<\/p>\n<\/div>\n<div class=\"su-tabs-pane su-u-clearfix su-u-trim\" data-title=\"Histoire\">\n<p>La <i>Panhard 24<\/i> est la derni\u00e8re voiture cr\u00e9\u00e9e par la soci\u00e9t\u00e9 Panhard et Levassor. Cette firme fut la premi\u00e8re au monde \u00e0 se lancer dans la construction en s\u00e9rie d\u2019automobiles en 1890. Apr\u00e8s la Seconde Guerre mondiale, Panhard obtient de l&rsquo;\u00c9tat fran\u00e7ais la possibilit\u00e9 de produire une voiture en aluminium (pour cr\u00e9er un d\u00e9bouch\u00e9 \u00e0 ce mat\u00e9riau), ce sera la Dyna X suivie de la Dyna Z. Vers 1957, l\u2019aluminium c\u00e8dera la place \u00e0 l\u2019acier sur les Dyna Z puis sur les PL 17 leurs h\u00e9riti\u00e8res.<\/p>\n<p>La branche automobile de Panhard se trouvait en difficult\u00e9 financi\u00e8re \u00e0 cause d\u2019une gestion trop frileuse et paternaliste. Un rapprochement avec Citro\u00ebn amorc\u00e9 en 1955 scellera le destin de la marque. Citro\u00ebn a des moyens colossaux mais articule sa production de berlines sur deux mod\u00e8les diam\u00e9tralement oppos\u00e9s, la 2CV et la DS\/ID. Panhard n\u2019a qu\u2019un mod\u00e8le la Dyna Z, mod\u00e8le de milieu de gamme typ\u00e9e sportive dot\u00e9e d\u2019un bicylindre \u00e0 plat refroidi par air de <span class=\"nowrap\">848\u00a0cm<sup>3<\/sup><\/span> faisant une quarantaine de chevaux. Les deux gammes se compl\u00e8tent parfaitement, et la Dyna Z vient \u00e0 point nomm\u00e9 concurrencer l&rsquo;Aronde de Simca comme la 403 de Peugeot. L&rsquo;avenir semble souriant pour Panhard.<\/p>\n<\/div><\/div><\/div>\n<div class=\"su-divider su-divider-style-double\" style=\"margin:15px 0;border-width:7px;border-color:#999999\"><a href=\"#\" style=\"color:#999999\">Aller en haut<\/a><\/div>\n<h2><img loading=\"lazy\" decoding=\"async\" class=\"alignleft wp-image-1271 size-thumbnail\" style=\"border: 5px solid #fffffe;\" src=\"https:\/\/acve23.com\/site\/wp-content\/uploads\/2015\/08\/PANHARD-DOMINIQUE-150x150.jpg\" alt=\"\" width=\"150\" height=\"150\" \/><span class=\"su-highlight\" style=\"background:#fdfd32;color:#000000\">&nbsp;PANHARD 24 BT&nbsp;<\/span><\/h2>\n<h5>Propri\u00e9taire :\u00a0Mireille et Dominique<\/h5>\n<h4>Ann\u00e9e : N.C<\/h4>\n<div class=\"su-tabs su-tabs-style-default su-tabs-mobile-stack\" data-active=\"1\" data-scroll-offset=\"0\" data-anchor-in-url=\"no\"><div class=\"su-tabs-nav\"><span class=\"\" data-url=\"\" data-target=\"blank\" tabindex=\"0\" role=\"button\">Photos<\/span><span class=\"\" data-url=\"\" data-target=\"blank\" tabindex=\"0\" role=\"button\">Caract\u00e9ristiques<\/span><span class=\"\" data-url=\"\" data-target=\"blank\" tabindex=\"0\" role=\"button\">Histoire<\/span><\/div><div class=\"su-tabs-panes\"><div class=\"su-tabs-pane su-u-clearfix su-u-trim\" data-title=\"Photos\">\n<p>\n<div class=\"ngg-galleryoverview\" id=\"ngg-gallery-f05bd639b08be3b4a009400a0db4e8c2-990\">\n\n\t\t\t<!-- Slideshow link -->\n\t<div class=\"slideshowlink\">\n\t\t<a class=\"slideshowlink\" href=\"https:\/\/acve23.com\/site\/panhard\/nggallery\/slideshow\">\n\t\t\t[Montrer sous forme de diaporama]\t\t<\/a>\n\t<\/div>\n\n\t<!-- Thumbnails -->\n\t\t\t\t\n\t<div id=\"ngg-image-92\" class=\"ngg-gallery-thumbnail-box\"  >\n\t\t<div class=\"ngg-gallery-thumbnail\" >\n\t\t\t<a href=\"https:\/\/acve23.com\/site\/wp-content\/gallery\/panhard-24-bt-dom\/DSC_0121.JPG\"\n\t\t\t\ttitle=\" \"\n\t\t\t\tclass=\"ngg-fancybox\" rel=\"f05bd639b08be3b4a009400a0db4e8c2\" data-image-id=\"92\" data-src=\"https:\/\/acve23.com\/site\/wp-content\/gallery\/panhard-24-bt-dom\/DSC_0121.JPG\" data-thumbnail=\"https:\/\/acve23.com\/site\/wp-content\/gallery\/panhard-24-bt-dom\/thumbs\/thumbs_DSC_0121.JPG\" data-title=\"DSC_0121\" data-description=\" \" >\n\t\t\t\t\t\t\t\t<img title=\"DSC_0121\" alt=\"DSC_0121\" src=\"https:\/\/acve23.com\/site\/wp-content\/gallery\/panhard-24-bt-dom\/thumbs\/thumbs_DSC_0121.JPG\" width='120' height='90' \/>\n\t\t\t\t\t\t\t<\/a>\n\t\t<\/div>\n\t<\/div>\n\n\t\t\t\t\t\t\t\t\t\n\t\n\t<div id=\"ngg-image-93\" class=\"ngg-gallery-thumbnail-box\"  >\n\t\t<div class=\"ngg-gallery-thumbnail\" >\n\t\t\t<a href=\"https:\/\/acve23.com\/site\/wp-content\/gallery\/panhard-24-bt-dom\/DSC_0123.JPG\"\n\t\t\t\ttitle=\" \"\n\t\t\t\tclass=\"ngg-fancybox\" rel=\"f05bd639b08be3b4a009400a0db4e8c2\" data-image-id=\"93\" data-src=\"https:\/\/acve23.com\/site\/wp-content\/gallery\/panhard-24-bt-dom\/DSC_0123.JPG\" data-thumbnail=\"https:\/\/acve23.com\/site\/wp-content\/gallery\/panhard-24-bt-dom\/thumbs\/thumbs_DSC_0123.JPG\" data-title=\"DSC_0123\" data-description=\" \" >\n\t\t\t\t\t\t\t\t<img title=\"DSC_0123\" alt=\"DSC_0123\" src=\"https:\/\/acve23.com\/site\/wp-content\/gallery\/panhard-24-bt-dom\/thumbs\/thumbs_DSC_0123.JPG\" width='120' height='90' \/>\n\t\t\t\t\t\t\t<\/a>\n\t\t<\/div>\n\t<\/div>\n\n\t\t\t\t\t\t\t\t\t\n\t\n\t<!-- Pagination -->\n\t\t<div class='ngg-clear'><\/div>\n<\/div>\n\n\t<\/p>\n<\/div>\n<div class=\"su-tabs-pane su-u-clearfix su-u-trim\" data-title=\"Caract\u00e9ristiques\">\n<p>Les caract\u00e9ristiques de cette voiture ne nous ont pas encore \u00e9t\u00e9 communiqu\u00e9s.<\/p>\n<\/div>\n<div class=\"su-tabs-pane su-u-clearfix su-u-trim\" data-title=\"Histoire\">\n<\/div><\/div><\/div>\n<div class=\"su-divider su-divider-style-double\" style=\"margin:15px 0;border-width:7px;border-color:#999999\"><a href=\"#\" style=\"color:#999999\">Aller en haut<\/a><\/div>\n<h2><img loading=\"lazy\" decoding=\"async\" class=\"alignleft wp-image-1519 size-thumbnail\" style=\"border: 5px solid #fffffe;\" src=\"https:\/\/acve23.com\/site\/wp-content\/uploads\/2015\/09\/DSC_0036-150x150.jpg\" alt=\"\" width=\"150\" height=\"150\" \/><span class=\"su-highlight\" style=\"background:#fdfd32;color:#000000\">&nbsp;PANHARD 24 CT&nbsp;<\/span><\/h2>\n<h5>Propri\u00e9taire :\u00a0Roland et Fran\u00e7oise<\/h5>\n<h4>Ann\u00e9e :\u00a01964<\/h4>\n<div class=\"su-tabs su-tabs-style-default su-tabs-mobile-stack\" data-active=\"1\" data-scroll-offset=\"0\" data-anchor-in-url=\"no\"><div class=\"su-tabs-nav\"><span class=\"\" data-url=\"\" data-target=\"blank\" tabindex=\"0\" role=\"button\">Photos<\/span><span class=\"\" data-url=\"\" data-target=\"blank\" tabindex=\"0\" role=\"button\">Caract\u00e9ristiques<\/span><span class=\"\" data-url=\"\" data-target=\"blank\" tabindex=\"0\" role=\"button\">Histoire<\/span><\/div><div class=\"su-tabs-panes\"><div class=\"su-tabs-pane su-u-clearfix su-u-trim\" data-title=\"Photos\">\n<p>\n<div class=\"ngg-galleryoverview\" id=\"ngg-gallery-b94644cf66b91a578553e7fd622698d0-990\">\n\n\t\t\t<!-- Slideshow link -->\n\t<div class=\"slideshowlink\">\n\t\t<a class=\"slideshowlink\" href=\"https:\/\/acve23.com\/site\/panhard\/nggallery\/slideshow\">\n\t\t\t[Montrer sous forme de diaporama]\t\t<\/a>\n\t<\/div>\n\n\t<!-- Thumbnails -->\n\t\t\t\t\n\t<div id=\"ngg-image-85\" class=\"ngg-gallery-thumbnail-box\"  >\n\t\t<div class=\"ngg-gallery-thumbnail\" >\n\t\t\t<a href=\"https:\/\/acve23.com\/site\/wp-content\/gallery\/panhard-24-ct-roland\/DSC_0036.jpg\"\n\t\t\t\ttitle=\" \"\n\t\t\t\tclass=\"ngg-fancybox\" rel=\"b94644cf66b91a578553e7fd622698d0\" data-image-id=\"85\" data-src=\"https:\/\/acve23.com\/site\/wp-content\/gallery\/panhard-24-ct-roland\/DSC_0036.jpg\" data-thumbnail=\"https:\/\/acve23.com\/site\/wp-content\/gallery\/panhard-24-ct-roland\/thumbs\/thumbs_DSC_0036.jpg\" data-title=\"DSC_0036\" data-description=\" \" >\n\t\t\t\t\t\t\t\t<img title=\"DSC_0036\" alt=\"DSC_0036\" src=\"https:\/\/acve23.com\/site\/wp-content\/gallery\/panhard-24-ct-roland\/thumbs\/thumbs_DSC_0036.jpg\" width='120' height='90' \/>\n\t\t\t\t\t\t\t<\/a>\n\t\t<\/div>\n\t<\/div>\n\n\t\t\t\t\t\t\t\t\t\n\t\n\t<div id=\"ngg-image-86\" class=\"ngg-gallery-thumbnail-box\"  >\n\t\t<div class=\"ngg-gallery-thumbnail\" >\n\t\t\t<a href=\"https:\/\/acve23.com\/site\/wp-content\/gallery\/panhard-24-ct-roland\/DSC_0104.JPG\"\n\t\t\t\ttitle=\" \"\n\t\t\t\tclass=\"ngg-fancybox\" rel=\"b94644cf66b91a578553e7fd622698d0\" data-image-id=\"86\" data-src=\"https:\/\/acve23.com\/site\/wp-content\/gallery\/panhard-24-ct-roland\/DSC_0104.JPG\" data-thumbnail=\"https:\/\/acve23.com\/site\/wp-content\/gallery\/panhard-24-ct-roland\/thumbs\/thumbs_DSC_0104.JPG\" data-title=\"DSC_0104\" data-description=\" \" >\n\t\t\t\t\t\t\t\t<img title=\"DSC_0104\" alt=\"DSC_0104\" src=\"https:\/\/acve23.com\/site\/wp-content\/gallery\/panhard-24-ct-roland\/thumbs\/thumbs_DSC_0104.JPG\" width='120' height='90' \/>\n\t\t\t\t\t\t\t<\/a>\n\t\t<\/div>\n\t<\/div>\n\n\t\t\t\t\t\t\t\t\t\n\t\n\t<div id=\"ngg-image-87\" class=\"ngg-gallery-thumbnail-box\"  >\n\t\t<div class=\"ngg-gallery-thumbnail\" >\n\t\t\t<a href=\"https:\/\/acve23.com\/site\/wp-content\/gallery\/panhard-24-ct-roland\/DSC_0106.jpg\"\n\t\t\t\ttitle=\" \"\n\t\t\t\tclass=\"ngg-fancybox\" rel=\"b94644cf66b91a578553e7fd622698d0\" data-image-id=\"87\" data-src=\"https:\/\/acve23.com\/site\/wp-content\/gallery\/panhard-24-ct-roland\/DSC_0106.jpg\" data-thumbnail=\"https:\/\/acve23.com\/site\/wp-content\/gallery\/panhard-24-ct-roland\/thumbs\/thumbs_DSC_0106.jpg\" data-title=\"DSC_0106\" data-description=\" \" >\n\t\t\t\t\t\t\t\t<img title=\"DSC_0106\" alt=\"DSC_0106\" src=\"https:\/\/acve23.com\/site\/wp-content\/gallery\/panhard-24-ct-roland\/thumbs\/thumbs_DSC_0106.jpg\" width='120' height='90' \/>\n\t\t\t\t\t\t\t<\/a>\n\t\t<\/div>\n\t<\/div>\n\n\t\t\t\t\t\t\t\t\t\n\t\n\t<!-- Pagination -->\n\t\t<div class='ngg-clear'><\/div>\n<\/div>\n\n\t<\/p>\n<\/div>\n<div class=\"su-tabs-pane su-u-clearfix su-u-trim\" data-title=\"Caract\u00e9ristiques\">\n<ul>\n<li>Type :\u00a024 CT<\/li>\n<li>Puissance fiscale : 5 cv<\/li>\n<li>Vitesse maximale : 150 km\/h.<\/li>\n<\/ul>\n<\/div>\n<div class=\"su-tabs-pane su-u-clearfix su-u-trim\" data-title=\"Histoire\">\n<p>Au lancement, les ch\u00e2ssis courts coup\u00e9 2+2 C et CT sont respectivement qualifi\u00e9s de coach 4 places et coup\u00e9 2+2.<\/p>\n<ul>\n<li>La C est plut\u00f4t typ\u00e9e bourgeoise avec une sellerie en velours de nylon, elle sera abandonn\u00e9e apr\u00e8s 1964.<\/li>\n<li>La CT est plus sportive avec un tableau de bord plus complet (compte-tours) et une sellerie en vinyle. Elle poss\u00e8de un moteur plus puissant<\/li>\n<\/ul>\n<\/div><\/div><\/div>\n<p style=\"text-align: center;\"><a href=\"https:\/\/acve23.com\/site\/les-marques\/\" class=\"su-button su-button-style-flat\" style=\"color:#FFFFFF;background-color:#2D89EF;border-color:#246ec0;border-radius:5px\" target=\"_self\"><span style=\"color:#FFFFFF;padding:6px 16px;font-size:13px;line-height:20px;border-color:#6cadf4;border-radius:5px;text-shadow:none\"><img decoding=\"async\" src=\"https:\/\/acve23.com\/site\/wp-content\/uploads\/2015\/09\/car124.png\" alt=\"RETOUR AUX MARQUES\" style=\"width:20px;height:20px\" \/> RETOUR AUX MARQUES<\/span><\/a>\n<p style=\"text-align: center;\">\n","protected":false},"excerpt":{"rendered":"<p>Propri\u00e9taire :\u00a0Anne et Philippe Ann\u00e9e :\u00a01965 Propri\u00e9taire :\u00a0Mireille et Dominique Ann\u00e9e : N.C Propri\u00e9taire :\u00a0Roland et Fran\u00e7oise Ann\u00e9e :\u00a01964<\/p>\n","protected":false},"author":1,"featured_media":0,"parent":0,"menu_order":0,"comment_status":"closed","ping_status":"closed","template":"page-templates\/page_front-page.php","meta":{"ngg_post_thumbnail":0,"footnotes":""},"class_list":["post-990","page","type-page","status-publish","hentry",""],"_links":{"self":[{"href":"https:\/\/acve23.com\/site\/wp-json\/wp\/v2\/pages\/990","targetHints":{"allow":["GET"]}}],"collection":[{"href":"https:\/\/acve23.com\/site\/wp-json\/wp\/v2\/pages"}],"about":[{"href":"https:\/\/acve23.com\/site\/wp-json\/wp\/v2\/types\/page"}],"author":[{"embeddable":true,"href":"https:\/\/acve23.com\/site\/wp-json\/wp\/v2\/users\/1"}],"replies":[{"embeddable":true,"href":"https:\/\/acve23.com\/site\/wp-json\/wp\/v2\/comments?post=990"}],"version-history":[{"count":11,"href":"https:\/\/acve23.com\/site\/wp-json\/wp\/v2\/pages\/990\/revisions"}],"predecessor-version":[{"id":1807,"href":"https:\/\/acve23.com\/site\/wp-json\/wp\/v2\/pages\/990\/revisions\/1807"}],"wp:attachment":[{"href":"https:\/\/acve23.com\/site\/wp-json\/wp\/v2\/media?parent=990"}],"curies":[{"name":"wp","href":"https:\/\/api.w.org\/{rel}","templated":true}]}}