{"id":987,"date":"2015-08-21T07:00:46","date_gmt":"2015-08-21T07:00:46","guid":{"rendered":"http:\/\/acve23.com\/site\/?page_id=987"},"modified":"2019-05-20T10:12:43","modified_gmt":"2019-05-20T10:12:43","slug":"morgan-motors","status":"publish","type":"page","link":"https:\/\/acve23.com\/site\/morgan-motors\/","title":{"rendered":"MORGAN MOTORS"},"content":{"rendered":"<h4 style=\"text-align: left;\"><div class=\"su-box su-box-style-default\" id=\"\" style=\"border-color:#000000;border-radius:3px;\"><div class=\"su-box-title\" style=\"background-color:#333333;color:#FFFFFF;border-top-left-radius:1px;border-top-right-radius:1px\">NOS VOITURES DE LA MARQUE<\/div><div class=\"su-box-content su-u-clearfix su-u-trim\" style=\"border-bottom-left-radius:1px;border-bottom-right-radius:1px\">\n<img loading=\"lazy\" decoding=\"async\" class=\"aligncenter wp-image-934\" src=\"https:\/\/acve23.com\/site\/wp-content\/uploads\/2015\/08\/morgan-logo-100_250.jpg\" alt=\"\" width=\"474\" height=\"220\" srcset=\"https:\/\/acve23.com\/site\/wp-content\/uploads\/2015\/08\/morgan-logo-100_250.jpg 250w, https:\/\/acve23.com\/site\/wp-content\/uploads\/2015\/08\/morgan-logo-100_250-230x107.jpg 230w\" sizes=\"auto, (max-width: 474px) 100vw, 474px\" \/><br \/>\n<\/div><\/div><\/h4>\n<div class=\"su-divider su-divider-style-double\" style=\"margin:15px 0;border-width:7px;border-color:#999999\"><a href=\"#\" style=\"color:#999999\">Aller en haut<\/a><\/div>\n<h2><img loading=\"lazy\" decoding=\"async\" class=\"alignleft size-thumbnail wp-image-706\" style=\"border: 5px solid #fffffe;\" src=\"https:\/\/acve23.com\/site\/wp-content\/uploads\/2015\/08\/IMG_9549-150x150.jpg\" alt=\"IMG_9549\" width=\"150\" height=\"150\"><span class=\"su-highlight\" style=\"background:#fdfd32;color:#000000\">&nbsp;MORGAN TOURER&nbsp;<\/span><\/h2>\n<h5>Propri\u00e9taire :&nbsp;Ian et Sally<\/h5>\n<h4>Ann\u00e9e : N.C<\/h4>\n<div class=\"su-tabs su-tabs-style-default su-tabs-mobile-stack\" data-active=\"1\" data-scroll-offset=\"0\" data-anchor-in-url=\"no\"><div class=\"su-tabs-nav\"><span class=\"\" data-url=\"\" data-target=\"blank\" tabindex=\"0\" role=\"button\">Photos<\/span><span class=\"\" data-url=\"\" data-target=\"blank\" tabindex=\"0\" role=\"button\">Caract\u00e9ristiques<\/span><span class=\"\" data-url=\"\" data-target=\"blank\" tabindex=\"0\" role=\"button\">Histoire<\/span><\/div><div class=\"su-tabs-panes\"><div class=\"su-tabs-pane su-u-clearfix su-u-trim\" data-title=\"Photos\">\nngg_shortcode_0_placeholder<\/div>\n<div class=\"su-tabs-pane su-u-clearfix su-u-trim\" data-title=\"Caract\u00e9ristiques\">\n<p>Les caract\u00e9ristiques de cette voiture ne nous ont pas encore \u00e9t\u00e9 communiqu\u00e9s.<\/p>\n<\/div>\n<div class=\"su-tabs-pane su-u-clearfix su-u-trim\" data-title=\"Histoire\">\n<p style=\"text-align: justify;\"><b>Morgan Motor Company<\/b> est un constructeur automobile britannique sp\u00e9cialis\u00e9 dans la production de voitures sportives, dont le style \u00e9voque encore aujourd&rsquo;hui pour beaucoup les ann\u00e9es 1940 et 1950. Il se caract\u00e9rise par son aspect tr\u00e8s familial&nbsp;: la soci\u00e9t\u00e9 \u00e9tait dirig\u00e9e par un fils du fondateur jusqu&rsquo;en 2003, date de sa mort. En outre, Morgan n&rsquo;utilise pas de cha\u00eene de montage. Une large partie de la fabrication se fait encore \u00e0 la main. Depuis 1936, les voitures sont construites selon le m\u00eame proc\u00e9d\u00e9, alors courant dans la construction automobile. Sur un ch\u00e2ssis en acier, compos\u00e9 de deux poutres longitudinales et de plusieurs traverses, est attach\u00e9 un b\u00e2ti en fr\u00eane, lui-m\u00eame recouvert de la carrosserie. Ce sont les derni\u00e8res voitures \u00e0 \u00eatre toujours construites selon ce sch\u00e9ma. En d\u00e9pit de cette m\u00e9thode ancienne, les Morgan r\u00e9pondent aux normes de \u00ab&nbsp;<i>crash test<\/i>&nbsp;\u00bb.<\/p>\n<\/div><\/div><\/div>\n<div class=\"su-divider su-divider-style-double\" style=\"margin:15px 0;border-width:7px;border-color:#999999\"><a href=\"#\" style=\"color:#999999\">Aller en haut<\/a><\/div>\n<h2><img loading=\"lazy\" decoding=\"async\" class=\"alignleft wp-image-2686 size-thumbnail\" style=\"border: 5px solid #fffffe;\" src=\"https:\/\/acve23.com\/site\/wp-content\/uploads\/2019\/05\/20180918_184425-150x150.jpg\" alt=\"\" width=\"150\" height=\"150\"><span class=\"su-highlight\" style=\"background:#fdfd32;color:#000000\">&nbsp;MORGAN&nbsp;<\/span><\/h2>\n<h5>Propri\u00e9taire : Christiane et Fernand<\/h5>\n<h4>Ann\u00e9e : N.C<\/h4>\n<div class=\"su-tabs su-tabs-style-default su-tabs-mobile-stack\" data-active=\"1\" data-scroll-offset=\"0\" data-anchor-in-url=\"no\"><div class=\"su-tabs-nav\"><span class=\"\" data-url=\"\" data-target=\"blank\" tabindex=\"0\" role=\"button\">Photos<\/span><span class=\"\" data-url=\"\" data-target=\"blank\" tabindex=\"0\" role=\"button\">Caract\u00e9ristiques<\/span><span class=\"\" data-url=\"\" data-target=\"blank\" tabindex=\"0\" role=\"button\">Histoire<\/span><\/div><div class=\"su-tabs-panes\"><div class=\"su-tabs-pane su-u-clearfix su-u-trim\" data-title=\"Photos\">\nngg_shortcode_1_placeholder<\/div>\n<div class=\"su-tabs-pane su-u-clearfix su-u-trim\" data-title=\"Caract\u00e9ristiques\">\n<p>Les caract\u00e9ristiques de cette voiture ne nous ont pas encore \u00e9t\u00e9 communiqu\u00e9s.<\/p>\n<\/div>\n<div class=\"su-tabs-pane su-u-clearfix su-u-trim\" data-title=\"Histoire\">\n<p style=\"text-align: justify;\"><b>Morgan Motor Company<\/b> est un constructeur automobile britannique sp\u00e9cialis\u00e9 dans la production de voitures sportives, dont le style \u00e9voque encore aujourd&rsquo;hui pour beaucoup les ann\u00e9es 1940 et 1950. Il se caract\u00e9rise par son aspect tr\u00e8s familial&nbsp;: la soci\u00e9t\u00e9 \u00e9tait dirig\u00e9e par un fils du fondateur jusqu&rsquo;en 2003, date de sa mort. En outre, Morgan n&rsquo;utilise pas de cha\u00eene de montage. Une large partie de la fabrication se fait encore \u00e0 la main. Depuis 1936, les voitures sont construites selon le m\u00eame proc\u00e9d\u00e9, alors courant dans la construction automobile. Sur un ch\u00e2ssis en acier, compos\u00e9 de deux poutres longitudinales et de plusieurs traverses, est attach\u00e9 un b\u00e2ti en fr\u00eane, lui-m\u00eame recouvert de la carrosserie. Ce sont les derni\u00e8res voitures \u00e0 \u00eatre toujours construites selon ce sch\u00e9ma. En d\u00e9pit de cette m\u00e9thode ancienne, les Morgan r\u00e9pondent aux normes de \u00ab&nbsp;<i>crash test<\/i>&nbsp;\u00bb.<\/p>\n<\/div><\/div><\/div>\n<p style=\"text-align: center;\"><a href=\"https:\/\/acve23.com\/site\/les-marques\/\" class=\"su-button su-button-style-flat\" style=\"color:#FFFFFF;background-color:#2D89EF;border-color:#246ec0;border-radius:5px\" target=\"_self\"><span style=\"color:#FFFFFF;padding:6px 16px;font-size:13px;line-height:20px;border-color:#6cadf4;border-radius:5px;text-shadow:none\"><img decoding=\"async\" src=\"https:\/\/acve23.com\/site\/wp-content\/uploads\/2015\/09\/car124.png\" alt=\"RETOUR AUX MARQUES\" style=\"width:20px;height:20px\" \/> RETOUR AUX MARQUES<\/span><\/a>\n<p style=\"text-align: center;\">&nbsp;<\/p>\n","protected":false},"excerpt":{"rendered":"<p>Propri\u00e9taire :&nbsp;Ian et Sally Ann\u00e9e : N.C Propri\u00e9taire : Christiane et Fernand Ann\u00e9e : N.C &nbsp;<\/p>\n","protected":false},"author":1,"featured_media":0,"parent":0,"menu_order":0,"comment_status":"closed","ping_status":"closed","template":"page-templates\/page_front-page.php","meta":{"ngg_post_thumbnail":0,"footnotes":""},"class_list":["post-987","page","type-page","status-publish","hentry",""],"_links":{"self":[{"href":"https:\/\/acve23.com\/site\/wp-json\/wp\/v2\/pages\/987","targetHints":{"allow":["GET"]}}],"collection":[{"href":"https:\/\/acve23.com\/site\/wp-json\/wp\/v2\/pages"}],"about":[{"href":"https:\/\/acve23.com\/site\/wp-json\/wp\/v2\/types\/page"}],"author":[{"embeddable":true,"href":"https:\/\/acve23.com\/site\/wp-json\/wp\/v2\/users\/1"}],"replies":[{"embeddable":true,"href":"https:\/\/acve23.com\/site\/wp-json\/wp\/v2\/comments?post=987"}],"version-history":[{"count":7,"href":"https:\/\/acve23.com\/site\/wp-json\/wp\/v2\/pages\/987\/revisions"}],"predecessor-version":[{"id":2693,"href":"https:\/\/acve23.com\/site\/wp-json\/wp\/v2\/pages\/987\/revisions\/2693"}],"wp:attachment":[{"href":"https:\/\/acve23.com\/site\/wp-json\/wp\/v2\/media?parent=987"}],"curies":[{"name":"wp","href":"https:\/\/api.w.org\/{rel}","templated":true}]}}