{"id":978,"date":"2015-08-21T06:50:32","date_gmt":"2015-08-21T06:50:32","guid":{"rendered":"http:\/\/acve23.com\/site\/?page_id=978"},"modified":"2015-09-30T08:54:12","modified_gmt":"2015-09-30T08:54:12","slug":"jeep","status":"publish","type":"page","link":"https:\/\/acve23.com\/site\/jeep\/","title":{"rendered":"JEEP"},"content":{"rendered":"<h4 style=\"text-align: left;\"><div class=\"su-box su-box-style-default\" id=\"\" style=\"border-color:#000000;border-radius:3px;\"><div class=\"su-box-title\" style=\"background-color:#333333;color:#FFFFFF;border-top-left-radius:1px;border-top-right-radius:1px\">NOS VOITURES DE LA MARQUE<\/div><div class=\"su-box-content su-u-clearfix su-u-trim\" style=\"border-bottom-left-radius:1px;border-bottom-right-radius:1px\">\n<img loading=\"lazy\" decoding=\"async\" class=\"aligncenter wp-image-899\" src=\"https:\/\/acve23.com\/site\/wp-content\/uploads\/2015\/08\/jeep-logo-170660-300x233.jpg\" alt=\"\" width=\"283\" height=\"220\" srcset=\"https:\/\/acve23.com\/site\/wp-content\/uploads\/2015\/08\/jeep-logo-170660-300x233.jpg 300w, https:\/\/acve23.com\/site\/wp-content\/uploads\/2015\/08\/jeep-logo-170660.jpg 1024w, https:\/\/acve23.com\/site\/wp-content\/uploads\/2015\/08\/jeep-logo-170660-830x645.jpg 830w, https:\/\/acve23.com\/site\/wp-content\/uploads\/2015\/08\/jeep-logo-170660-550x428.jpg 550w, https:\/\/acve23.com\/site\/wp-content\/uploads\/2015\/08\/jeep-logo-170660-230x179.jpg 230w\" sizes=\"auto, (max-width: 283px) 100vw, 283px\" \/><br \/>\n<\/div><\/div><\/h4>\n<div class=\"su-divider su-divider-style-double\" style=\"margin:15px 0;border-width:7px;border-color:#999999\"><a href=\"#\" style=\"color:#999999\">Aller en haut<\/a><\/div>\n<h2><img loading=\"lazy\" decoding=\"async\" style=\"border:5px solid #fffffe;\"img class=\"alignleft size-thumbnail wp-image-698\" src=\"https:\/\/acve23.com\/site\/wp-content\/uploads\/2015\/08\/DSC_0684-150x150.jpg\" alt=\"DSC_0684\" width=\"150\" height=\"150\" \/><span class=\"su-highlight\" style=\"background:#fdfd32;color:#000000\">&nbsp;JEEP&nbsp;<\/span><\/h2>\n<h5>Propri\u00e9taire :\u00a0Ian et Sally<\/h5>\n<h4>Ann\u00e9e : N.C<\/h4>\n<div class=\"su-tabs su-tabs-style-default su-tabs-mobile-stack\" data-active=\"1\" data-scroll-offset=\"0\" data-anchor-in-url=\"no\"><div class=\"su-tabs-nav\"><span class=\"\" data-url=\"\" data-target=\"blank\" tabindex=\"0\" role=\"button\">Photos<\/span><span class=\"\" data-url=\"\" data-target=\"blank\" tabindex=\"0\" role=\"button\">Caract\u00e9ristiques<\/span><span class=\"\" data-url=\"\" data-target=\"blank\" tabindex=\"0\" role=\"button\">Histoire<\/span><\/div><div class=\"su-tabs-panes\"><div class=\"su-tabs-pane su-u-clearfix su-u-trim\" data-title=\"Photos\">\n<p>\n<div class=\"ngg-galleryoverview\" id=\"ngg-gallery-f83a0fc25e4cbacfb89c76071ee1c344-978\">\n\n\t\t\t<!-- Slideshow link -->\n\t<div class=\"slideshowlink\">\n\t\t<a class=\"slideshowlink\" href=\"https:\/\/acve23.com\/site\/jeep\/nggallery\/slideshow\">\n\t\t\t[Montrer sous forme de diaporama]\t\t<\/a>\n\t<\/div>\n\n\t<!-- Thumbnails -->\n\t\t\t\t\n\t<div id=\"ngg-image-53\" class=\"ngg-gallery-thumbnail-box\"  >\n\t\t<div class=\"ngg-gallery-thumbnail\" >\n\t\t\t<a href=\"https:\/\/acve23.com\/site\/wp-content\/gallery\/jeep-ian\/DSC_0684.jpg\"\n\t\t\t\ttitle=\" \"\n\t\t\t\tclass=\"ngg-fancybox\" rel=\"f83a0fc25e4cbacfb89c76071ee1c344\" data-image-id=\"53\" data-src=\"https:\/\/acve23.com\/site\/wp-content\/gallery\/jeep-ian\/DSC_0684.jpg\" data-thumbnail=\"https:\/\/acve23.com\/site\/wp-content\/gallery\/jeep-ian\/thumbs\/thumbs_DSC_0684.jpg\" data-title=\"DSC_0684.jpg\" data-description=\" \" >\n\t\t\t\t\t\t\t\t<img title=\"DSC_0684.jpg\" alt=\"DSC_0684.jpg\" src=\"https:\/\/acve23.com\/site\/wp-content\/gallery\/jeep-ian\/thumbs\/thumbs_DSC_0684.jpg\" width='120' height='90' \/>\n\t\t\t\t\t\t\t<\/a>\n\t\t<\/div>\n\t<\/div>\n\n\t\t\t\t\t\t\t\t\t\n\t\n\t<div id=\"ngg-image-54\" class=\"ngg-gallery-thumbnail-box\"  >\n\t\t<div class=\"ngg-gallery-thumbnail\" >\n\t\t\t<a href=\"https:\/\/acve23.com\/site\/wp-content\/gallery\/jeep-ian\/DSC_0686.jpg\"\n\t\t\t\ttitle=\" \"\n\t\t\t\tclass=\"ngg-fancybox\" rel=\"f83a0fc25e4cbacfb89c76071ee1c344\" data-image-id=\"54\" data-src=\"https:\/\/acve23.com\/site\/wp-content\/gallery\/jeep-ian\/DSC_0686.jpg\" data-thumbnail=\"https:\/\/acve23.com\/site\/wp-content\/gallery\/jeep-ian\/thumbs\/thumbs_DSC_0686.jpg\" data-title=\"DSC_0686.jpg\" data-description=\" \" >\n\t\t\t\t\t\t\t\t<img title=\"DSC_0686.jpg\" alt=\"DSC_0686.jpg\" src=\"https:\/\/acve23.com\/site\/wp-content\/gallery\/jeep-ian\/thumbs\/thumbs_DSC_0686.jpg\" width='120' height='90' \/>\n\t\t\t\t\t\t\t<\/a>\n\t\t<\/div>\n\t<\/div>\n\n\t\t\t\t\t\t\t\t\t\n\t\n\t<!-- Pagination -->\n\t\t<div class='ngg-clear'><\/div>\n<\/div>\n\n\t<\/p>\n<\/div>\n<div class=\"su-tabs-pane su-u-clearfix su-u-trim\" data-title=\"Caract\u00e9ristiques\">\n<p>Les caract\u00e9ristiques de cette voiture ne nous ont pas encore \u00e9t\u00e9 communiqu\u00e9s.<\/p>\n<\/div>\n<div class=\"su-tabs-pane su-u-clearfix su-u-trim\" data-title=\"Histoire\">\n<h4 style=\"text-align: center;\"><span style=\"text-decoration: underline;\"><strong>L&rsquo;origine de la marque JEEP<\/strong><\/span><\/h4>\n<p style=\"text-align: justify;\">Plusieurs explications sont avanc\u00e9es quant \u00e0 l&rsquo;origine du nom \u00ab\u00a0Jeep\u00a0\u00bb, qui se prononce \u00ab\u00a0<i>djip<\/i>\u00a0\u00bb en anglais.<\/p>\n<p style=\"text-align: justify;\">Il est traditionnellement admis que ce nom fait r\u00e9f\u00e9rence au projet initial propos\u00e9 par Bantam\u00a0<span class=\"indicateur-langue\" title=\"\u00c9quivalent de l\u2019article \u00ab American Bantam \u00bb dans une autre langue\">(en)<\/span> puis finalement d\u00e9velopp\u00e9 par la Ford Motor Company sous le nom de code de \u00ab\u00a0Ford GP-W\u00a0\u00bb. \u00ab\u00a0GP\u00a0\u00bb signifierait soit \u00ab\u00a0<i>General Purpose<\/i>\u00a0\u00bb (\u00ab\u00a0usage g\u00e9n\u00e9ral\u00a0\u00bb, ou \u00ab\u00a0voiture \u00e0 tout faire\u00a0\u00bb), soit \u00ab\u00a0<i>Government Purposes<\/i>\u00a0\u00bb (\u00ab\u00a0usage gouvernemental\u00a0\u00bb). Le mot \u00ab\u00a0jeep\u00a0\u00bb pourrait donc venir de cet acronyme \u00ab\u00a0GP\u00a0\u00bb, prononc\u00e9 en anglais \u00ab\u00a0<i>dji pi<\/i>\u00a0\u00bb. On retrouve cette origine de nom dans le film de propagande \u00ab\u00a0<i>Autobiography of a Jeep<\/i>\u00a0\u00bb des studios United Films en 1943. Cette \u00e9tymologie, que l&rsquo;on retrouve dans tous les dictionnaires fran\u00e7ais, est pourtant controvers\u00e9e, R. Lee Ermey, dans sa s\u00e9rie t\u00e9l\u00e9vis\u00e9e <i>Mail Call<\/i>, pr\u00e9cise que le v\u00e9hicule a \u00e9t\u00e9 con\u00e7u pour des usages tr\u00e8s particuliers, et non g\u00e9n\u00e9raux <i>(General Purpose)<\/i>, et que par ailleurs, les GI conducteurs du v\u00e9hicule, \u00e0 l&rsquo;origine du surnom, n&rsquo;avaient sans doute pas eu connaissance de cette d\u00e9nomination officielle de GP-W donn\u00e9e dans les bureaux d&rsquo;\u00e9tude. Ermey et d&rsquo;autres avancent que le nom de jeep provient d&rsquo;une bande dessin\u00e9e des ann\u00e9es 1930,Popeye d&rsquo;E.C. Segar, o\u00f9 appara\u00eet en mars 1936 un animal imaginaire du nom d&rsquo;<i>Eugene the jeep<\/i> (appel\u00e9 Pilou-Pilou en fran\u00e7ais). \u00ab\u00a0Jeep\u00a0\u00bb est alors une onomatop\u00e9e habituellement utilis\u00e9e par les dessinateurs pour imiter le cri d&rsquo;un oisillon. Habile et poss\u00e9dant des facult\u00e9s extraordinaires, ce petit animal de la jungle est capable de se sortir de situations difficiles. Ce surnom de \u00ab\u00a0jeep\u00a0\u00bb serait alors attribu\u00e9 au v\u00e9hicule en raison de ses caract\u00e9ristiques exceptionnelles.<\/p>\n<p style=\"text-align: justify;\">Par ailleurs, le major E.P. Hogan, qui \u00e9crivit d\u00e8s mars 1941 sur la Jeep pour la revue militaire <i>Quartermaster Review<\/i>, indique que le mot \u00ab\u00a0jeep\u00a0\u00bb d\u00e9signait d\u00e9j\u00e0 pour les m\u00e9canos, lors de la Premi\u00e8re Guerre mondiale, tout nouvel engin motoris\u00e9 re\u00e7u pour \u00e9valuation. Aussi, dans les ann\u00e9es 1930 et au tout d\u00e9but des ann\u00e9es 1940, on rencontre plusieurs fois ce mot \u00ab\u00a0jeep\u00a0\u00bb, notamment dans la presse. Il peut alors d\u00e9signer une personne inexp\u00e9riment\u00e9e, voire idiote, une recrue ou un novice, un gadget technologique<span style=\"font-size: 13.3333330154419px; line-height: 20px;\">\u00a0<\/span>ou un v\u00e9hicule militaire.<\/p>\n<p style=\"text-align: justify;\">L&rsquo;acronyme \u00ab\u00a0<i>Just Enough Essential Parts<\/i>\u00a0\u00bb (\u00ab\u00a0juste assez de pi\u00e8ces essentielles\u00a0\u00bb) est une autre explication possible. La premi\u00e8re s\u00e9rie de ces v\u00e9hicules a \u00e9t\u00e9 con\u00e7ue pour \u00eatre la plus simple et la moins ch\u00e8re possible\u00a0: la voiture \u00e9tait minimaliste, sans aucun confort, et b\u00e2tie pour une courte dur\u00e9e de service. Toutefois, ce r\u00e9troacronyme a tout aussi bien pu \u00eatre donn\u00e9 \u00e0 l&rsquo;usage, par les GI, apr\u00e8s les premi\u00e8res apparitions sur le terrain d&rsquo;un v\u00e9hicule d\u00e9j\u00e0 appel\u00e9 \u00ab\u00a0jeep\u00a0\u00bb.<\/p>\n<p style=\"text-align: justify;\"><\/div><\/div><\/div>\n<p style=\"text-align: center;\"><a href=\"https:\/\/acve23.com\/site\/les-marques\/\" class=\"su-button su-button-style-flat\" style=\"color:#FFFFFF;background-color:#2D89EF;border-color:#246ec0;border-radius:5px\" target=\"_self\"><span style=\"color:#FFFFFF;padding:6px 16px;font-size:13px;line-height:20px;border-color:#6cadf4;border-radius:5px;text-shadow:none\"><img decoding=\"async\" src=\"https:\/\/acve23.com\/site\/wp-content\/uploads\/2015\/09\/car124.png\" alt=\"RETOUR AUX MARQUES\" style=\"width:20px;height:20px\" \/> RETOUR AUX MARQUES<\/span><\/a>\n<p style=\"text-align: center;\">\n","protected":false},"excerpt":{"rendered":"<p>Propri\u00e9taire :\u00a0Ian et Sally Ann\u00e9e : N.C<\/p>\n","protected":false},"author":1,"featured_media":0,"parent":0,"menu_order":0,"comment_status":"closed","ping_status":"closed","template":"page-templates\/page_front-page.php","meta":{"ngg_post_thumbnail":0,"footnotes":""},"class_list":["post-978","page","type-page","status-publish","hentry",""],"_links":{"self":[{"href":"https:\/\/acve23.com\/site\/wp-json\/wp\/v2\/pages\/978","targetHints":{"allow":["GET"]}}],"collection":[{"href":"https:\/\/acve23.com\/site\/wp-json\/wp\/v2\/pages"}],"about":[{"href":"https:\/\/acve23.com\/site\/wp-json\/wp\/v2\/types\/page"}],"author":[{"embeddable":true,"href":"https:\/\/acve23.com\/site\/wp-json\/wp\/v2\/users\/1"}],"replies":[{"embeddable":true,"href":"https:\/\/acve23.com\/site\/wp-json\/wp\/v2\/comments?post=978"}],"version-history":[{"count":7,"href":"https:\/\/acve23.com\/site\/wp-json\/wp\/v2\/pages\/978\/revisions"}],"predecessor-version":[{"id":1800,"href":"https:\/\/acve23.com\/site\/wp-json\/wp\/v2\/pages\/978\/revisions\/1800"}],"wp:attachment":[{"href":"https:\/\/acve23.com\/site\/wp-json\/wp\/v2\/media?parent=978"}],"curies":[{"name":"wp","href":"https:\/\/api.w.org\/{rel}","templated":true}]}}