{"id":822,"date":"2015-08-21T04:06:27","date_gmt":"2015-08-21T04:06:27","guid":{"rendered":"http:\/\/acve23.com\/site\/?page_id=822"},"modified":"2015-09-30T08:51:59","modified_gmt":"2015-09-30T08:51:59","slug":"austin-healey-3","status":"publish","type":"page","link":"https:\/\/acve23.com\/site\/austin-healey-3\/","title":{"rendered":"AUSTIN HEALEY"},"content":{"rendered":"<h4 style=\"text-align: left;\"><div class=\"su-box su-box-style-default\" id=\"\" style=\"border-color:#000000;border-radius:3px;\"><div class=\"su-box-title\" style=\"background-color:#333333;color:#FFFFFF;border-top-left-radius:1px;border-top-right-radius:1px\">NOS VOITURES DE LA MARQUE<\/div><div class=\"su-box-content su-u-clearfix su-u-trim\" style=\"border-bottom-left-radius:1px;border-bottom-right-radius:1px\">\n<img loading=\"lazy\" decoding=\"async\" class=\"aligncenter wp-image-674 size-full\" src=\"https:\/\/acve23.com\/site\/wp-content\/uploads\/2015\/08\/AUSTIN.jpg\" alt=\"\" width=\"255\" height=\"220\" srcset=\"https:\/\/acve23.com\/site\/wp-content\/uploads\/2015\/08\/AUSTIN.jpg 255w, https:\/\/acve23.com\/site\/wp-content\/uploads\/2015\/08\/AUSTIN-230x198.jpg 230w\" sizes=\"auto, (max-width: 255px) 100vw, 255px\" \/><br \/>\n<\/div><\/div><\/h4>\n<div class=\"su-divider su-divider-style-double\" style=\"margin:15px 0;border-width:7px;border-color:#999999\"><a href=\"#\" style=\"color:#999999\">Aller en haut<\/a><\/div>\n<p>&nbsp;<\/p>\n<h2><a href=\"https:\/\/acve23.com\/site\/wp-content\/uploads\/2015\/08\/Austin-Healey.jpg\"><img loading=\"lazy\" decoding=\"async\" style=\"border:5px solid #fffffe;\"img class=\"size-thumbnail wp-image-617 alignleft\" src=\"https:\/\/acve23.com\/site\/wp-content\/uploads\/2015\/08\/Austin-Healey-150x150.jpg\" alt=\"Austin Healey\" width=\"150\" height=\"150\" \/><\/a><span class=\"su-highlight\" style=\"background:#fdfd32;color:#000000\">&nbsp;AUSTIN HEALEY SPRITE MK III&nbsp;<\/span><\/h2>\n<h5>Propri\u00e9taire : Christine et Philippe<\/h5>\n<h4>Ann\u00e9e :\u00a01964<\/h4>\n<div class=\"su-tabs su-tabs-style-default su-tabs-mobile-stack\" data-active=\"1\" data-scroll-offset=\"0\" data-anchor-in-url=\"no\"><div class=\"su-tabs-nav\"><span class=\"\" data-url=\"\" data-target=\"blank\" tabindex=\"0\" role=\"button\">Photos<\/span><span class=\"\" data-url=\"\" data-target=\"blank\" tabindex=\"0\" role=\"button\">Caract\u00e9ristiques<\/span><span class=\"\" data-url=\"\" data-target=\"blank\" tabindex=\"0\" role=\"button\">Histoire<\/span><\/div><div class=\"su-tabs-panes\"><div class=\"su-tabs-pane su-u-clearfix su-u-trim\" data-title=\"Photos\">\n<p>\n<div class=\"ngg-galleryoverview\" id=\"ngg-gallery-bfe6dadc1fbff079a2cdb192336ec35f-822\">\n\n\t\t\t<!-- Slideshow link -->\n\t<div class=\"slideshowlink\">\n\t\t<a class=\"slideshowlink\" href=\"https:\/\/acve23.com\/site\/austin-healey-3\/nggallery\/slideshow\">\n\t\t\t[Montrer sous forme de diaporama]\t\t<\/a>\n\t<\/div>\n\n\t<!-- Thumbnails -->\n\t\t\t\t\n\t<div id=\"ngg-image-1\" class=\"ngg-gallery-thumbnail-box\"  >\n\t\t<div class=\"ngg-gallery-thumbnail\" >\n\t\t\t<a href=\"https:\/\/acve23.com\/site\/wp-content\/gallery\/austin-healey-sprite-mkiii\/Austin-Healey.jpg\"\n\t\t\t\ttitle=\" \"\n\t\t\t\tclass=\"ngg-fancybox\" rel=\"bfe6dadc1fbff079a2cdb192336ec35f\" data-image-id=\"1\" data-src=\"https:\/\/acve23.com\/site\/wp-content\/gallery\/austin-healey-sprite-mkiii\/Austin-Healey.jpg\" data-thumbnail=\"https:\/\/acve23.com\/site\/wp-content\/gallery\/austin-healey-sprite-mkiii\/thumbs\/thumbs_Austin-Healey.jpg\" data-title=\"Austin Healey\" data-description=\" \" >\n\t\t\t\t\t\t\t\t<img title=\"Austin Healey\" alt=\"Austin Healey\" src=\"https:\/\/acve23.com\/site\/wp-content\/gallery\/austin-healey-sprite-mkiii\/thumbs\/thumbs_Austin-Healey.jpg\" width='120' height='90' \/>\n\t\t\t\t\t\t\t<\/a>\n\t\t<\/div>\n\t<\/div>\n\n\t\t\t\t\t\t\t\t\t\n\t\n\t<div id=\"ngg-image-2\" class=\"ngg-gallery-thumbnail-box\"  >\n\t\t<div class=\"ngg-gallery-thumbnail\" >\n\t\t\t<a href=\"https:\/\/acve23.com\/site\/wp-content\/gallery\/austin-healey-sprite-mkiii\/Austin-Healey2.jpg\"\n\t\t\t\ttitle=\" \"\n\t\t\t\tclass=\"ngg-fancybox\" rel=\"bfe6dadc1fbff079a2cdb192336ec35f\" data-image-id=\"2\" data-src=\"https:\/\/acve23.com\/site\/wp-content\/gallery\/austin-healey-sprite-mkiii\/Austin-Healey2.jpg\" data-thumbnail=\"https:\/\/acve23.com\/site\/wp-content\/gallery\/austin-healey-sprite-mkiii\/thumbs\/thumbs_Austin-Healey2.jpg\" data-title=\"Austin Healey2\" data-description=\" \" >\n\t\t\t\t\t\t\t\t<img title=\"Austin Healey2\" alt=\"Austin Healey2\" src=\"https:\/\/acve23.com\/site\/wp-content\/gallery\/austin-healey-sprite-mkiii\/thumbs\/thumbs_Austin-Healey2.jpg\" width='120' height='90' \/>\n\t\t\t\t\t\t\t<\/a>\n\t\t<\/div>\n\t<\/div>\n\n\t\t\t\t\t\t\t\t\t\n\t\n\t<!-- Pagination -->\n\t\t<div class='ngg-clear'><\/div>\n<\/div>\n\n\t<\/p>\n<\/div>\n<div class=\"su-tabs-pane su-u-clearfix su-u-trim\" data-title=\"Caract\u00e9ristiques\">\n<p>Les caract\u00e9ristiques de cette voiture ne nous ont pas encore \u00e9t\u00e9 communiqu\u00e9s.<\/p>\n<\/div>\n<div class=\"su-tabs-pane su-u-clearfix su-u-trim\" data-title=\"Histoire\">\n<p style=\"text-align: justify;\">L\u2019<b>Austin-Healey Sprite<\/b> est un Roadster britannique \u00e0 deux places dessin\u00e9 par le pilote et ing\u00e9nieur Donald Healey, et produite par la filiale Austin de la British Motor Corporation. Pr\u00e9vue pour \u00eatre vendue \u00e0 bas prix, elle est \u00e9quip\u00e9e du moteur des populaires Austin A35 et Morris Minor, am\u00e9lior\u00e9 par l&rsquo;utilisation de deux carburateurs SU.<\/p>\n<p style=\"text-align: justify;\">La premi\u00e8re version, appel\u00e9e Sprite Mk 1, sera produite \u00e0 48\u00a0987 exemplaires de 1958 \u00e0 1961\u00a0; elle sera suivie par les versions Mk 2, Mk 3 et Mk 4, qui seront identiques aux MG Midget Mk 1, Mk 2 et Mk 3\u00a0; la voiture ayant \u00e9t\u00e9 con\u00e7ue en commun par les ing\u00e9nieurs de MG et d&rsquo;Austin-Healey, toutes deux filiales de British Motor Corporation. Cette identit\u00e9 de deux voitures ayant des noms diff\u00e9rents conduira \u00e0 leur attribuer le surnom commun de \u00abSpridget\u00bb, contraction de \u00abSprite\u00bb et \u00abMidget\u00bb.<\/p>\n<p style=\"text-align: justify;\">La derni\u00e8re version de la Midget, la Midget 1500, \u00e9quip\u00e9e du moteur de la Triumph Spitfire 1500, n&rsquo;aura pas de Sprite \u00e9quivalente.<\/p>\n<p><span style=\"line-height: 1.5;\"><\/div><\/div><\/div>\n<div class=\"su-divider su-divider-style-double\" style=\"margin:15px 0;border-width:7px;border-color:#999999\"><a href=\"#\" style=\"color:#999999\">Aller en haut<\/a><\/div>\n<h2><a href=\"https:\/\/acve23.com\/site\/wp-content\/uploads\/2015\/08\/voiture-001.jpg\"><img loading=\"lazy\" decoding=\"async\" style=\"border:5px solid #fffffe;\"img class=\"size-thumbnail wp-image-627 alignleft\" src=\"https:\/\/acve23.com\/site\/wp-content\/uploads\/2015\/08\/voiture-001-150x150.jpg\" alt=\"voiture 001\" width=\"150\" height=\"150\" \/><\/a><span class=\"su-highlight\" style=\"background:#fdfd32;color:#000000\">&nbsp;AUSTIN HEALEY BJ8 3000\u00a0MK III&nbsp;<\/span><\/h2>\n<h5>Propri\u00e9taire :\u00a0Pierre<\/h5>\n<h4>Ann\u00e9e :\u00a01966<\/h4>\n<div class=\"su-tabs su-tabs-style-default su-tabs-mobile-stack\" data-active=\"1\" data-scroll-offset=\"0\" data-anchor-in-url=\"no\"><div class=\"su-tabs-nav\"><span class=\"\" data-url=\"\" data-target=\"blank\" tabindex=\"0\" role=\"button\">Photos<\/span><span class=\"\" data-url=\"\" data-target=\"blank\" tabindex=\"0\" role=\"button\">Caract\u00e9ristiques<\/span><span class=\"\" data-url=\"\" data-target=\"blank\" tabindex=\"0\" role=\"button\">Histoire<\/span><\/div><div class=\"su-tabs-panes\"><div class=\"su-tabs-pane su-u-clearfix su-u-trim\" data-title=\"Photos\">\n<p>\n<div class=\"ngg-galleryoverview\" id=\"ngg-gallery-2eb056553a25f954362aadb4a7b77109-822\">\n\n\t\t\t<!-- Slideshow link -->\n\t<div class=\"slideshowlink\">\n\t\t<a class=\"slideshowlink\" href=\"https:\/\/acve23.com\/site\/austin-healey-3\/nggallery\/slideshow\">\n\t\t\t[Montrer sous forme de diaporama]\t\t<\/a>\n\t<\/div>\n\n\t<!-- Thumbnails -->\n\t\t\t\t\n\t<div id=\"ngg-image-33\" class=\"ngg-gallery-thumbnail-box\"  >\n\t\t<div class=\"ngg-gallery-thumbnail\" >\n\t\t\t<a href=\"https:\/\/acve23.com\/site\/wp-content\/gallery\/austin-paris-pierre\/voiture-001.jpg\"\n\t\t\t\ttitle=\" \"\n\t\t\t\tclass=\"ngg-fancybox\" rel=\"2eb056553a25f954362aadb4a7b77109\" data-image-id=\"33\" data-src=\"https:\/\/acve23.com\/site\/wp-content\/gallery\/austin-paris-pierre\/voiture-001.jpg\" data-thumbnail=\"https:\/\/acve23.com\/site\/wp-content\/gallery\/austin-paris-pierre\/thumbs\/thumbs_voiture-001.jpg\" data-title=\"voiture 001.jpg\" data-description=\" \" >\n\t\t\t\t\t\t\t\t<img title=\"voiture 001.jpg\" alt=\"voiture 001.jpg\" src=\"https:\/\/acve23.com\/site\/wp-content\/gallery\/austin-paris-pierre\/thumbs\/thumbs_voiture-001.jpg\" width='120' height='90' \/>\n\t\t\t\t\t\t\t<\/a>\n\t\t<\/div>\n\t<\/div>\n\n\t\t\t\t\t\t\t\t\t\n\t\n\t<!-- Pagination -->\n\t\t<div class='ngg-clear'><\/div>\n<\/div>\n\n\t<\/p>\n<\/div>\n<div class=\"su-tabs-pane su-u-clearfix su-u-trim\" data-title=\"Caract\u00e9ristiques\">\n<p>Les caract\u00e9ristiques de cette voiture ne nous ont pas encore \u00e9t\u00e9 communiqu\u00e9s.<\/p>\n<\/div>\n<div class=\"su-tabs-pane su-u-clearfix su-u-trim\" data-title=\"Histoire\">\n<p style=\"text-align: justify;\">L&rsquo;<b>Austin-Healey 3000<\/b> est une voiture de sport construite entre 1959 et 1967 par la soci\u00e9t\u00e9 Jensen Motors pour la marque Austin-Healey. Elle est connue des sp\u00e9cialistes sous le surnom de \u00ab\u00a0<i>Big<\/i>\u00a0\u00bb, en r\u00e9f\u00e9rence \u00e0 son gros moteur de 3 litres de cylindr\u00e9e<\/p>\n<p style=\"text-align: justify;\">Elle a obtenu de nombreux succ\u00e8s sportifs en rallyes \u00e0 l&rsquo;\u00e9poque, particuli\u00e8rement dans les Alpes et fut pilot\u00e9e par les plus grands pilotes\u00a0: Carroll Shelby, Donald Morley, Vic Elford, Pat Moss, Paddy Hopkirk, Timo M\u00e4kinen, Rauno Aaltonen&#8230; De nos jours, elle est toujours utilis\u00e9e en course par les enthousiastes de la marque.<\/p>\n<p style=\"text-align: justify;\">3000 Mark III a \u00e9t\u00e9 lanc\u00e9 en Octobre 1963, et est rest\u00e9 en production jusqu&rsquo;\u00e0 la fin de 1967, lorsque la production d&rsquo;Austin Healey a cess\u00e9. (Une voiture suppl\u00e9mentaire a \u00e9t\u00e9 construite en Mars 1968.) Class\u00e9e BJ8, le nouveau mod\u00e8le \u00e9tait le plus puissant et luxueux des grands Healey avec un moteur de 148<sup id=\"cite_ref-2\" class=\"reference\"><a href=\"https:\/\/fr.wikipedia.org\/wiki\/Austin-Healey_3000#cite_note-2\">2<\/a><\/sup> chevaux (112 kW). Les am\u00e9liorations apport\u00e9es au moteur fourni un nouvel arbre \u00e0 cames, des ressorts de soupapes et double carburateurs SU HD8. Un nouveau design du syst\u00e8me d&rsquo;\u00e9chappement. Servo-freins assist\u00e9s sont d\u00e9sormais \u00e9quip\u00e9s en standard. Seules les versions 2+2 si\u00e8ges ont \u00e9t\u00e9 faites. Les si\u00e8ges en cuir sont ajout\u00e9s \u00e0 la liste des options.<\/p>\n<p><span style=\"line-height: 1.5;\"><\/div><\/div><\/div>\n<p style=\"text-align: center;\"><a href=\"https:\/\/acve23.com\/site\/les-marques\/\" class=\"su-button su-button-style-flat\" style=\"color:#FFFFFF;background-color:#2D89EF;border-color:#246ec0;border-radius:5px\" target=\"_self\"><span style=\"color:#FFFFFF;padding:6px 16px;font-size:13px;line-height:20px;border-color:#6cadf4;border-radius:5px;text-shadow:none\"><img decoding=\"async\" src=\"https:\/\/acve23.com\/site\/wp-content\/uploads\/2015\/09\/car124.png\" alt=\"RETOUR AUX MARQUES\" style=\"width:20px;height:20px\" \/> RETOUR AUX MARQUES<\/span><\/a>\n<p style=\"text-align: center;\">\n","protected":false},"excerpt":{"rendered":"<p>&nbsp; Propri\u00e9taire : Christine et Philippe Ann\u00e9e :\u00a01964 Propri\u00e9taire :\u00a0Pierre Ann\u00e9e :\u00a01966<\/p>\n","protected":false},"author":1,"featured_media":0,"parent":0,"menu_order":0,"comment_status":"closed","ping_status":"closed","template":"page-templates\/page_front-page.php","meta":{"ngg_post_thumbnail":0,"footnotes":""},"class_list":["post-822","page","type-page","status-publish","hentry",""],"_links":{"self":[{"href":"https:\/\/acve23.com\/site\/wp-json\/wp\/v2\/pages\/822","targetHints":{"allow":["GET"]}}],"collection":[{"href":"https:\/\/acve23.com\/site\/wp-json\/wp\/v2\/pages"}],"about":[{"href":"https:\/\/acve23.com\/site\/wp-json\/wp\/v2\/types\/page"}],"author":[{"embeddable":true,"href":"https:\/\/acve23.com\/site\/wp-json\/wp\/v2\/users\/1"}],"replies":[{"embeddable":true,"href":"https:\/\/acve23.com\/site\/wp-json\/wp\/v2\/comments?post=822"}],"version-history":[{"count":12,"href":"https:\/\/acve23.com\/site\/wp-json\/wp\/v2\/pages\/822\/revisions"}],"predecessor-version":[{"id":1797,"href":"https:\/\/acve23.com\/site\/wp-json\/wp\/v2\/pages\/822\/revisions\/1797"}],"wp:attachment":[{"href":"https:\/\/acve23.com\/site\/wp-json\/wp\/v2\/media?parent=822"}],"curies":[{"name":"wp","href":"https:\/\/api.w.org\/{rel}","templated":true}]}}