{"id":3128,"date":"2021-01-11T06:17:16","date_gmt":"2021-01-11T06:17:16","guid":{"rendered":"http:\/\/acve23.com\/site\/?page_id=3128"},"modified":"2021-01-11T07:23:32","modified_gmt":"2021-01-11T07:23:32","slug":"sorties-2017","status":"publish","type":"page","link":"https:\/\/acve23.com\/site\/sorties-2017\/","title":{"rendered":"SORTIES 2017"},"content":{"rendered":"<p><img loading=\"lazy\" decoding=\"async\" class=\"aligncenter wp-image-2796 size-full\" src=\"https:\/\/acve23.com\/site\/wp-content\/uploads\/2021\/01\/BANDEAU-ANNEE-2017.png\" alt=\"\" width=\"1108\" height=\"200\" srcset=\"https:\/\/acve23.com\/site\/wp-content\/uploads\/2021\/01\/BANDEAU-ANNEE-2017.png 1108w, https:\/\/acve23.com\/site\/wp-content\/uploads\/2021\/01\/BANDEAU-ANNEE-2017-300x54.png 300w, https:\/\/acve23.com\/site\/wp-content\/uploads\/2021\/01\/BANDEAU-ANNEE-2017-1024x185.png 1024w, https:\/\/acve23.com\/site\/wp-content\/uploads\/2021\/01\/BANDEAU-ANNEE-2017-768x139.png 768w\" sizes=\"auto, (max-width: 1108px) 100vw, 1108px\" \/><\/p>\n<h3 style=\"text-align: center;\"><span class=\"su-highlight\" style=\"background:#ffffff;color:#e81a1a\">&nbsp;N&rsquo;h\u00e9sitez pas \u00e0 nous contacter pour nous proposer vos manifestations !&nbsp;<\/span><\/h3>\n<p style=\"text-align: left;\"><div class=\"su-divider su-divider-style-double\" style=\"margin:15px 0;border-width:7px;border-color:#999999\"><a href=\"#\" style=\"color:#999999\">Aller en haut<\/a><\/div>\n<div class=\"su-box su-box-style-default\" id=\"\" style=\"border-color:#000000;border-radius:3px;\"><div class=\"su-box-title\" style=\"background-color:#333333;color:#FFFFFF;border-top-left-radius:1px;border-top-right-radius:1px\">22 JANVIER 2017 - ASSEMBL\u00c9E G\u00c9N\u00c9RALE<\/div><div class=\"su-box-content su-u-clearfix su-u-trim\" style=\"border-bottom-left-radius:1px;border-bottom-right-radius:1px\">\n<p><strong><img loading=\"lazy\" decoding=\"async\" class=\"alignleft wp-image-2959\" src=\"https:\/\/acve23.com\/site\/wp-content\/uploads\/2021\/01\/assemblee-generale-300x156.jpg\" alt=\"\" width=\"385\" height=\"200\" srcset=\"https:\/\/acve23.com\/site\/wp-content\/uploads\/2021\/01\/assemblee-generale-300x156.jpg 300w, https:\/\/acve23.com\/site\/wp-content\/uploads\/2021\/01\/assemblee-generale-768x399.jpg 768w, https:\/\/acve23.com\/site\/wp-content\/uploads\/2021\/01\/assemblee-generale.jpg 780w\" sizes=\"auto, (max-width: 385px) 100vw, 385px\" \/><\/strong><\/p>\n<p style=\"text-align: center;\"><strong>MAISON DES ASSOCIATIONS &#8211; CHENERAILLES<\/strong><\/p>\n<p>Rapport d&rsquo;activit\u00e9 et financier 2016<\/p>\n<p>Bilan pr\u00e9visionnel et calendrier des sorties 2017<\/p>\n<p>Questions diverses <\/div><\/div>\n<div class=\"su-box su-box-style-default\" id=\"\" style=\"border-color:#000000;border-radius:3px;\"><div class=\"su-box-title\" style=\"background-color:#333333;color:#FFFFFF;border-top-left-radius:1px;border-top-right-radius:1px\">25 F\u00c9VRIER 2017 - REPAS ANNUEL<\/div><div class=\"su-box-content su-u-clearfix su-u-trim\" style=\"border-bottom-left-radius:1px;border-bottom-right-radius:1px\">\n<p><strong><img loading=\"lazy\" decoding=\"async\" class=\"wp-image-1657 alignright\" src=\"https:\/\/acve23.com\/site\/wp-content\/uploads\/2015\/09\/Fotolia_4727411_repas-300x195.jpg\" alt=\"\" width=\"308\" height=\"200\" srcset=\"https:\/\/acve23.com\/site\/wp-content\/uploads\/2015\/09\/Fotolia_4727411_repas-300x195.jpg 300w, https:\/\/acve23.com\/site\/wp-content\/uploads\/2015\/09\/Fotolia_4727411_repas-230x149.jpg 230w, https:\/\/acve23.com\/site\/wp-content\/uploads\/2015\/09\/Fotolia_4727411_repas-350x227.jpg 350w, https:\/\/acve23.com\/site\/wp-content\/uploads\/2015\/09\/Fotolia_4727411_repas.jpg 430w\" sizes=\"auto, (max-width: 308px) 100vw, 308px\" \/><\/strong><\/p>\n<p style=\"text-align: center;\"><b>RESTAURANT LE MOULIN NOY\u00c9 &#8211; GLENIC<\/b><\/p>\n<p>Anecdotes, plaisanteries sont au rendez-vous de cette soir\u00e9e, accompagn\u00e9es de mets plus exquis les uns que les autres, concoct\u00e9s par des chefs de notre d\u00e9partement.<\/div><\/div>\n<div class=\"su-box su-box-style-default\" id=\"\" style=\"border-color:#000000;border-radius:3px;\"><div class=\"su-box-title\" style=\"background-color:#333333;color:#FFFFFF;border-top-left-radius:1px;border-top-right-radius:1px\">18 MARS 2017 - SOIR\u00c9E TH\u00c9\u00c2TRE<\/div><div class=\"su-box-content su-u-clearfix su-u-trim\" style=\"border-bottom-left-radius:1px;border-bottom-right-radius:1px\">\n<p><strong><img loading=\"lazy\" decoding=\"async\" class=\"alignleft wp-image-3143\" src=\"https:\/\/acve23.com\/site\/wp-content\/uploads\/2021\/01\/20150814234003-76818295-me-300x199.jpg\" alt=\"\" width=\"302\" height=\"200\" srcset=\"https:\/\/acve23.com\/site\/wp-content\/uploads\/2021\/01\/20150814234003-76818295-me-300x199.jpg 300w, https:\/\/acve23.com\/site\/wp-content\/uploads\/2021\/01\/20150814234003-76818295-me-768x509.jpg 768w, https:\/\/acve23.com\/site\/wp-content\/uploads\/2021\/01\/20150814234003-76818295-me.jpg 792w\" sizes=\"auto, (max-width: 302px) 100vw, 302px\" \/><\/strong><\/p>\n<p style=\"text-align: center;\"><strong>AVEC LA TROUPE DE ROUGNAT<\/strong><\/p>\n<p style=\"text-align: center;\">MAISON DE LA CULTURE &#8211; CHENERAILLES<\/p>\n<p>&nbsp;<\/p>\n<\/div><\/div>\n<div class=\"su-box su-box-style-default\" id=\"\" style=\"border-color:#000000;border-radius:3px;\"><div class=\"su-box-title\" style=\"background-color:#333333;color:#FFFFFF;border-top-left-radius:1px;border-top-right-radius:1px\">26 MARS 2017 - SORTIE DE D\u00c9GOMMAGE<\/div><div class=\"su-box-content su-u-clearfix su-u-trim\" style=\"border-bottom-left-radius:1px;border-bottom-right-radius:1px\">\n<p><strong><img loading=\"lazy\" decoding=\"async\" class=\"alignright wp-image-3147 size-medium\" src=\"https:\/\/acve23.com\/site\/wp-content\/uploads\/2021\/01\/mupop-300x200.jpg\" alt=\"\" width=\"300\" height=\"200\" srcset=\"https:\/\/acve23.com\/site\/wp-content\/uploads\/2021\/01\/mupop-300x200.jpg 300w, https:\/\/acve23.com\/site\/wp-content\/uploads\/2021\/01\/mupop.jpg 550w\" sizes=\"auto, (max-width: 300px) 100vw, 300px\" \/><\/strong><\/p>\n<p style=\"text-align: center;\"><b>A LA DECOUVERTE DE MUPOP ET LE DONJON DE LA TOQUE<\/b><\/p>\n<p>Il \u00e9taient temps pour nos belles anciennes de leur faire prendre un bol d&rsquo;air pur sur nos belles routes creusoises, faisant ainsi caresser leur douce carrosserie luisante, fra\u00eechement sortie de leur garage o\u00f9 elles ont pass\u00e9es un hiver complet gentiment prot\u00e9g\u00e9es \u00e0 l&rsquo;abri du froid et du vent.<\/p>\n<p><span style=\"font-size: inherit;\"><\/div><\/div><\/span><\/p>\n<div class=\"su-box su-box-style-default\" id=\"\" style=\"border-color:#000000;border-radius:3px;\"><div class=\"su-box-title\" style=\"background-color:#333333;color:#FFFFFF;border-top-left-radius:1px;border-top-right-radius:1px\">23 AVRIL 2017 - SORTIE DE PRINTEMPS<\/div><div class=\"su-box-content su-u-clearfix su-u-trim\" style=\"border-bottom-left-radius:1px;border-bottom-right-radius:1px\">\n<p><strong><img loading=\"lazy\" decoding=\"async\" class=\"alignleft wp-image-3149\" src=\"https:\/\/acve23.com\/site\/wp-content\/uploads\/2021\/01\/20170502203657-401c14e5-300x169.jpg\" alt=\"\" width=\"356\" height=\"200\" srcset=\"https:\/\/acve23.com\/site\/wp-content\/uploads\/2021\/01\/20170502203657-401c14e5-300x169.jpg 300w, https:\/\/acve23.com\/site\/wp-content\/uploads\/2021\/01\/20170502203657-401c14e5.jpg 480w\" sizes=\"auto, (max-width: 356px) 100vw, 356px\" \/><\/strong><\/p>\n<p style=\"text-align: center;\"><b>A LA CONQU\u00caTE DE VASSIVIERE<\/b><\/p>\n<p>Balade en anciennes autour du Lac de Vassivi\u00e8re<\/p>\n<p>D\u00e9jeuner dans un restaurant au pied du Lac et embarquement sur une navette pour une balade d&rsquo;une heure environ.<\/p>\n<p><span style=\"font-size: inherit;\"><\/div><\/div><\/span><\/p>\n<div class=\"su-box su-box-style-default\" id=\"\" style=\"border-color:#000000;border-radius:3px;\"><div class=\"su-box-title\" style=\"background-color:#333333;color:#FFFFFF;border-top-left-radius:1px;border-top-right-radius:1px\">29 AVRIL 2017 - AMERIC'ARS<\/div><div class=\"su-box-content su-u-clearfix su-u-trim\" style=\"border-bottom-left-radius:1px;border-bottom-right-radius:1px\">\n<p><strong><img loading=\"lazy\" decoding=\"async\" class=\"wp-image-3155 alignright\" src=\"https:\/\/acve23.com\/site\/wp-content\/uploads\/2021\/01\/20150814225514-5f8294ac-me-300x199.jpg\" alt=\"\" width=\"302\" height=\"200\" srcset=\"https:\/\/acve23.com\/site\/wp-content\/uploads\/2021\/01\/20150814225514-5f8294ac-me-300x199.jpg 300w, https:\/\/acve23.com\/site\/wp-content\/uploads\/2021\/01\/20150814225514-5f8294ac-me-768x509.jpg 768w, https:\/\/acve23.com\/site\/wp-content\/uploads\/2021\/01\/20150814225514-5f8294ac-me.jpg 792w\" sizes=\"auto, (max-width: 302px) 100vw, 302px\" \/><\/strong><\/p>\n<p>Exposition de voitures anciennes<\/p>\n<p>Balades autour du village d&rsquo;Ars.<\/p>\n<p>&nbsp;<\/p>\n<p><span style=\"font-size: inherit;\"><\/div><\/div><\/span><\/p>\n<div class=\"su-box su-box-style-default\" id=\"\" style=\"border-color:#000000;border-radius:3px;\"><div class=\"su-box-title\" style=\"background-color:#333333;color:#FFFFFF;border-top-left-radius:1px;border-top-right-radius:1px\">30 AVRIL 2017 - JOURN\u00c9E NATIONALE DES V\u00c9HICULES D'\u00c9POQUE - FFVE<\/div><div class=\"su-box-content su-u-clearfix su-u-trim\" style=\"border-bottom-left-radius:1px;border-bottom-right-radius:1px\">\n<p><strong><img loading=\"lazy\" decoding=\"async\" class=\"wp-image-3151 alignleft\" src=\"https:\/\/acve23.com\/site\/wp-content\/uploads\/2021\/01\/Journee-FFVE-2017-300x300.jpg\" alt=\"\" width=\"200\" height=\"200\" srcset=\"https:\/\/acve23.com\/site\/wp-content\/uploads\/2021\/01\/Journee-FFVE-2017-300x300.jpg 300w, https:\/\/acve23.com\/site\/wp-content\/uploads\/2021\/01\/Journee-FFVE-2017-150x150.jpg 150w, https:\/\/acve23.com\/site\/wp-content\/uploads\/2021\/01\/Journee-FFVE-2017.jpg 417w\" sizes=\"auto, (max-width: 200px) 100vw, 200px\" \/><\/strong><\/p>\n<p>Balade sur les routes creusoises en passant par le Moulin du Breuil, le Moutier d&rsquo;Ahun, Ch\u00e9n\u00e9railles, Etangsannes, l&rsquo;Etang des Landes, la Celle sous Gouzon, la Celle Dunoise.<\/p>\n<p>&nbsp;<\/p>\n<p><span style=\"font-size: inherit;\"><\/div><\/div><\/span><\/p>\n<div class=\"su-box su-box-style-default\" id=\"\" style=\"border-color:#000000;border-radius:3px;\"><div class=\"su-box-title\" style=\"background-color:#333333;color:#FFFFFF;border-top-left-radius:1px;border-top-right-radius:1px\">30 AVRIL 2017 - EXPOSITION DE V\u00c9HICULES ANCIENS<\/div><div class=\"su-box-content su-u-clearfix su-u-trim\" style=\"border-bottom-left-radius:1px;border-bottom-right-radius:1px\">\n<p><strong><img loading=\"lazy\" decoding=\"async\" class=\"wp-image-2914 alignright\" src=\"https:\/\/acve23.com\/site\/wp-content\/uploads\/2021\/01\/20160811170150-d6f59410-me.jpg\" alt=\"\" width=\"300\" height=\"200\" srcset=\"https:\/\/acve23.com\/site\/wp-content\/uploads\/2021\/01\/20160811170150-d6f59410-me.jpg 792w, https:\/\/acve23.com\/site\/wp-content\/uploads\/2021\/01\/20160811170150-d6f59410-me-300x200.jpg 300w, https:\/\/acve23.com\/site\/wp-content\/uploads\/2021\/01\/20160811170150-d6f59410-me-768x512.jpg 768w\" sizes=\"auto, (max-width: 300px) 100vw, 300px\" \/><\/strong><\/p>\n<p style=\"text-align: center;\"><strong>Grande Place de&nbsp; MOURIOUX &#8211; VIEILLEVILLE<\/strong><\/p>\n<p>Exposition de v\u00e9hicules anciens &#8211; D\u00e9fil\u00e9&nbsp;<\/p>\n<p>Vide &#8211; garage toute la journ\u00e9e<\/p>\n<p>D\u00e9fil\u00e9 de voitures anciennes &#8211; Restauration<\/p>\n<p><span style=\"font-size: inherit;\"><\/div><\/div><\/span><\/p>\n<div class=\"su-box su-box-style-default\" id=\"\" style=\"border-color:#000000;border-radius:3px;\"><div class=\"su-box-title\" style=\"background-color:#333333;color:#FFFFFF;border-top-left-radius:1px;border-top-right-radius:1px\">21 MAI 2017 - LA SOUTERRAINE<\/div><div class=\"su-box-content su-u-clearfix su-u-trim\" style=\"border-bottom-left-radius:1px;border-bottom-right-radius:1px\">\n<p><strong><img loading=\"lazy\" decoding=\"async\" class=\"wp-image-3153 alignleft\" src=\"https:\/\/acve23.com\/site\/wp-content\/uploads\/2021\/01\/F09.N.-D._de_La_Souterraine.0130-201x300.jpg\" alt=\"\" width=\"134\" height=\"200\" srcset=\"https:\/\/acve23.com\/site\/wp-content\/uploads\/2021\/01\/F09.N.-D._de_La_Souterraine.0130-201x300.jpg 201w, https:\/\/acve23.com\/site\/wp-content\/uploads\/2021\/01\/F09.N.-D._de_La_Souterraine.0130-685x1024.jpg 685w, https:\/\/acve23.com\/site\/wp-content\/uploads\/2021\/01\/F09.N.-D._de_La_Souterraine.0130-768x1147.jpg 768w, https:\/\/acve23.com\/site\/wp-content\/uploads\/2021\/01\/F09.N.-D._de_La_Souterraine.0130-1028x1536.jpg 1028w, https:\/\/acve23.com\/site\/wp-content\/uploads\/2021\/01\/F09.N.-D._de_La_Souterraine.0130-1371x2048.jpg 1371w, https:\/\/acve23.com\/site\/wp-content\/uploads\/2021\/01\/F09.N.-D._de_La_Souterraine.0130-1170x1748.jpg 1170w, https:\/\/acve23.com\/site\/wp-content\/uploads\/2021\/01\/F09.N.-D._de_La_Souterraine.0130-scaled.jpg 1714w\" sizes=\"auto, (max-width: 134px) 100vw, 134px\" \/><\/strong><\/p>\n<p style=\"text-align: center;\"><b>LE PAYS SOSTRANIEN<\/b><\/p>\n<p>D\u00e9gustation de vins<\/p>\n<p>Visite de la crypte&nbsp; de l&rsquo;\u00e9glise de la Souterraine et des rues m\u00e9di\u00e9vales<\/p>\n<p><span style=\"font-size: inherit;\"><\/div><\/div><\/span><\/p>\n<div class=\"su-box su-box-style-default\" id=\"\" style=\"border-color:#000000;border-radius:3px;\"><div class=\"su-box-title\" style=\"background-color:#333333;color:#FFFFFF;border-top-left-radius:1px;border-top-right-radius:1px\">02 JUILLET 2017 - JOURN\u00c9E D\u00c9TENTE<\/div><div class=\"su-box-content su-u-clearfix su-u-trim\" style=\"border-bottom-left-radius:1px;border-bottom-right-radius:1px\">\n<p><strong><img loading=\"lazy\" decoding=\"async\" class=\"wp-image-1138 alignright\" src=\"https:\/\/acve23.com\/site\/wp-content\/uploads\/2015\/01\/Fotolia_23241493_XS.jpg\" alt=\"\" width=\"300\" height=\"200\" srcset=\"https:\/\/acve23.com\/site\/wp-content\/uploads\/2015\/01\/Fotolia_23241493_XS.jpg 424w, https:\/\/acve23.com\/site\/wp-content\/uploads\/2015\/01\/Fotolia_23241493_XS-300x200.jpg 300w, https:\/\/acve23.com\/site\/wp-content\/uploads\/2015\/01\/Fotolia_23241493_XS-230x154.jpg 230w\" sizes=\"auto, (max-width: 300px) 100vw, 300px\" \/><\/strong><\/p>\n<p style=\"text-align: center;\"><strong>DOIGTS DE PIED EN EVENTAIL chez un adh\u00e9rent&nbsp;<\/strong><\/p>\n<p>&nbsp;<\/p>\n<p>&nbsp;<\/p>\n<p><span style=\"font-size: inherit;\"><\/div><\/div><\/span><\/p>\n<div class=\"su-box su-box-style-default\" id=\"\" style=\"border-color:#000000;border-radius:3px;\"><div class=\"su-box-title\" style=\"background-color:#333333;color:#FFFFFF;border-top-left-radius:1px;border-top-right-radius:1px\">22 ET 23 JUILLET 2017 - 3EME RASSEMBLEMENT DE VEHICULES ANCIENS ET DE PRESTIGE<\/div><div class=\"su-box-content su-u-clearfix su-u-trim\" style=\"border-bottom-left-radius:1px;border-bottom-right-radius:1px\">\n<p><strong><img loading=\"lazy\" decoding=\"async\" class=\"wp-image-3162 size-medium alignleft\" src=\"https:\/\/acve23.com\/site\/wp-content\/uploads\/2021\/01\/20170811182921-e9c26a03-me-300x200.jpg\" alt=\"\" width=\"300\" height=\"200\" srcset=\"https:\/\/acve23.com\/site\/wp-content\/uploads\/2021\/01\/20170811182921-e9c26a03-me-300x200.jpg 300w, https:\/\/acve23.com\/site\/wp-content\/uploads\/2021\/01\/20170811182921-e9c26a03-me-768x512.jpg 768w, https:\/\/acve23.com\/site\/wp-content\/uploads\/2021\/01\/20170811182921-e9c26a03-me.jpg 792w\" sizes=\"auto, (max-width: 300px) 100vw, 300px\" \/><\/strong><\/p>\n<p style=\"text-align: center;\"><b>Deux jours de festivit\u00e9s durant lesquels vous pourrez admirer de belles m\u00e9caniques, replonger dans la nostalgie du pass\u00e9, plonger dans la passion de la m\u00e9canique ou tout simplement admirer des voitures de collection.<\/b><\/p>\n<p><span style=\"font-size: inherit;\"><\/div><\/div><\/span><\/p>\n<div class=\"su-box su-box-style-default\" id=\"\" style=\"border-color:#000000;border-radius:3px;\"><div class=\"su-box-title\" style=\"background-color:#333333;color:#FFFFFF;border-top-left-radius:1px;border-top-right-radius:1px\">05 AO\u00dbT 2017 - SORTIE D\u00c9TENTE<\/div><div class=\"su-box-content su-u-clearfix su-u-trim\" style=\"border-bottom-left-radius:1px;border-bottom-right-radius:1px\">\n<p><strong><img loading=\"lazy\" decoding=\"async\" class=\"alignright wp-image-3165\" src=\"https:\/\/acve23.com\/site\/wp-content\/uploads\/2021\/01\/1200px-France_Summer_2008_044-300x225.jpg\" alt=\"\" width=\"267\" height=\"200\" srcset=\"https:\/\/acve23.com\/site\/wp-content\/uploads\/2021\/01\/1200px-France_Summer_2008_044-300x225.jpg 300w, https:\/\/acve23.com\/site\/wp-content\/uploads\/2021\/01\/1200px-France_Summer_2008_044-1024x768.jpg 1024w, https:\/\/acve23.com\/site\/wp-content\/uploads\/2021\/01\/1200px-France_Summer_2008_044-768x576.jpg 768w, https:\/\/acve23.com\/site\/wp-content\/uploads\/2021\/01\/1200px-France_Summer_2008_044-1170x878.jpg 1170w, https:\/\/acve23.com\/site\/wp-content\/uploads\/2021\/01\/1200px-France_Summer_2008_044.jpg 1200w\" sizes=\"auto, (max-width: 267px) 100vw, 267px\" \/><\/strong><\/p>\n<p style=\"text-align: center;\"><strong>LA CELLE DUNOISE&nbsp;<\/strong><\/p>\n<p>Rassemblement de v\u00e9hicules anciens \u00e0 l&rsquo;occasion de la f\u00eate patronale de la Celle Dunoise organis\u00e9e par le Restaurant la Bergerie.<\/p>\n<p><span style=\"font-size: inherit;\"><\/div><\/div><\/span><\/p>\n<div class=\"su-box su-box-style-default\" id=\"\" style=\"border-color:#000000;border-radius:3px;\"><div class=\"su-box-title\" style=\"background-color:#333333;color:#FFFFFF;border-top-left-radius:1px;border-top-right-radius:1px\">DU 23 AU 27 AO\u00dbT 2017 - VOYAGE DE L'ACVE<\/div><div class=\"su-box-content su-u-clearfix su-u-trim\" style=\"border-bottom-left-radius:1px;border-bottom-right-radius:1px\">\n<p><strong><img loading=\"lazy\" decoding=\"async\" class=\"wp-image-3169 alignleft\" src=\"https:\/\/acve23.com\/site\/wp-content\/uploads\/2021\/01\/20170903190100-6eacfc85-me-300x200.jpg\" alt=\"\" width=\"300\" height=\"200\" srcset=\"https:\/\/acve23.com\/site\/wp-content\/uploads\/2021\/01\/20170903190100-6eacfc85-me-300x200.jpg 300w, https:\/\/acve23.com\/site\/wp-content\/uploads\/2021\/01\/20170903190100-6eacfc85-me-768x512.jpg 768w, https:\/\/acve23.com\/site\/wp-content\/uploads\/2021\/01\/20170903190100-6eacfc85-me.jpg 792w\" sizes=\"auto, (max-width: 300px) 100vw, 300px\" \/><\/strong><\/p>\n<p style=\"text-align: center;\"><b>A LA DECOUVERTE DE L&rsquo;YONNE<\/b><\/p>\n<p>Cette ann\u00e9e n&rsquo;est pas coutume, changement de direction, L&rsquo;ACVE prend la direction de l&rsquo;YONNE pour son traditionnel voyage. Visites, gastronomie, terroir, m\u00e9tiers, d\u00e9couvertes en tous genres seront au progrommes de ces quelques jours. <span style=\"font-size: inherit;\"><\/div><\/div><\/span><\/p>\n<div class=\"su-box su-box-style-default\" id=\"\" style=\"border-color:#000000;border-radius:3px;\"><div class=\"su-box-title\" style=\"background-color:#333333;color:#FFFFFF;border-top-left-radius:1px;border-top-right-radius:1px\">17 SEPTEMBRE 2017 - SORTIE DU PATRIMOINE<\/div><div class=\"su-box-content su-u-clearfix su-u-trim\" style=\"border-bottom-left-radius:1px;border-bottom-right-radius:1px\">\n<p><strong><img loading=\"lazy\" decoding=\"async\" class=\"wp-image-3167 alignright\" src=\"https:\/\/acve23.com\/site\/wp-content\/uploads\/2021\/01\/unnamed-300x155.png\" alt=\"\" width=\"386\" height=\"200\" srcset=\"https:\/\/acve23.com\/site\/wp-content\/uploads\/2021\/01\/unnamed-300x155.png 300w, https:\/\/acve23.com\/site\/wp-content\/uploads\/2021\/01\/unnamed.png 512w\" sizes=\"auto, (max-width: 386px) 100vw, 386px\" \/><\/strong><\/p>\n<p style=\"text-align: center;\"><b style=\"font-size: inherit;\">Visite du patrimoine creusois et balade \u00e0 bord de nos voitures anciennes lors des journ\u00e9es du patrimoine<\/b><\/p>\n<p>&nbsp;<\/p>\n<p><span style=\"font-size: inherit;\"><\/div><\/div><\/span><\/p>\n<div class=\"su-box su-box-style-default\" id=\"\" style=\"border-color:#000000;border-radius:3px;\"><div class=\"su-box-title\" style=\"background-color:#333333;color:#FFFFFF;border-top-left-radius:1px;border-top-right-radius:1px\">28 ET 29 OCTOBRE 2017 - WEEKEND ROMANTIQUE<\/div><div class=\"su-box-content su-u-clearfix su-u-trim\" style=\"border-bottom-left-radius:1px;border-bottom-right-radius:1px\">\n<p><strong><img loading=\"lazy\" decoding=\"async\" class=\"alignleft wp-image-3171 size-medium\" src=\"https:\/\/acve23.com\/site\/wp-content\/uploads\/2021\/01\/20171126193024-5838a7a7-me-300x200.jpg\" alt=\"\" width=\"300\" height=\"200\" srcset=\"https:\/\/acve23.com\/site\/wp-content\/uploads\/2021\/01\/20171126193024-5838a7a7-me-300x200.jpg 300w, https:\/\/acve23.com\/site\/wp-content\/uploads\/2021\/01\/20171126193024-5838a7a7-me-768x512.jpg 768w, https:\/\/acve23.com\/site\/wp-content\/uploads\/2021\/01\/20171126193024-5838a7a7-me.jpg 792w\" sizes=\"auto, (max-width: 300px) 100vw, 300px\" \/><\/strong><\/p>\n<p style=\"text-align: center;\"><b>PARIS ET LE BATEAU MOUCHE<\/b><\/p>\n<p><span style=\"font-size: inherit;\">Visite de la capitale et du ch\u00e2teau de Versailles<\/span><\/p>\n<p><span style=\"font-size: inherit;\">Balade en bateau mouche<\/span><\/p>\n<p><span style=\"font-size: inherit;\"><\/div><\/div><\/span><\/p>\n<div class=\"su-box su-box-style-default\" id=\"\" style=\"border-color:#000000;border-radius:3px;\"><div class=\"su-box-title\" style=\"background-color:#333333;color:#FFFFFF;border-top-left-radius:1px;border-top-right-radius:1px\">03 D\u00c9CEMBRE 2017 - BOURSE D\u2019\u00c9CHANGE<\/div><div class=\"su-box-content su-u-clearfix su-u-trim\" style=\"border-bottom-left-radius:1px;border-bottom-right-radius:1px\">\n<p><strong><img loading=\"lazy\" decoding=\"async\" class=\"wp-image-1151 alignright\" src=\"https:\/\/acve23.com\/site\/wp-content\/uploads\/2015\/01\/chasse-tresor-dsc_2190-img.jpg\" alt=\"\" width=\"300\" height=\"200\" srcset=\"https:\/\/acve23.com\/site\/wp-content\/uploads\/2015\/01\/chasse-tresor-dsc_2190-img.jpg 570w, https:\/\/acve23.com\/site\/wp-content\/uploads\/2015\/01\/chasse-tresor-dsc_2190-img-300x200.jpg 300w, https:\/\/acve23.com\/site\/wp-content\/uploads\/2015\/01\/chasse-tresor-dsc_2190-img-550x367.jpg 550w, https:\/\/acve23.com\/site\/wp-content\/uploads\/2015\/01\/chasse-tresor-dsc_2190-img-230x153.jpg 230w\" sizes=\"auto, (max-width: 300px) 100vw, 300px\" \/><\/strong><\/p>\n<p style=\"text-align: center;\"><b style=\"font-size: inherit;\">VILLE DE CH\u00c2TEAUROUX<\/b><\/p>\n<p>Vide grenier<\/p>\n<p>Bourse d&rsquo;\u00e9change de pi\u00e8ces automobile<\/p>\n<p>&nbsp;<\/p>\n<p><span style=\"font-size: inherit;\"><\/div><\/div><\/span><\/p>\n<p style=\"text-align: center;\"><a href=\"https:\/\/acve23.com\/site\/sorties\/\" class=\"su-button su-button-style-flat\" style=\"color:#FFFFFF;background-color:#2D89EF;border-color:#246ec0;border-radius:5px\" target=\"_self\"><span style=\"color:#FFFFFF;padding:6px 16px;font-size:13px;line-height:20px;border-color:#6cadf4;border-radius:5px;text-shadow:none\"><img decoding=\"async\" src=\"https:\/\/acve23.com\/site\/wp-content\/uploads\/2015\/09\/earth-globe4.png\" alt=\"MENU DES SORTIES\" style=\"width:20px;height:20px\" \/> MENU DES SORTIES<\/span><\/a>&nbsp; &nbsp; &nbsp;<a href=\"https:\/\/acve23.com\/site\/\" class=\"su-button su-button-style-flat\" style=\"color:#FFFFFF;background-color:#2D89EF;border-color:#246ec0;border-radius:5px\" target=\"_self\"><span style=\"color:#FFFFFF;padding:6px 16px;font-size:13px;line-height:20px;border-color:#6cadf4;border-radius:5px;text-shadow:none\"><img decoding=\"async\" src=\"https:\/\/acve23.com\/site\/wp-content\/uploads\/2015\/09\/home78.png\" alt=\"RETOUR A L&rsquo;ACCUEIL\" style=\"width:20px;height:20px\" \/> RETOUR A L&rsquo;ACCUEIL<\/span><\/a>&nbsp; &nbsp; &nbsp;<a href=\"https:\/\/acve23.com\/site\/sorties-2016-2\/\" class=\"su-button su-button-style-flat\" style=\"color:#FFFFFF;background-color:#2D89EF;border-color:#246ec0;border-radius:5px\" target=\"_self\"><span style=\"color:#FFFFFF;padding:6px 16px;font-size:13px;line-height:20px;border-color:#6cadf4;border-radius:5px;text-shadow:none\"><img decoding=\"async\" src=\"https:\/\/acve23.com\/site\/wp-content\/uploads\/2015\/09\/father16.png\" alt=\"SORTIES 2016\" style=\"width:20px;height:20px\" \/> SORTIES 2016<\/span><\/a>\n\n\n<p><\/p>\n","protected":false},"excerpt":{"rendered":"<p>&nbsp; &nbsp; &nbsp;&nbsp; &nbsp; &nbsp;<\/p>\n","protected":false},"author":1,"featured_media":0,"parent":0,"menu_order":0,"comment_status":"closed","ping_status":"closed","template":"","meta":{"ngg_post_thumbnail":0,"footnotes":""},"class_list":["post-3128","page","type-page","status-publish","hentry",""],"_links":{"self":[{"href":"https:\/\/acve23.com\/site\/wp-json\/wp\/v2\/pages\/3128","targetHints":{"allow":["GET"]}}],"collection":[{"href":"https:\/\/acve23.com\/site\/wp-json\/wp\/v2\/pages"}],"about":[{"href":"https:\/\/acve23.com\/site\/wp-json\/wp\/v2\/types\/page"}],"author":[{"embeddable":true,"href":"https:\/\/acve23.com\/site\/wp-json\/wp\/v2\/users\/1"}],"replies":[{"embeddable":true,"href":"https:\/\/acve23.com\/site\/wp-json\/wp\/v2\/comments?post=3128"}],"version-history":[{"count":31,"href":"https:\/\/acve23.com\/site\/wp-json\/wp\/v2\/pages\/3128\/revisions"}],"predecessor-version":[{"id":3174,"href":"https:\/\/acve23.com\/site\/wp-json\/wp\/v2\/pages\/3128\/revisions\/3174"}],"wp:attachment":[{"href":"https:\/\/acve23.com\/site\/wp-json\/wp\/v2\/media?parent=3128"}],"curies":[{"name":"wp","href":"https:\/\/api.w.org\/{rel}","templated":true}]}}