{"id":2363,"date":"2018-03-17T12:01:19","date_gmt":"2018-03-17T12:01:19","guid":{"rendered":"http:\/\/acve23.com\/site\/?page_id=2363"},"modified":"2021-01-11T06:13:21","modified_gmt":"2021-01-11T06:13:21","slug":"sorties-2018","status":"publish","type":"page","link":"https:\/\/acve23.com\/site\/sorties-2018\/","title":{"rendered":"SORTIES 2018"},"content":{"rendered":"<p>&nbsp;<\/p>\n<p style=\"text-align: left;\"><img loading=\"lazy\" decoding=\"async\" class=\"aligncenter wp-image-2798 size-full\" src=\"https:\/\/acve23.com\/site\/wp-content\/uploads\/2021\/01\/BANDEAU-ANNEE-2018.png\" alt=\"\" width=\"1108\" height=\"200\" srcset=\"https:\/\/acve23.com\/site\/wp-content\/uploads\/2021\/01\/BANDEAU-ANNEE-2018.png 1108w, https:\/\/acve23.com\/site\/wp-content\/uploads\/2021\/01\/BANDEAU-ANNEE-2018-300x54.png 300w, https:\/\/acve23.com\/site\/wp-content\/uploads\/2021\/01\/BANDEAU-ANNEE-2018-1024x185.png 1024w, https:\/\/acve23.com\/site\/wp-content\/uploads\/2021\/01\/BANDEAU-ANNEE-2018-768x139.png 768w\" sizes=\"auto, (max-width: 1108px) 100vw, 1108px\" \/><\/p>\n<p>&nbsp;<\/p>\n<h3 style=\"text-align: center;\"><span class=\"su-highlight\" style=\"background:#ffffff;color:#e81a1a\">&nbsp;N&rsquo;h\u00e9sitez pas \u00e0 nous contacter pour nous proposer vos manifestations !&nbsp;<\/span><\/h3>\n<p>&nbsp;<\/p>\n<p style=\"text-align: left;\"><div class=\"su-divider su-divider-style-double\" style=\"margin:15px 0;border-width:7px;border-color:#999999\"><a href=\"#\" style=\"color:#999999\">Aller en haut<\/a><\/div>\n<div class=\"su-box su-box-style-default\" id=\"\" style=\"border-color:#000000;border-radius:3px;\"><div class=\"su-box-title\" style=\"background-color:#333333;color:#FFFFFF;border-top-left-radius:1px;border-top-right-radius:1px\">14 JANVIER 2018 - ASSEMBL\u00c9E G\u00c9N\u00c9RALE<\/div><div class=\"su-box-content su-u-clearfix su-u-trim\" style=\"border-bottom-left-radius:1px;border-bottom-right-radius:1px\">\n<p><strong><img loading=\"lazy\" decoding=\"async\" class=\"alignleft wp-image-2608\" src=\"https:\/\/acve23.com\/site\/wp-content\/uploads\/2018\/12\/AG.jpg\" alt=\"\" width=\"216\" height=\"200\"><\/strong><\/p>\n<p style=\"text-align: center;\"><strong>MAISON DE LA CULTURE &#8211; CHENERAILLES<\/strong><\/p>\n<p>Rapport d&rsquo;activit\u00e9 et financier 2017<\/p>\n<p>Bilan pr\u00e9visionnel et calendrier des sorties 2018<\/p>\n<p>Questions diverses<\/p>\n<p style=\"text-align: left;\"><\/div><\/div>\n<div class=\"su-box su-box-style-default\" id=\"\" style=\"border-color:#000000;border-radius:3px;\"><div class=\"su-box-title\" style=\"background-color:#333333;color:#FFFFFF;border-top-left-radius:1px;border-top-right-radius:1px\">24 F\u00c9VRIER 2018 - REPAS ANNUEL<\/div><div class=\"su-box-content su-u-clearfix su-u-trim\" style=\"border-bottom-left-radius:1px;border-bottom-right-radius:1px\">\n<p><strong><img loading=\"lazy\" decoding=\"async\" class=\"wp-image-1657 alignright\" src=\"https:\/\/acve23.com\/site\/wp-content\/uploads\/2015\/09\/Fotolia_4727411_repas-300x195.jpg\" alt=\"\" width=\"308\" height=\"200\" srcset=\"https:\/\/acve23.com\/site\/wp-content\/uploads\/2015\/09\/Fotolia_4727411_repas-300x195.jpg 300w, https:\/\/acve23.com\/site\/wp-content\/uploads\/2015\/09\/Fotolia_4727411_repas-230x149.jpg 230w, https:\/\/acve23.com\/site\/wp-content\/uploads\/2015\/09\/Fotolia_4727411_repas-350x227.jpg 350w, https:\/\/acve23.com\/site\/wp-content\/uploads\/2015\/09\/Fotolia_4727411_repas.jpg 430w\" sizes=\"auto, (max-width: 308px) 100vw, 308px\" \/><\/strong><\/p>\n<p style=\"text-align: center;\"><strong>RESTAURANT AU FIL DU TEMPS &#8211; SAINTE FEYRE<\/strong><\/p>\n<p>Anecdotes, plaisanteries sont au rendez-vous de cette soir\u00e9e, accompagn\u00e9es de mets plus exquis les uns que les autres, concoct\u00e9s par des chefs de notre d\u00e9partement.<\/div><\/div>\n<div class=\"su-box su-box-style-default\" id=\"\" style=\"border-color:#000000;border-radius:3px;\"><div class=\"su-box-title\" style=\"background-color:#333333;color:#FFFFFF;border-top-left-radius:1px;border-top-right-radius:1px\">18 MARS 2018 - SORTIE DE D\u00c9GOMMAGE<\/div><div class=\"su-box-content su-u-clearfix su-u-trim\" style=\"border-bottom-left-radius:1px;border-bottom-right-radius:1px\">\n<p><strong><img loading=\"lazy\" decoding=\"async\" class=\"wp-image-2779 alignleft\" src=\"https:\/\/acve23.com\/site\/wp-content\/uploads\/2021\/01\/chasse-au-tresor-en-voiture-durbuy-1-150x150.jpg\" alt=\"\" width=\"307\" height=\"200\" srcset=\"https:\/\/acve23.com\/site\/wp-content\/uploads\/2021\/01\/chasse-au-tresor-en-voiture-durbuy-1-300x195.jpg 300w, https:\/\/acve23.com\/site\/wp-content\/uploads\/2021\/01\/chasse-au-tresor-en-voiture-durbuy-1.jpg 410w\" sizes=\"auto, (max-width: 307px) 100vw, 307px\" \/><\/strong><\/p>\n<p style=\"text-align: center;\"><b>AUTOUR DE SAINT LOUP<\/b><\/p>\n<p>Il \u00e9taient temps pour nos belles anciennes de leur faire prendre un bol d&rsquo;air pur sur nos belles routes creusoises, faisant ainsi caresser leur douce carrosserie luisante, fra\u00eechement sortie de leur garage o\u00f9 elles ont pass\u00e9es un hiver complet gentiment prot\u00e9g\u00e9es \u00e0 l&rsquo;abri du froid et du vent.<\/p>\n<p><span style=\"font-size: inherit;\"><\/div><\/div><\/span><\/p>\n<div class=\"su-box su-box-style-default\" id=\"\" style=\"border-color:#000000;border-radius:3px;\"><div class=\"su-box-title\" style=\"background-color:#333333;color:#FFFFFF;border-top-left-radius:1px;border-top-right-radius:1px\">24 MARS 2018 - SOIR\u00c9E TH\u00c9\u00c2TRE<\/div><div class=\"su-box-content su-u-clearfix su-u-trim\" style=\"border-bottom-left-radius:1px;border-bottom-right-radius:1px\">\n<p><strong><img loading=\"lazy\" decoding=\"async\" class=\"alignright wp-image-2967\" src=\"https:\/\/acve23.com\/site\/wp-content\/uploads\/2021\/01\/20150814234204-06a1e2ec-me-300x199.jpg\" alt=\"\" width=\"302\" height=\"200\" srcset=\"https:\/\/acve23.com\/site\/wp-content\/uploads\/2021\/01\/20150814234204-06a1e2ec-me-300x199.jpg 300w, https:\/\/acve23.com\/site\/wp-content\/uploads\/2021\/01\/20150814234204-06a1e2ec-me-768x509.jpg 768w, https:\/\/acve23.com\/site\/wp-content\/uploads\/2021\/01\/20150814234204-06a1e2ec-me.jpg 792w\" sizes=\"auto, (max-width: 302px) 100vw, 302px\" \/><\/strong><\/p>\n<p style=\"text-align: center;\"><strong>AVEC LA TROUPE DE ROUGNAT<\/strong><\/p>\n<p style=\"text-align: center;\">MAISON DE LA CULTURE &#8211; CHENERAILLES<\/p>\n<\/div><\/div>\n<p>&nbsp;<\/p>\n<div class=\"su-box su-box-style-default\" id=\"\" style=\"border-color:#000000;border-radius:3px;\"><div class=\"su-box-title\" style=\"background-color:#333333;color:#FFFFFF;border-top-left-radius:1px;border-top-right-radius:1px\">29 AVRIL 2018 - JOURN\u00c9E NATIONALE DES V\u00c9HICULES D'\u00c9POQUE - FFVE<\/div><div class=\"su-box-content su-u-clearfix su-u-trim\" style=\"border-bottom-left-radius:1px;border-bottom-right-radius:1px\">\n<p><strong><img loading=\"lazy\" decoding=\"async\" class=\"alignleft wp-image-3096\" src=\"https:\/\/acve23.com\/site\/wp-content\/uploads\/2021\/01\/FFVE-LOGO-JNVE-2018-1-300x300.jpg\" alt=\"\" width=\"200\" height=\"200\" srcset=\"https:\/\/acve23.com\/site\/wp-content\/uploads\/2021\/01\/FFVE-LOGO-JNVE-2018-1-300x300.jpg 300w, https:\/\/acve23.com\/site\/wp-content\/uploads\/2021\/01\/FFVE-LOGO-JNVE-2018-1-150x150.jpg 150w, https:\/\/acve23.com\/site\/wp-content\/uploads\/2021\/01\/FFVE-LOGO-JNVE-2018-1.jpg 400w\" sizes=\"auto, (max-width: 200px) 100vw, 200px\" \/><\/strong><\/p>\n<p>Classic Days &#8211; Magny Cours<\/p>\n<p>&nbsp;<\/p>\n<p>&nbsp;<\/p>\n<p>&nbsp;<\/p>\n<p><span style=\"font-size: inherit;\"><\/div><\/div><\/span><\/p>\n<div class=\"su-box su-box-style-default\" id=\"\" style=\"border-color:#000000;border-radius:3px;\"><div class=\"su-box-title\" style=\"background-color:#333333;color:#FFFFFF;border-top-left-radius:1px;border-top-right-radius:1px\">20 MAI 2018 - EXPOSITION DE VEHICULES<\/div><div class=\"su-box-content su-u-clearfix su-u-trim\" style=\"border-bottom-left-radius:1px;border-bottom-right-radius:1px\">\n<p><strong><img loading=\"lazy\" decoding=\"async\" class=\"alignright wp-image-3098\" src=\"https:\/\/acve23.com\/site\/wp-content\/uploads\/2021\/01\/20180827163631-57153dec-me-300x225.jpg\" alt=\"\" width=\"267\" height=\"200\" srcset=\"https:\/\/acve23.com\/site\/wp-content\/uploads\/2021\/01\/20180827163631-57153dec-me-300x225.jpg 300w, https:\/\/acve23.com\/site\/wp-content\/uploads\/2021\/01\/20180827163631-57153dec-me-768x576.jpg 768w, https:\/\/acve23.com\/site\/wp-content\/uploads\/2021\/01\/20180827163631-57153dec-me.jpg 792w\" sizes=\"auto, (max-width: 267px) 100vw, 267px\" \/><\/strong><\/p>\n<p style=\"text-align: center;\"><b>16\u00e8me \u00e9dition de L\u2019ENJAMB\u00c9E<\/b><strong>&nbsp;CREUSOISE<\/strong><\/p>\n<p style=\"text-align: center;\">BOURGANEUF &#8211; CENTRE VILLE<\/p>\n<p style=\"text-align: center;\">organis\u00e9e par l&rsquo;association Lou Chami Bourganiauds<\/p>\n<\/div><\/div>\n<div class=\"su-box su-box-style-default\" id=\"\" style=\"border-color:#000000;border-radius:3px;\"><div class=\"su-box-title\" style=\"background-color:#333333;color:#FFFFFF;border-top-left-radius:1px;border-top-right-radius:1px\">26 MAI 2018 - AMERIC'ARS<\/div><div class=\"su-box-content su-u-clearfix su-u-trim\" style=\"border-bottom-left-radius:1px;border-bottom-right-radius:1px\">\n<p><strong><img loading=\"lazy\" decoding=\"async\" class=\"alignleft wp-image-3104 size-medium\" src=\"https:\/\/acve23.com\/site\/wp-content\/uploads\/2021\/01\/americ-ars-a-ars_3240006-300x200.jpeg\" alt=\"\" width=\"300\" height=\"200\" srcset=\"https:\/\/acve23.com\/site\/wp-content\/uploads\/2021\/01\/americ-ars-a-ars_3240006-300x200.jpeg 300w, https:\/\/acve23.com\/site\/wp-content\/uploads\/2021\/01\/americ-ars-a-ars_3240006-1024x681.jpeg 1024w, https:\/\/acve23.com\/site\/wp-content\/uploads\/2021\/01\/americ-ars-a-ars_3240006-768x511.jpeg 768w, https:\/\/acve23.com\/site\/wp-content\/uploads\/2021\/01\/americ-ars-a-ars_3240006-1170x778.jpeg 1170w, https:\/\/acve23.com\/site\/wp-content\/uploads\/2021\/01\/americ-ars-a-ars_3240006.jpeg 1200w\" sizes=\"auto, (max-width: 300px) 100vw, 300px\" \/><\/strong><\/p>\n<p style=\"text-align: center;\">EXPOSITION DE VEHICULES ANCIENS<\/p>\n<p style=\"text-align: center;\">Balade autour de la commune de Ars<\/p>\n<p>&nbsp;<\/p>\n<p>&nbsp;<\/p>\n<p><span style=\"font-size: inherit;\"><\/div><\/div><\/span><\/p>\n<div class=\"su-box su-box-style-default\" id=\"\" style=\"border-color:#000000;border-radius:3px;\"><div class=\"su-box-title\" style=\"background-color:#333333;color:#FFFFFF;border-top-left-radius:1px;border-top-right-radius:1px\">27 MAI 2018 - BALADE AUTOUR D'EGUZON<\/div><div class=\"su-box-content su-u-clearfix su-u-trim\" style=\"border-bottom-left-radius:1px;border-bottom-right-radius:1px\">\n<p><strong><img loading=\"lazy\" decoding=\"async\" class=\"wp-image-3102 size-medium alignright\" src=\"https:\/\/acve23.com\/site\/wp-content\/uploads\/2021\/01\/20180528144533-9b9ff5cd-me-300x200.jpg\" alt=\"\" width=\"300\" height=\"200\" srcset=\"https:\/\/acve23.com\/site\/wp-content\/uploads\/2021\/01\/20180528144533-9b9ff5cd-me-300x200.jpg 300w, https:\/\/acve23.com\/site\/wp-content\/uploads\/2021\/01\/20180528144533-9b9ff5cd-me-768x512.jpg 768w, https:\/\/acve23.com\/site\/wp-content\/uploads\/2021\/01\/20180528144533-9b9ff5cd-me.jpg 792w\" sizes=\"auto, (max-width: 300px) 100vw, 300px\" \/><\/strong><\/p>\n<p>Parcours bucolique par Anz\u00e8me, Le Bourg d&rsquo;Hem, Chambon Sainte Croix, Fresselines et Fresselines.<\/p>\n<p>D\u00e9jeuner \u00e0 l&rsquo;H\u00f4tel du Lac puis promenade en bateau avec demi-tour devant le barrage d&rsquo;Eguzon.&nbsp;&nbsp;<\/p>\n<p><span style=\"font-size: inherit;\"><\/div><\/div><\/span><\/p>\n<div class=\"su-box su-box-style-default\" id=\"\" style=\"border-color:#000000;border-radius:3px;\"><div class=\"su-box-title\" style=\"background-color:#333333;color:#FFFFFF;border-top-left-radius:1px;border-top-right-radius:1px\">03 JUIN 2018 - EXPOSITION DE V\u00c9HICULES ANCIENS<\/div><div class=\"su-box-content su-u-clearfix su-u-trim\" style=\"border-bottom-left-radius:1px;border-bottom-right-radius:1px\">\n<p><strong><img loading=\"lazy\" decoding=\"async\" class=\"alignleft wp-image-2914\" src=\"https:\/\/acve23.com\/site\/wp-content\/uploads\/2021\/01\/20160811170150-d6f59410-me.jpg\" alt=\"\" width=\"300\" height=\"200\" srcset=\"https:\/\/acve23.com\/site\/wp-content\/uploads\/2021\/01\/20160811170150-d6f59410-me.jpg 792w, https:\/\/acve23.com\/site\/wp-content\/uploads\/2021\/01\/20160811170150-d6f59410-me-300x200.jpg 300w, https:\/\/acve23.com\/site\/wp-content\/uploads\/2021\/01\/20160811170150-d6f59410-me-768x512.jpg 768w\" sizes=\"auto, (max-width: 300px) 100vw, 300px\" \/><\/strong><\/p>\n<p style=\"text-align: center;\"><strong>Grande Place de&nbsp; MOURIOUX &#8211; VIEILLEVILLE<\/strong><\/p>\n<p>Exposition de v\u00e9hicules anciens &#8211; D\u00e9fil\u00e9&nbsp;<\/p>\n<p>Vide &#8211; garage toute la journ\u00e9e<\/p>\n<p>D\u00e9fil\u00e9 de voitures anciennes &#8211; Restauration<\/p>\n<p><span style=\"font-size: inherit;\"><\/div><\/div><\/span><\/p>\n<div class=\"su-box su-box-style-default\" id=\"\" style=\"border-color:#000000;border-radius:3px;\"><div class=\"su-box-title\" style=\"background-color:#333333;color:#FFFFFF;border-top-left-radius:1px;border-top-right-radius:1px\">10 JUIN 2018 - EXPOSITION DE V\u00c9HICULES<\/div><div class=\"su-box-content su-u-clearfix su-u-trim\" style=\"border-bottom-left-radius:1px;border-bottom-right-radius:1px\">\n<p><strong><img loading=\"lazy\" decoding=\"async\" class=\"alignright wp-image-3109 size-medium\" src=\"https:\/\/acve23.com\/site\/wp-content\/uploads\/2021\/01\/20180614184140-27216bbf-me-300x200.jpg\" alt=\"\" width=\"300\" height=\"200\" srcset=\"https:\/\/acve23.com\/site\/wp-content\/uploads\/2021\/01\/20180614184140-27216bbf-me-300x200.jpg 300w, https:\/\/acve23.com\/site\/wp-content\/uploads\/2021\/01\/20180614184140-27216bbf-me-768x512.jpg 768w, https:\/\/acve23.com\/site\/wp-content\/uploads\/2021\/01\/20180614184140-27216bbf-me.jpg 792w\" sizes=\"auto, (max-width: 300px) 100vw, 300px\" \/><\/strong><\/p>\n<p style=\"text-align: center;\"><strong><span style=\"font-size: inherit;\">Dans le centre du village de Roussines (Indre).&nbsp;&nbsp;<\/span><\/strong><\/p>\n<p>&nbsp;<\/p>\n<p>&nbsp;<\/p>\n<p><span style=\"font-size: inherit;\"><\/div><\/div><\/span><\/p>\n<div class=\"su-box su-box-style-default\" id=\"\" style=\"border-color:#000000;border-radius:3px;\"><div class=\"su-box-title\" style=\"background-color:#333333;color:#FFFFFF;border-top-left-radius:1px;border-top-right-radius:1px\">01 JUILLET 2018 - JOURN\u00c9E D\u00c9TENTE<\/div><div class=\"su-box-content su-u-clearfix su-u-trim\" style=\"border-bottom-left-radius:1px;border-bottom-right-radius:1px\">\n<p><strong><img loading=\"lazy\" decoding=\"async\" class=\"alignleft wp-image-1138\" src=\"https:\/\/acve23.com\/site\/wp-content\/uploads\/2015\/01\/Fotolia_23241493_XS.jpg\" alt=\"\" width=\"300\" height=\"200\" srcset=\"https:\/\/acve23.com\/site\/wp-content\/uploads\/2015\/01\/Fotolia_23241493_XS.jpg 424w, https:\/\/acve23.com\/site\/wp-content\/uploads\/2015\/01\/Fotolia_23241493_XS-300x200.jpg 300w, https:\/\/acve23.com\/site\/wp-content\/uploads\/2015\/01\/Fotolia_23241493_XS-230x154.jpg 230w\" sizes=\"auto, (max-width: 300px) 100vw, 300px\" \/><\/strong><\/p>\n<p style=\"text-align: center;\"><strong>DOIGTS DE PIED EN EVENTAIL chez un adh\u00e9rent&nbsp;<\/strong><\/p>\n<p>&nbsp;<\/p>\n<p>&nbsp;<\/p>\n<p><span style=\"font-size: inherit;\"><\/div><\/div><\/span><\/p>\n<div class=\"su-box su-box-style-default\" id=\"\" style=\"border-color:#000000;border-radius:3px;\"><div class=\"su-box-title\" style=\"background-color:#333333;color:#FFFFFF;border-top-left-radius:1px;border-top-right-radius:1px\">21 JUILLET 2018 - RALLYE TOURISTIQUE<\/div><div class=\"su-box-content su-u-clearfix su-u-trim\" style=\"border-bottom-left-radius:1px;border-bottom-right-radius:1px\">\n<p><strong><img loading=\"lazy\" decoding=\"async\" class=\"alignright wp-image-3114\" src=\"https:\/\/acve23.com\/site\/wp-content\/uploads\/2021\/01\/20180827115208-2bc074fc-me-300x225.jpg\" alt=\"\" width=\"267\" height=\"200\" srcset=\"https:\/\/acve23.com\/site\/wp-content\/uploads\/2021\/01\/20180827115208-2bc074fc-me-300x225.jpg 300w, https:\/\/acve23.com\/site\/wp-content\/uploads\/2021\/01\/20180827115208-2bc074fc-me-768x576.jpg 768w, https:\/\/acve23.com\/site\/wp-content\/uploads\/2021\/01\/20180827115208-2bc074fc-me.jpg 792w\" sizes=\"auto, (max-width: 267px) 100vw, 267px\" \/><\/strong><\/p>\n<p style=\"text-align: center;\"><b style=\"font-size: inherit;\">RALLYE TOURISTIQUE <\/b><b style=\"font-size: inherit;\">ET D\u00c9COUVERTE DU PATRIMOINE CULTUREL CREUSOIS<\/b><\/p>\n<p>&nbsp;<\/p>\n<p><span style=\"font-size: inherit;\"><\/div><\/div><\/span><\/p>\n<div class=\"su-box su-box-style-default\" id=\"\" style=\"border-color:#000000;border-radius:3px;\"><div class=\"su-box-title\" style=\"background-color:#333333;color:#FFFFFF;border-top-left-radius:1px;border-top-right-radius:1px\">19 AO\u00dbT 2018 - RENCONTRE INTER-CLUB<\/div><div class=\"su-box-content su-u-clearfix su-u-trim\" style=\"border-bottom-left-radius:1px;border-bottom-right-radius:1px\">\n<p><strong><img loading=\"lazy\" decoding=\"async\" class=\"alignleft wp-image-3117\" src=\"https:\/\/acve23.com\/site\/wp-content\/uploads\/2021\/01\/dsc-0084-1-300x199.jpg\" alt=\"\" width=\"301\" height=\"200\" srcset=\"https:\/\/acve23.com\/site\/wp-content\/uploads\/2021\/01\/dsc-0084-1-300x199.jpg 300w, https:\/\/acve23.com\/site\/wp-content\/uploads\/2021\/01\/dsc-0084-1-1024x681.jpg 1024w, https:\/\/acve23.com\/site\/wp-content\/uploads\/2021\/01\/dsc-0084-1-768x510.jpg 768w, https:\/\/acve23.com\/site\/wp-content\/uploads\/2021\/01\/dsc-0084-1-1170x778.jpg 1170w, https:\/\/acve23.com\/site\/wp-content\/uploads\/2021\/01\/dsc-0084-1.jpg 1500w\" sizes=\"auto, (max-width: 301px) 100vw, 301px\" \/><\/strong><\/p>\n<p style=\"text-align: center;\"><b>AVEC LE&nbsp; R\u00c9TROVISEUR SAUMUROIS&nbsp;<\/b><\/p>\n<p style=\"text-align: center;\">LAC DE VASSIVIERE<\/p>\n<p>&nbsp;<\/p>\n<p><span style=\"font-size: inherit;\"><\/div><\/div><\/span><\/p>\n<div class=\"su-box su-box-style-default\" id=\"\" style=\"border-color:#000000;border-radius:3px;\"><div class=\"su-box-title\" style=\"background-color:#333333;color:#FFFFFF;border-top-left-radius:1px;border-top-right-radius:1px\">21 JUILLET 2018 - RALLYE TOURISTIQUE<\/div><div class=\"su-box-content su-u-clearfix su-u-trim\" style=\"border-bottom-left-radius:1px;border-bottom-right-radius:1px\">\n<p><strong><img loading=\"lazy\" decoding=\"async\" class=\"alignright wp-image-3114\" src=\"https:\/\/acve23.com\/site\/wp-content\/uploads\/2021\/01\/20180827115208-2bc074fc-me-300x225.jpg\" alt=\"\" width=\"267\" height=\"200\" srcset=\"https:\/\/acve23.com\/site\/wp-content\/uploads\/2021\/01\/20180827115208-2bc074fc-me-300x225.jpg 300w, https:\/\/acve23.com\/site\/wp-content\/uploads\/2021\/01\/20180827115208-2bc074fc-me-768x576.jpg 768w, https:\/\/acve23.com\/site\/wp-content\/uploads\/2021\/01\/20180827115208-2bc074fc-me.jpg 792w\" sizes=\"auto, (max-width: 267px) 100vw, 267px\" \/><\/strong><\/p>\n<p style=\"text-align: center;\"><b style=\"font-size: inherit;\">RALLYE TOURISTIQUE <\/b><b style=\"font-size: inherit;\">ET D\u00c9COUVERTE DU PATRIMOINE CULTUREL CREUSOIS<\/b><\/p>\n<p>&nbsp;<\/p>\n<p><span style=\"font-size: inherit;\"><\/div><\/div><\/span><\/p>\n<div class=\"su-box su-box-style-default\" id=\"\" style=\"border-color:#000000;border-radius:3px;\"><div class=\"su-box-title\" style=\"background-color:#333333;color:#FFFFFF;border-top-left-radius:1px;border-top-right-radius:1px\">DU 22 AU 25 AO\u00dbT 2018 - VOYAGE DE L'ACVE<\/div><div class=\"su-box-content su-u-clearfix su-u-trim\" style=\"border-bottom-left-radius:1px;border-bottom-right-radius:1px\">\n<p><strong><img loading=\"lazy\" decoding=\"async\" class=\"alignleft wp-image-3121\" src=\"https:\/\/acve23.com\/site\/wp-content\/uploads\/2021\/01\/20180827135155-d0ed064e-me-300x201.jpg\" alt=\"\" width=\"299\" height=\"200\" srcset=\"https:\/\/acve23.com\/site\/wp-content\/uploads\/2021\/01\/20180827135155-d0ed064e-me-300x201.jpg 300w, https:\/\/acve23.com\/site\/wp-content\/uploads\/2021\/01\/20180827135155-d0ed064e-me-768x514.jpg 768w, https:\/\/acve23.com\/site\/wp-content\/uploads\/2021\/01\/20180827135155-d0ed064e-me.jpg 792w\" sizes=\"auto, (max-width: 299px) 100vw, 299px\" \/><\/strong><\/p>\n<p style=\"text-align: center;\"><b>RALLYE DES DEUX CHARENTES<\/b><\/p>\n<p>Une fois de plus, \u00e0 bord de leurs petits bolides, tout fra\u00eechement sortis de leurs garages, les anciennes de nos adh\u00e9rents prennent la route d&rsquo;une nouvelle destination, celle de la Charente et de la Charente Maritime, pour le Traditionnel voyage annuel, qu&rsquo;organise chaque ann\u00e9e l&rsquo;Amicale. Au programme, Terroir, Tradition, M\u00e9tiers, Patrimoine, Sp\u00e9cialit\u00e9s, et bien d&rsquo;autres &#8230; <span style=\"font-size: inherit;\"><\/div><\/div><\/span><\/p>\n<div class=\"su-box su-box-style-default\" id=\"\" style=\"border-color:#000000;border-radius:3px;\"><div class=\"su-box-title\" style=\"background-color:#333333;color:#FFFFFF;border-top-left-radius:1px;border-top-right-radius:1px\">16 SEPTEMBRE 2018 - SORTIE DU PATRIMOINE<\/div><div class=\"su-box-content su-u-clearfix su-u-trim\" style=\"border-bottom-left-radius:1px;border-bottom-right-radius:1px\">\n<p><strong><img loading=\"lazy\" decoding=\"async\" class=\"alignright wp-image-3124\" src=\"https:\/\/acve23.com\/site\/wp-content\/uploads\/2021\/01\/unnamed-2-300x169.jpg\" alt=\"\" width=\"356\" height=\"200\" srcset=\"https:\/\/acve23.com\/site\/wp-content\/uploads\/2021\/01\/unnamed-2-300x169.jpg 300w, https:\/\/acve23.com\/site\/wp-content\/uploads\/2021\/01\/unnamed-2.jpg 512w\" sizes=\"auto, (max-width: 356px) 100vw, 356px\" \/><\/strong><\/p>\n<p style=\"text-align: center;\"><b style=\"font-size: inherit;\">Visite du patrimoine creusois et balade \u00e0 bord de nos voitures anciennes lors des journ\u00e9es du patrimoine<\/b><\/p>\n<p><img loading=\"lazy\" decoding=\"async\" class=\"wp-image-3016 alignleft\" src=\"https:\/\/acve23.com\/site\/wp-content\/uploads\/2021\/01\/crop_5e7b8f3d4e0c1_annule3.png\" alt=\"\" width=\"118\" height=\"75\"><\/p>\n<p>&nbsp;<\/p>\n<p>&nbsp;<\/p>\n<p><span style=\"font-size: inherit;\"><\/div><\/div><\/span><\/p>\n<div class=\"su-box su-box-style-default\" id=\"\" style=\"border-color:#000000;border-radius:3px;\"><div class=\"su-box-title\" style=\"background-color:#333333;color:#FFFFFF;border-top-left-radius:1px;border-top-right-radius:1px\">02 D\u00c9CEMBRE 2018 - BOURSE D\u2019\u00c9CHANGE<\/div><div class=\"su-box-content su-u-clearfix su-u-trim\" style=\"border-bottom-left-radius:1px;border-bottom-right-radius:1px\">\n<p><strong><img loading=\"lazy\" decoding=\"async\" class=\"wp-image-1151 alignleft\" src=\"https:\/\/acve23.com\/site\/wp-content\/uploads\/2015\/01\/chasse-tresor-dsc_2190-img.jpg\" alt=\"\" width=\"300\" height=\"200\" srcset=\"https:\/\/acve23.com\/site\/wp-content\/uploads\/2015\/01\/chasse-tresor-dsc_2190-img.jpg 570w, https:\/\/acve23.com\/site\/wp-content\/uploads\/2015\/01\/chasse-tresor-dsc_2190-img-300x200.jpg 300w, https:\/\/acve23.com\/site\/wp-content\/uploads\/2015\/01\/chasse-tresor-dsc_2190-img-550x367.jpg 550w, https:\/\/acve23.com\/site\/wp-content\/uploads\/2015\/01\/chasse-tresor-dsc_2190-img-230x153.jpg 230w\" sizes=\"auto, (max-width: 300px) 100vw, 300px\" \/><\/strong><\/p>\n<p style=\"text-align: center;\"><b style=\"font-size: inherit;\">VILLE DE CH\u00c2TEAUROUX<\/b><\/p>\n<p>Vide grenier<\/p>\n<p>Bourse d&rsquo;\u00e9change de pi\u00e8ces automobile<\/p>\n<p>&nbsp;<\/p>\n<p><span style=\"font-size: inherit;\"><\/div><\/div><\/span><\/p>\n<p style=\"text-align: center;\"><a href=\"https:\/\/acve23.com\/site\/sorties\/\" class=\"su-button su-button-style-flat\" style=\"color:#FFFFFF;background-color:#2D89EF;border-color:#246ec0;border-radius:5px\" target=\"_self\"><span style=\"color:#FFFFFF;padding:6px 16px;font-size:13px;line-height:20px;border-color:#6cadf4;border-radius:5px;text-shadow:none\"><img decoding=\"async\" src=\"https:\/\/acve23.com\/site\/wp-content\/uploads\/2015\/09\/earth-globe4.png\" alt=\"MENU DES SORTIES\" style=\"width:20px;height:20px\" \/> MENU DES SORTIES<\/span><\/a>&nbsp; &nbsp; &nbsp;<a href=\"https:\/\/acve23.com\/site\/\" class=\"su-button su-button-style-flat\" style=\"color:#FFFFFF;background-color:#2D89EF;border-color:#246ec0;border-radius:5px\" target=\"_self\"><span style=\"color:#FFFFFF;padding:6px 16px;font-size:13px;line-height:20px;border-color:#6cadf4;border-radius:5px;text-shadow:none\"><img decoding=\"async\" src=\"https:\/\/acve23.com\/site\/wp-content\/uploads\/2015\/09\/home78.png\" alt=\"RETOUR A L&rsquo;ACCUEIL\" style=\"width:20px;height:20px\" \/> RETOUR A L&rsquo;ACCUEIL<\/span><\/a>&nbsp; &nbsp; &nbsp;<a href=\"https:\/\/acve23.com\/site\/sorties-2017\/\" class=\"su-button su-button-style-flat\" style=\"color:#FFFFFF;background-color:#2D89EF;border-color:#246ec0;border-radius:5px\" target=\"_self\"><span style=\"color:#FFFFFF;padding:6px 16px;font-size:13px;line-height:20px;border-color:#6cadf4;border-radius:5px;text-shadow:none\"><img decoding=\"async\" src=\"https:\/\/acve23.com\/site\/wp-content\/uploads\/2015\/09\/father16.png\" alt=\"SORTIES 2017\" style=\"width:20px;height:20px\" \/> SORTIES 2017<\/span><\/a>\n","protected":false},"excerpt":{"rendered":"<p>&nbsp; &nbsp; &nbsp; &nbsp; &nbsp; &nbsp; &nbsp;&nbsp; &nbsp; &nbsp;<\/p>\n","protected":false},"author":1,"featured_media":0,"parent":0,"menu_order":0,"comment_status":"closed","ping_status":"closed","template":"","meta":{"ngg_post_thumbnail":0,"footnotes":""},"class_list":["post-2363","page","type-page","status-publish","hentry",""],"_links":{"self":[{"href":"https:\/\/acve23.com\/site\/wp-json\/wp\/v2\/pages\/2363","targetHints":{"allow":["GET"]}}],"collection":[{"href":"https:\/\/acve23.com\/site\/wp-json\/wp\/v2\/pages"}],"about":[{"href":"https:\/\/acve23.com\/site\/wp-json\/wp\/v2\/types\/page"}],"author":[{"embeddable":true,"href":"https:\/\/acve23.com\/site\/wp-json\/wp\/v2\/users\/1"}],"replies":[{"embeddable":true,"href":"https:\/\/acve23.com\/site\/wp-json\/wp\/v2\/comments?post=2363"}],"version-history":[{"count":38,"href":"https:\/\/acve23.com\/site\/wp-json\/wp\/v2\/pages\/2363\/revisions"}],"predecessor-version":[{"id":3146,"href":"https:\/\/acve23.com\/site\/wp-json\/wp\/v2\/pages\/2363\/revisions\/3146"}],"wp:attachment":[{"href":"https:\/\/acve23.com\/site\/wp-json\/wp\/v2\/media?parent=2363"}],"curies":[{"name":"wp","href":"https:\/\/api.w.org\/{rel}","templated":true}]}}