{"id":216,"date":"2015-02-02T18:06:41","date_gmt":"2015-02-02T18:06:41","guid":{"rendered":"http:\/\/acve23.com\/site\/?page_id=216"},"modified":"2022-03-26T11:11:35","modified_gmt":"2022-03-26T11:11:35","slug":"contact","status":"publish","type":"page","link":"https:\/\/acve23.com\/site\/contact\/","title":{"rendered":"CONTACT"},"content":{"rendered":"<p>&nbsp;<\/p>\n<div class=\"su-box su-box-style-default\" id=\"\" style=\"border-color:#000000;border-radius:3px;\"><div class=\"su-box-title\" style=\"background-color:#333333;color:#FFFFFF;border-top-left-radius:1px;border-top-right-radius:1px\">Nous Contacter <\/div><div class=\"su-box-content su-u-clearfix su-u-trim\" style=\"border-bottom-left-radius:1px;border-bottom-right-radius:1px\">\n<p><img loading=\"lazy\" decoding=\"async\" class=\"alignleft wp-image-1984\" src=\"https:\/\/acve23.com\/site\/wp-content\/uploads\/2015\/02\/contact-240x300.jpg\" alt=\"\" width=\"120\" height=\"150\" srcset=\"https:\/\/acve23.com\/site\/wp-content\/uploads\/2015\/02\/contact-240x300.jpg 240w, https:\/\/acve23.com\/site\/wp-content\/uploads\/2015\/02\/contact-230x287.jpg 230w, https:\/\/acve23.com\/site\/wp-content\/uploads\/2015\/02\/contact.jpg 310w\" sizes=\"auto, (max-width: 120px) 100vw, 120px\" \/><\/p>\n<p style=\"text-align: justify;\">Vous souhaitez contacter notre amicale. Vous avez donc plusieurs&nbsp;possibilit\u00e9s qui s&rsquo;offrent \u00e0 vous. Une fois votre demande parvenue, nous nous efforcerons de vous r\u00e9pondre dans les plus brefs d\u00e9lais.<\/p>\n<p style=\"text-align: justify;\">En attendant, nous vous invitons \u00e0 parcourir les pages de notre site afin de conna\u00eetre nos activit\u00e9s et nos sorties. Vous trouverez \u00e9galement des petites annonces mises \u00e0 jour r\u00e9guli\u00e8rement ainsi que la galerie des voitures qui font la joie et la renomm\u00e9e de notre association.<\/p>\n<p style=\"text-align: center;\"><div class=\"su-divider su-divider-style-default\" style=\"margin:15px 0;border-width:2px;border-color:#999999\"><\/div>\n<div class=\"su-accordion su-u-trim\">\n<div class=\"su-spoiler su-spoiler-style-fancy su-spoiler-icon-plus su-spoiler-closed\" data-scroll-offset=\"0\" data-anchor-in-url=\"no\"><div class=\"su-spoiler-title\" tabindex=\"0\" role=\"button\"><span class=\"su-spoiler-icon\"><\/span>Par courrier<\/div><div class=\"su-spoiler-content su-u-clearfix su-u-trim\">\n<p><img loading=\"lazy\" decoding=\"async\" class=\"wp-image-1995 alignright\" src=\"https:\/\/acve23.com\/site\/wp-content\/uploads\/2015\/02\/53707-150x150.png\" alt=\"53707\" width=\"121\" height=\"121\" srcset=\"https:\/\/acve23.com\/site\/wp-content\/uploads\/2015\/02\/53707-150x150.png 150w, https:\/\/acve23.com\/site\/wp-content\/uploads\/2015\/02\/53707-230x230.png 230w, https:\/\/acve23.com\/site\/wp-content\/uploads\/2015\/02\/53707.png 256w\" sizes=\"auto, (max-width: 121px) 100vw, 121px\" \/>Vous souhaitez nous faire parvenir un courrier concernant une manifestation ou toute autre demande, nous vous prions d&rsquo;adresser votre pli \u00e0 l&rsquo;adresse suivante :<\/p>\n<h4 style=\"text-align: center;\"><span style=\"color: #0000ff;\">Amicale Creusoise de V\u00e9hicules d&rsquo;Epoque<\/span><\/h4>\n<h4 style=\"text-align: center;\"><span style=\"color: #0000ff;\">chez M. MANTONNIER Patrick <\/span><\/h4>\n<h4 style=\"text-align: center;\"><span style=\"color: #0000ff;\">7, route Napol\u00e9on &#8211; 36200 CELON<\/span><\/h4>\n<p>&nbsp;<\/p>\n<p>&nbsp;<\/p>\n<\/div><\/div>\n<div class=\"su-divider su-divider-style-default\" style=\"margin:15px 0;border-width:2px;border-color:#999999\"><\/div>\n<div class=\"su-spoiler su-spoiler-style-fancy su-spoiler-icon-plus su-spoiler-closed\" data-scroll-offset=\"0\" data-anchor-in-url=\"no\"><div class=\"su-spoiler-title\" tabindex=\"0\" role=\"button\"><span class=\"su-spoiler-icon\"><\/span>Par t\u00e9l\u00e9phone<\/div><div class=\"su-spoiler-content su-u-clearfix su-u-trim\">\n<p><img loading=\"lazy\" decoding=\"async\" class=\"alignleft wp-image-2030\" src=\"https:\/\/acve23.com\/site\/wp-content\/uploads\/2015\/02\/phone_icon.gif\" alt=\"phone_icon\" width=\"129\" height=\"95\">Vous souhaitez nous contacter par t\u00e9l\u00e9phone. Pour cela, merci de bien vouloir nous joindre au num\u00e9ro ci-dessous apr\u00e8s 18h en semaine, le samedi et le dimanche entre 9h et 20h.<\/p>\n<h4 style=\"text-align: center;\"><span style=\"color: #0000ff;\">T\u00e9l : 06.20.22.31.61 (G\u00e9rard RIBOULET, pr\u00e9sident)<\/span><\/h4>\n<p>En cas de non-r\u00e9ponse, nous vous invitons \u00e0 nous laisser un message sur le r\u00e9pondeur t\u00e9l\u00e9phonique ou de nous contacter par mail ou par courrier.<\/p>\n<\/div><\/div>\n<div class=\"su-divider su-divider-style-default\" style=\"margin:15px 0;border-width:2px;border-color:#999999\"><\/div>\n<div class=\"su-spoiler su-spoiler-style-fancy su-spoiler-icon-plus su-spoiler-closed\" data-scroll-offset=\"0\" data-anchor-in-url=\"no\"><div class=\"su-spoiler-title\" tabindex=\"0\" role=\"button\"><span class=\"su-spoiler-icon\"><\/span>Par mail<\/div><div class=\"su-spoiler-content su-u-clearfix su-u-trim\">\n<p><img loading=\"lazy\" decoding=\"async\" class=\"wp-image-2018 alignright\" src=\"https:\/\/acve23.com\/site\/wp-content\/uploads\/2015\/02\/image-de-mail.jpg\" alt=\"image-de-mail\" width=\"85\" height=\"80\" srcset=\"https:\/\/acve23.com\/site\/wp-content\/uploads\/2015\/02\/image-de-mail.jpg 497w, https:\/\/acve23.com\/site\/wp-content\/uploads\/2015\/02\/image-de-mail-300x281.jpg 300w, https:\/\/acve23.com\/site\/wp-content\/uploads\/2015\/02\/image-de-mail-230x215.jpg 230w, https:\/\/acve23.com\/site\/wp-content\/uploads\/2015\/02\/image-de-mail-350x327.jpg 350w\" sizes=\"auto, (max-width: 85px) 100vw, 85px\" \/>Vous souhaitez nous contacter. Envoyez nous un mail \u00e0 l&rsquo;adresse suivante : <strong><a href=\"mailto:infos@acve23.com\">infos@acve23.com<\/a><\/strong><\/p>\n<\/div><\/div>\n<p style=\"text-align: center;\"><div class=\"su-divider su-divider-style-default\" style=\"margin:15px 0;border-width:2px;border-color:#999999\"><\/div>\n<div class=\"su-spoiler su-spoiler-style-fancy su-spoiler-icon-plus su-spoiler-closed\" data-scroll-offset=\"0\" data-anchor-in-url=\"no\"><div class=\"su-spoiler-title\" tabindex=\"0\" role=\"button\"><span class=\"su-spoiler-icon\"><\/span>Par Facebook<\/div><div class=\"su-spoiler-content su-u-clearfix su-u-trim\">\n<p><img loading=\"lazy\" decoding=\"async\" class=\"alignleft wp-image-2036\" src=\"https:\/\/acve23.com\/site\/wp-content\/uploads\/2015\/02\/facebook-logo-2012-300x145.png\" alt=\"facebook-logo-2012\" width=\"247\" height=\"119\" srcset=\"https:\/\/acve23.com\/site\/wp-content\/uploads\/2015\/02\/facebook-logo-2012-300x145.png 300w, https:\/\/acve23.com\/site\/wp-content\/uploads\/2015\/02\/facebook-logo-2012-230x111.png 230w, https:\/\/acve23.com\/site\/wp-content\/uploads\/2015\/02\/facebook-logo-2012-350x169.png 350w, https:\/\/acve23.com\/site\/wp-content\/uploads\/2015\/02\/facebook-logo-2012.png 535w\" sizes=\"auto, (max-width: 247px) 100vw, 247px\" \/>Vous souhaitez contacter par Facebook. Nous vous invitons \u00e0 vous connecter \u00e0 notre page Amicale Creusoise de V\u00e9hicules d&rsquo;Epoque en cliquant sur le lien ci-dessous.<\/p>\n<p>&nbsp;<\/p>\n<p style=\"text-align: center;\">&nbsp;<a href=\"https:\/\/www.facebook.com\/acve23\/?view_public_for=373384536190134\" class=\"su-button su-button-style-glass\" style=\"color:#FFFFFF;background-color:#2D89EF;border-color:#246ec0;border-radius:5px\" target=\"_self\"><span style=\"color:#FFFFFF;padding:6px 16px;font-size:13px;line-height:20px;border-color:#6cadf4;border-radius:5px;text-shadow:none\"><img decoding=\"async\" src=\"https:\/\/acve23.com\/site\/wp-content\/uploads\/2015\/02\/117989-matte-blue-and-white-square-icon-social-media-logos-facebook-logo-square.png\" alt=\"Acc\u00e9der \u00e0 notre page Facebook\" style=\"width:20px;height:20px\" \/> Acc\u00e9der \u00e0 notre page Facebook<\/span><\/a>\n<\/div><\/div>\n<\/div>\n<p style=\"text-align: center;\"><div class=\"su-divider su-divider-style-default\" style=\"margin:15px 0;border-width:3px;border-color:#999999\"><\/div>\n<h6 style=\"text-align: center;\"><span style=\"color: #0000ff;\"><strong>Nous vous remercions de l'int\u00e9r\u00eat que vous portez \u00e0 l'Amicale Creusoise de V\u00e9hicules d'Epoque.<\/strong><\/span><\/h6>\n<p>&nbsp;<\/p>\n<\/div><\/div>\n","protected":false},"excerpt":{"rendered":"<p>&nbsp;<\/p>\n","protected":false},"author":1,"featured_media":0,"parent":0,"menu_order":0,"comment_status":"closed","ping_status":"closed","template":"","meta":{"ngg_post_thumbnail":0,"footnotes":""},"class_list":["post-216","page","type-page","status-publish","hentry",""],"_links":{"self":[{"href":"https:\/\/acve23.com\/site\/wp-json\/wp\/v2\/pages\/216","targetHints":{"allow":["GET"]}}],"collection":[{"href":"https:\/\/acve23.com\/site\/wp-json\/wp\/v2\/pages"}],"about":[{"href":"https:\/\/acve23.com\/site\/wp-json\/wp\/v2\/types\/page"}],"author":[{"embeddable":true,"href":"https:\/\/acve23.com\/site\/wp-json\/wp\/v2\/users\/1"}],"replies":[{"embeddable":true,"href":"https:\/\/acve23.com\/site\/wp-json\/wp\/v2\/comments?post=216"}],"version-history":[{"count":103,"href":"https:\/\/acve23.com\/site\/wp-json\/wp\/v2\/pages\/216\/revisions"}],"predecessor-version":[{"id":3205,"href":"https:\/\/acve23.com\/site\/wp-json\/wp\/v2\/pages\/216\/revisions\/3205"}],"wp:attachment":[{"href":"https:\/\/acve23.com\/site\/wp-json\/wp\/v2\/media?parent=216"}],"curies":[{"name":"wp","href":"https:\/\/api.w.org\/{rel}","templated":true}]}}