{"id":2065,"date":"2016-03-30T18:45:23","date_gmt":"2016-03-30T18:45:23","guid":{"rendered":"http:\/\/acve23.com\/site\/?page_id=2065"},"modified":"2016-03-30T18:51:04","modified_gmt":"2016-03-30T18:51:04","slug":"bmw","status":"publish","type":"page","link":"https:\/\/acve23.com\/site\/bmw\/","title":{"rendered":"BMW"},"content":{"rendered":"<h4 style=\"text-align: left;\"><div class=\"su-box su-box-style-default\" id=\"\" style=\"border-color:#000000;border-radius:3px;\"><div class=\"su-box-title\" style=\"background-color:#333333;color:#FFFFFF;border-top-left-radius:1px;border-top-right-radius:1px\">NOS VOITURES DE LA MARQUE<\/div><div class=\"su-box-content su-u-clearfix su-u-trim\" style=\"border-bottom-left-radius:1px;border-bottom-right-radius:1px\">\n<img loading=\"lazy\" decoding=\"async\" class=\"aligncenter wp-image-860\" src=\"https:\/\/acve23.com\/site\/wp-content\/uploads\/2015\/08\/2000px-BMW.svg_-150x150.png\" alt=\"\" width=\"225\" height=\"225\" srcset=\"https:\/\/acve23.com\/site\/wp-content\/uploads\/2015\/08\/2000px-BMW.svg_-150x150.png 150w, https:\/\/acve23.com\/site\/wp-content\/uploads\/2015\/08\/2000px-BMW.svg_-300x300.png 300w, https:\/\/acve23.com\/site\/wp-content\/uploads\/2015\/08\/2000px-BMW.svg_-1024x1024.png 1024w, https:\/\/acve23.com\/site\/wp-content\/uploads\/2015\/08\/2000px-BMW.svg_-830x830.png 830w, https:\/\/acve23.com\/site\/wp-content\/uploads\/2015\/08\/2000px-BMW.svg_-550x550.png 550w, https:\/\/acve23.com\/site\/wp-content\/uploads\/2015\/08\/2000px-BMW.svg_-230x230.png 230w, https:\/\/acve23.com\/site\/wp-content\/uploads\/2015\/08\/2000px-BMW.svg_.png 2000w\" sizes=\"auto, (max-width: 225px) 100vw, 225px\" \/><br \/>\n<\/div><\/div><\/h4>\n<div class=\"su-divider su-divider-style-double\" style=\"margin:15px 0;border-width:7px;border-color:#999999\"><a href=\"#\" style=\"color:#999999\">Aller en haut<\/a><\/div>\n<h2><img loading=\"lazy\" decoding=\"async\" class=\"alignleft wp-image-2066 size-thumbnail\" style=\"border: 5px solid #fffffe;\" src=\"https:\/\/acve23.com\/site\/wp-content\/uploads\/2016\/03\/20160225_180102-150x150.jpg\" alt=\"\" width=\"150\" height=\"150\" \/><span class=\"su-highlight\" style=\"background:#fdfd32;color:#000000\">&nbsp;BMW Z4&nbsp;<\/span><\/h2>\n<h5>Propri\u00e9taire : Jean &#8211; Pierre<\/h5>\n<h4>Ann\u00e9e : N.C<\/h4>\n<div class=\"su-tabs su-tabs-style-default su-tabs-mobile-stack\" data-active=\"1\" data-scroll-offset=\"0\" data-anchor-in-url=\"no\"><div class=\"su-tabs-nav\"><span class=\"\" data-url=\"\" data-target=\"blank\" tabindex=\"0\" role=\"button\">Photos<\/span><span class=\"\" data-url=\"\" data-target=\"blank\" tabindex=\"0\" role=\"button\">Caract\u00e9ristiques<\/span><span class=\"\" data-url=\"\" data-target=\"blank\" tabindex=\"0\" role=\"button\">Histoire<\/span><\/div><div class=\"su-tabs-panes\"><div class=\"su-tabs-pane su-u-clearfix su-u-trim\" data-title=\"Photos\">\n<p>\n<div class=\"ngg-galleryoverview\" id=\"ngg-gallery-3d409c547f4387571fa02ed7701f1953-2065\">\n\n\t\t\n\t<!-- Thumbnails -->\n\t\t\t\t\n\t<div id=\"ngg-image-125\" class=\"ngg-gallery-thumbnail-box\"  >\n\t\t<div class=\"ngg-gallery-thumbnail\" >\n\t\t\t<a href=\"https:\/\/acve23.com\/site\/wp-content\/gallery\/BMW%20Z4\/20160225_180102.jpg\"\n\t\t\t\ttitle=\" \"\n\t\t\t\tclass=\"ngg-fancybox\" rel=\"3d409c547f4387571fa02ed7701f1953\" data-image-id=\"125\" data-src=\"https:\/\/acve23.com\/site\/wp-content\/gallery\/BMW%20Z4\/20160225_180102.jpg\" data-thumbnail=\"https:\/\/acve23.com\/site\/wp-content\/gallery\/BMW%20Z4\/thumbs\/thumbs_20160225_180102.jpg\" data-title=\"20160225_180102\" data-description=\" \" >\n\t\t\t\t\t\t\t\t<img title=\"20160225_180102\" alt=\"20160225_180102\" src=\"https:\/\/acve23.com\/site\/wp-content\/gallery\/BMW%20Z4\/thumbs\/thumbs_20160225_180102.jpg\" width='120' height='90' \/>\n\t\t\t\t\t\t\t<\/a>\n\t\t<\/div>\n\t<\/div>\n\n\t\t\t\t\t\t\t\t\t\n\t\n\t<div id=\"ngg-image-126\" class=\"ngg-gallery-thumbnail-box\"  >\n\t\t<div class=\"ngg-gallery-thumbnail\" >\n\t\t\t<a href=\"https:\/\/acve23.com\/site\/wp-content\/gallery\/BMW%20Z4\/20160225_180117.jpg\"\n\t\t\t\ttitle=\" \"\n\t\t\t\tclass=\"ngg-fancybox\" rel=\"3d409c547f4387571fa02ed7701f1953\" data-image-id=\"126\" data-src=\"https:\/\/acve23.com\/site\/wp-content\/gallery\/BMW%20Z4\/20160225_180117.jpg\" data-thumbnail=\"https:\/\/acve23.com\/site\/wp-content\/gallery\/BMW%20Z4\/thumbs\/thumbs_20160225_180117.jpg\" data-title=\"20160225_180117\" data-description=\" \" >\n\t\t\t\t\t\t\t\t<img title=\"20160225_180117\" alt=\"20160225_180117\" src=\"https:\/\/acve23.com\/site\/wp-content\/gallery\/BMW%20Z4\/thumbs\/thumbs_20160225_180117.jpg\" width='120' height='90' \/>\n\t\t\t\t\t\t\t<\/a>\n\t\t<\/div>\n\t<\/div>\n\n\t\t\t\t\t\t\t\t\t\n\t\n\t<div id=\"ngg-image-127\" class=\"ngg-gallery-thumbnail-box\"  >\n\t\t<div class=\"ngg-gallery-thumbnail\" >\n\t\t\t<a href=\"https:\/\/acve23.com\/site\/wp-content\/gallery\/BMW%20Z4\/20160225_180156.jpg\"\n\t\t\t\ttitle=\" \"\n\t\t\t\tclass=\"ngg-fancybox\" rel=\"3d409c547f4387571fa02ed7701f1953\" data-image-id=\"127\" data-src=\"https:\/\/acve23.com\/site\/wp-content\/gallery\/BMW%20Z4\/20160225_180156.jpg\" data-thumbnail=\"https:\/\/acve23.com\/site\/wp-content\/gallery\/BMW%20Z4\/thumbs\/thumbs_20160225_180156.jpg\" data-title=\"20160225_180156\" data-description=\" \" >\n\t\t\t\t\t\t\t\t<img title=\"20160225_180156\" alt=\"20160225_180156\" src=\"https:\/\/acve23.com\/site\/wp-content\/gallery\/BMW%20Z4\/thumbs\/thumbs_20160225_180156.jpg\" width='120' height='90' \/>\n\t\t\t\t\t\t\t<\/a>\n\t\t<\/div>\n\t<\/div>\n\n\t\t\t\t\t\t\t\t\t\n\t\n\t<div id=\"ngg-image-128\" class=\"ngg-gallery-thumbnail-box\"  >\n\t\t<div class=\"ngg-gallery-thumbnail\" >\n\t\t\t<a href=\"https:\/\/acve23.com\/site\/wp-content\/gallery\/BMW%20Z4\/20160225_180214.jpg\"\n\t\t\t\ttitle=\" \"\n\t\t\t\tclass=\"ngg-fancybox\" rel=\"3d409c547f4387571fa02ed7701f1953\" data-image-id=\"128\" data-src=\"https:\/\/acve23.com\/site\/wp-content\/gallery\/BMW%20Z4\/20160225_180214.jpg\" data-thumbnail=\"https:\/\/acve23.com\/site\/wp-content\/gallery\/BMW%20Z4\/thumbs\/thumbs_20160225_180214.jpg\" data-title=\"20160225_180214\" data-description=\" \" >\n\t\t\t\t\t\t\t\t<img title=\"20160225_180214\" alt=\"20160225_180214\" src=\"https:\/\/acve23.com\/site\/wp-content\/gallery\/BMW%20Z4\/thumbs\/thumbs_20160225_180214.jpg\" width='120' height='90' \/>\n\t\t\t\t\t\t\t<\/a>\n\t\t<\/div>\n\t<\/div>\n\n\t\t\t\t\t\t\t\t\t\n\t\n\t<div id=\"ngg-image-129\" class=\"ngg-gallery-thumbnail-box\"  >\n\t\t<div class=\"ngg-gallery-thumbnail\" >\n\t\t\t<a href=\"https:\/\/acve23.com\/site\/wp-content\/gallery\/BMW%20Z4\/20160227_085959.jpg\"\n\t\t\t\ttitle=\" \"\n\t\t\t\tclass=\"ngg-fancybox\" rel=\"3d409c547f4387571fa02ed7701f1953\" data-image-id=\"129\" data-src=\"https:\/\/acve23.com\/site\/wp-content\/gallery\/BMW%20Z4\/20160227_085959.jpg\" data-thumbnail=\"https:\/\/acve23.com\/site\/wp-content\/gallery\/BMW%20Z4\/thumbs\/thumbs_20160227_085959.jpg\" data-title=\"20160227_085959\" data-description=\" \" >\n\t\t\t\t\t\t\t\t<img title=\"20160227_085959\" alt=\"20160227_085959\" src=\"https:\/\/acve23.com\/site\/wp-content\/gallery\/BMW%20Z4\/thumbs\/thumbs_20160227_085959.jpg\" width='120' height='90' \/>\n\t\t\t\t\t\t\t<\/a>\n\t\t<\/div>\n\t<\/div>\n\n\t\t\t\t\t\t\t\t\t\n\t\n\t<!-- Pagination -->\n\t\t<div class='ngg-clear'><\/div>\n<\/div>\n\n\t<\/p>\n<\/div>\n<div class=\"su-tabs-pane su-u-clearfix su-u-trim\" data-title=\"Caract\u00e9ristiques\">\n<p>Les caract\u00e9ristiques de cette voiture ne nous ont pas encore \u00e9t\u00e9 communiqu\u00e9s.<\/p>\n<\/div>\n<div class=\"su-tabs-pane su-u-clearfix su-u-trim\" data-title=\"Histoire\">\n<p><span style=\"line-height: 1.5;\">La <b>BMW Z4<\/b> est un mod\u00e8le de roadster et de coup\u00e9 du constructeur automobile BMW.\u00a0<\/span><\/p>\n<p style=\"text-align: justify;\">Le <b>Z4<\/b> fut con\u00e7u dans la lign\u00e9e du BMW Z3 qu&rsquo;il remplace. Fort de la perc\u00e9e effectu\u00e9e par le Z3 vendu \u00e0 300 000 exemplaires dans le monde, le Z4 est lui aussi un succ\u00e8s commercial pour BMW. Une version M plus incisive est disponible.<\/p>\n<p style=\"text-align: justify;\">Apr\u00e8s avoir \u00e9t\u00e9 pr\u00e9sent\u00e9 au Mondial de Paris en septembre 2002, le roadster Z4 est lanc\u00e9 en France le 27 mars 2003. Le Z3 passe le t\u00e9moin \u00e0 un mod\u00e8le un peu plus grand, plus cossu, plus performant tout en cherchant \u00e0 \u00eatre plus facile \u00e0 conduire. Le nouveau roadster s\u2019est d\u00e9barrass\u00e9 des formes rondes n\u00e9o-r\u00e9tro de son \u201canc\u00eatre\u201d pour adopter des lignes tendues et bris\u00e9es. Une nouvelle strat\u00e9gie de style. Mais aussi une nouvelle strat\u00e9gie de gamme\u2026 Alors que le Z3 avait \u00e9t\u00e9 lanc\u00e9 avec de petites motorisations \u00e0 base de 4 cylindres avant de monter en gamme jusqu\u2019aux 6 cylindres \u00e0 24 soupapes et double Vanos, le Z4 est cette fois lanc\u00e9 en trois versions de 6 cylindres\u00a0: un 2,2 litres de 170 ch (Europe uniquement), un <span class=\"nowrap\">2,5\u00a0litres<\/span> de 192 ch (Z4 2.5i) et un <span class=\"nowrap\">3\u00a0litres<\/span> de 231 ch (Z4 3.0i).<\/p>\n<p style=\"text-align: justify;\">La s\u00e9rie Z4 conna\u00eet un grand succ\u00e8s puisque le 100\u00a0000<sup>e<\/sup> exemplaire Z4 est c\u00e9l\u00e9br\u00e9 en novembre 2004, juste apr\u00e8s deux ans de commercialisation.<\/p>\n<p style=\"text-align: justify;\">La famille des roadsters Z4 de BMW s&rsquo;agrandit en avril 2005 avec une petite motorisation europ\u00e9enne de <span class=\"nowrap\">2\u00a0litres<\/span>, le Z4 2.0i. Avec ses 150 ch issus d&rsquo;un bloc 4 cylindres, ce Z4 2.0i compl\u00e8te la gamme vers les cylindr\u00e9es les plus raisonnables. En se positionnant sous le 2.2i de 170 ch, ce nouveau mod\u00e8le compl\u00e8te la place de la s\u00e9rie Z4 face \u00e0 une forte concurrence sur le march\u00e9 europ\u00e9en. En 2006 arrive la version M en cabriolet puis en coup\u00e9. Esth\u00e9tiquement, le restylage d&rsquo;avril 2006 n&rsquo;a port\u00e9 que sur des points de d\u00e9tail\u00a0: \u00e0 l&rsquo;avant le bouclier est plus anguleux et int\u00e8gre des antibrouillards rectangulaires, tandis que l&rsquo;arri\u00e8re se dote de nouveaux feux de m\u00eame forme, mais dont l&rsquo;am\u00e9nagement diff\u00e8re (les cercles sont remplac\u00e9s par des rectangles), le bouclier arri\u00e8re, quant \u00e0 lui adopte des ar\u00eates plus saillantes. L&rsquo;am\u00e9nagement de l&rsquo;habitacle reste le m\u00eame, avec toutefois une am\u00e9lioration de la qualit\u00e9 des mat\u00e9riaux. Les vraies nouveaut\u00e9s se situent sous le capot avec l&rsquo;adoption de nouvelles motorisations 6 cylindres (seule la version 4 cylindres <span class=\"nowrap\">2\u00a0l<\/span> de 150 ch ne change pas)\u00a0: le 2.2i est remplac\u00e9 par un 2.5i plus puissant de 7 ch et plus fort en couple, le 2.5i dispara\u00eet au profit d&rsquo;un 2.5Si fort de 218 ch et, enfin, le 3.0i d\u00e9j\u00e0 r\u00e9put\u00e9 pour sa puissance, fait place \u00e0 un 3.0Si de 265 ch, ces deux derni\u00e8res motorisations sont dot\u00e9es de l&rsquo;injection indirecte.<\/p>\n<\/div><\/div><\/div>\n<p style=\"text-align: center;\"><a href=\"https:\/\/acve23.com\/site\/les-marques\/\" class=\"su-button su-button-style-flat\" style=\"color:#FFFFFF;background-color:#2D89EF;border-color:#246ec0;border-radius:5px\" target=\"_self\"><span style=\"color:#FFFFFF;padding:6px 16px;font-size:13px;line-height:20px;border-color:#6cadf4;border-radius:5px;text-shadow:none\"><img decoding=\"async\" src=\"https:\/\/acve23.com\/site\/wp-content\/uploads\/2015\/09\/car124.png\" alt=\"RETOUR AUX MARQUES\" style=\"width:20px;height:20px\" \/> RETOUR AUX MARQUES<\/span><\/a>\n<p style=\"text-align: center;\">\n","protected":false},"excerpt":{"rendered":"<p>Propri\u00e9taire : Jean &#8211; Pierre Ann\u00e9e : N.C<\/p>\n","protected":false},"author":1,"featured_media":0,"parent":0,"menu_order":0,"comment_status":"closed","ping_status":"closed","template":"page-templates\/page_front-page.php","meta":{"ngg_post_thumbnail":0,"footnotes":""},"class_list":["post-2065","page","type-page","status-publish","hentry",""],"_links":{"self":[{"href":"https:\/\/acve23.com\/site\/wp-json\/wp\/v2\/pages\/2065","targetHints":{"allow":["GET"]}}],"collection":[{"href":"https:\/\/acve23.com\/site\/wp-json\/wp\/v2\/pages"}],"about":[{"href":"https:\/\/acve23.com\/site\/wp-json\/wp\/v2\/types\/page"}],"author":[{"embeddable":true,"href":"https:\/\/acve23.com\/site\/wp-json\/wp\/v2\/users\/1"}],"replies":[{"embeddable":true,"href":"https:\/\/acve23.com\/site\/wp-json\/wp\/v2\/comments?post=2065"}],"version-history":[{"count":6,"href":"https:\/\/acve23.com\/site\/wp-json\/wp\/v2\/pages\/2065\/revisions"}],"predecessor-version":[{"id":2085,"href":"https:\/\/acve23.com\/site\/wp-json\/wp\/v2\/pages\/2065\/revisions\/2085"}],"wp:attachment":[{"href":"https:\/\/acve23.com\/site\/wp-json\/wp\/v2\/media?parent=2065"}],"curies":[{"name":"wp","href":"https:\/\/api.w.org\/{rel}","templated":true}]}}