{"id":1876,"date":"2015-11-08T21:37:22","date_gmt":"2015-11-08T21:37:22","guid":{"rendered":"http:\/\/acve23.com\/site\/?page_id=1876"},"modified":"2015-11-08T21:41:54","modified_gmt":"2015-11-08T21:41:54","slug":"toyota","status":"publish","type":"page","link":"https:\/\/acve23.com\/site\/toyota\/","title":{"rendered":"TOYOTA"},"content":{"rendered":"<h4 style=\"text-align: left;\"><div class=\"su-box su-box-style-default\" id=\"\" style=\"border-color:#000000;border-radius:3px;\"><div class=\"su-box-title\" style=\"background-color:#333333;color:#FFFFFF;border-top-left-radius:1px;border-top-right-radius:1px\">NOS VOITURES DE LA MARQUE<\/div><div class=\"su-box-content su-u-clearfix su-u-trim\" style=\"border-bottom-left-radius:1px;border-bottom-right-radius:1px\">\n<img loading=\"lazy\" decoding=\"async\" class=\"aligncenter wp-image-962 size-full\" src=\"https:\/\/acve23.com\/site\/wp-content\/uploads\/2015\/08\/TOYOTA.png\" alt=\"\" width=\"264\" height=\"191\" srcset=\"https:\/\/acve23.com\/site\/wp-content\/uploads\/2015\/08\/TOYOTA.png 264w, https:\/\/acve23.com\/site\/wp-content\/uploads\/2015\/08\/TOYOTA-230x166.png 230w\" sizes=\"auto, (max-width: 264px) 100vw, 264px\" \/><br \/>\n<\/div><\/div><\/h4>\n<div class=\"su-divider su-divider-style-double\" style=\"margin:15px 0;border-width:7px;border-color:#999999\"><a href=\"#\" style=\"color:#999999\">Aller en haut<\/a><\/div>\n<h2><a href=\"https:\/\/acve23.com\/site\/wp-content\/uploads\/2015\/11\/MR2-1.jpg\"><img loading=\"lazy\" decoding=\"async\" class=\"wp-image-1877 size-thumbnail alignleft\" style=\"border: 5px solid #fffffe;\" src=\"https:\/\/acve23.com\/site\/wp-content\/uploads\/2015\/11\/MR2-1-150x150.jpg\" alt=\"\" width=\"150\" height=\"150\" \/><\/a><span class=\"su-highlight\" style=\"background:#fdfd32;color:#000000\">&nbsp;TOYOTA MR2&nbsp;<\/span><\/h2>\n<h5>Propri\u00e9taire :\u00a0Martine et Marcel<\/h5>\n<h4>Ann\u00e9e :\u00a01990<\/h4>\n<div class=\"su-tabs su-tabs-style-default su-tabs-mobile-stack\" data-active=\"1\" data-scroll-offset=\"0\" data-anchor-in-url=\"no\"><div class=\"su-tabs-nav\"><span class=\"\" data-url=\"\" data-target=\"blank\" tabindex=\"0\" role=\"button\">Photos<\/span><span class=\"\" data-url=\"\" data-target=\"blank\" tabindex=\"0\" role=\"button\">Caract\u00e9ristiques<\/span><span class=\"\" data-url=\"\" data-target=\"blank\" tabindex=\"0\" role=\"button\">Histoire<\/span><\/div><div class=\"su-tabs-panes\"><div class=\"su-tabs-pane su-u-clearfix su-u-trim\" data-title=\"Photos\">\n<p>\n<div class=\"ngg-galleryoverview\" id=\"ngg-gallery-0cce861786f158f748cf932f105d1389-1876\">\n\n\t\t\t<!-- Slideshow link -->\n\t<div class=\"slideshowlink\">\n\t\t<a class=\"slideshowlink\" href=\"https:\/\/acve23.com\/site\/toyota\/nggallery\/slideshow\">\n\t\t\t[Montrer sous forme de diaporama]\t\t<\/a>\n\t<\/div>\n\n\t<!-- Thumbnails -->\n\t\t\t\t\n\t<div id=\"ngg-image-115\" class=\"ngg-gallery-thumbnail-box\"  >\n\t\t<div class=\"ngg-gallery-thumbnail\" >\n\t\t\t<a href=\"https:\/\/acve23.com\/site\/wp-content\/gallery\/toyota-mr2\/MR2-1.jpg\"\n\t\t\t\ttitle=\" \"\n\t\t\t\tclass=\"ngg-fancybox\" rel=\"0cce861786f158f748cf932f105d1389\" data-image-id=\"115\" data-src=\"https:\/\/acve23.com\/site\/wp-content\/gallery\/toyota-mr2\/MR2-1.jpg\" data-thumbnail=\"https:\/\/acve23.com\/site\/wp-content\/gallery\/toyota-mr2\/thumbs\/thumbs_MR2-1.jpg\" data-title=\"MR2-1\" data-description=\" \" >\n\t\t\t\t\t\t\t\t<img title=\"MR2-1\" alt=\"MR2-1\" src=\"https:\/\/acve23.com\/site\/wp-content\/gallery\/toyota-mr2\/thumbs\/thumbs_MR2-1.jpg\" width='120' height='90' \/>\n\t\t\t\t\t\t\t<\/a>\n\t\t<\/div>\n\t<\/div>\n\n\t\t\t\t\t\t\t\t\t\n\t\n\t<div id=\"ngg-image-116\" class=\"ngg-gallery-thumbnail-box\"  >\n\t\t<div class=\"ngg-gallery-thumbnail\" >\n\t\t\t<a href=\"https:\/\/acve23.com\/site\/wp-content\/gallery\/toyota-mr2\/MR2-2.jpg\"\n\t\t\t\ttitle=\" \"\n\t\t\t\tclass=\"ngg-fancybox\" rel=\"0cce861786f158f748cf932f105d1389\" data-image-id=\"116\" data-src=\"https:\/\/acve23.com\/site\/wp-content\/gallery\/toyota-mr2\/MR2-2.jpg\" data-thumbnail=\"https:\/\/acve23.com\/site\/wp-content\/gallery\/toyota-mr2\/thumbs\/thumbs_MR2-2.jpg\" data-title=\"MR2-2\" data-description=\" \" >\n\t\t\t\t\t\t\t\t<img title=\"MR2-2\" alt=\"MR2-2\" src=\"https:\/\/acve23.com\/site\/wp-content\/gallery\/toyota-mr2\/thumbs\/thumbs_MR2-2.jpg\" width='120' height='90' \/>\n\t\t\t\t\t\t\t<\/a>\n\t\t<\/div>\n\t<\/div>\n\n\t\t\t\t\t\t\t\t\t\n\t\n\t<div id=\"ngg-image-117\" class=\"ngg-gallery-thumbnail-box\"  >\n\t\t<div class=\"ngg-gallery-thumbnail\" >\n\t\t\t<a href=\"https:\/\/acve23.com\/site\/wp-content\/gallery\/toyota-mr2\/MR2-3.JPG\"\n\t\t\t\ttitle=\" \"\n\t\t\t\tclass=\"ngg-fancybox\" rel=\"0cce861786f158f748cf932f105d1389\" data-image-id=\"117\" data-src=\"https:\/\/acve23.com\/site\/wp-content\/gallery\/toyota-mr2\/MR2-3.JPG\" data-thumbnail=\"https:\/\/acve23.com\/site\/wp-content\/gallery\/toyota-mr2\/thumbs\/thumbs_MR2-3.JPG\" data-title=\"MR2-3\" data-description=\" \" >\n\t\t\t\t\t\t\t\t<img title=\"MR2-3\" alt=\"MR2-3\" src=\"https:\/\/acve23.com\/site\/wp-content\/gallery\/toyota-mr2\/thumbs\/thumbs_MR2-3.JPG\" width='120' height='90' \/>\n\t\t\t\t\t\t\t<\/a>\n\t\t<\/div>\n\t<\/div>\n\n\t\t\t\t\t\t\t\t\t\n\t\n\t<div id=\"ngg-image-118\" class=\"ngg-gallery-thumbnail-box\"  >\n\t\t<div class=\"ngg-gallery-thumbnail\" >\n\t\t\t<a href=\"https:\/\/acve23.com\/site\/wp-content\/gallery\/toyota-mr2\/MR2-4.JPG\"\n\t\t\t\ttitle=\" \"\n\t\t\t\tclass=\"ngg-fancybox\" rel=\"0cce861786f158f748cf932f105d1389\" data-image-id=\"118\" data-src=\"https:\/\/acve23.com\/site\/wp-content\/gallery\/toyota-mr2\/MR2-4.JPG\" data-thumbnail=\"https:\/\/acve23.com\/site\/wp-content\/gallery\/toyota-mr2\/thumbs\/thumbs_MR2-4.JPG\" data-title=\"MR2-4\" data-description=\" \" >\n\t\t\t\t\t\t\t\t<img title=\"MR2-4\" alt=\"MR2-4\" src=\"https:\/\/acve23.com\/site\/wp-content\/gallery\/toyota-mr2\/thumbs\/thumbs_MR2-4.JPG\" width='120' height='90' \/>\n\t\t\t\t\t\t\t<\/a>\n\t\t<\/div>\n\t<\/div>\n\n\t\t\t\t\t\t\t\t\t\n\t\n\t<div id=\"ngg-image-119\" class=\"ngg-gallery-thumbnail-box\"  >\n\t\t<div class=\"ngg-gallery-thumbnail\" >\n\t\t\t<a href=\"https:\/\/acve23.com\/site\/wp-content\/gallery\/toyota-mr2\/MR2-5.JPG\"\n\t\t\t\ttitle=\" \"\n\t\t\t\tclass=\"ngg-fancybox\" rel=\"0cce861786f158f748cf932f105d1389\" data-image-id=\"119\" data-src=\"https:\/\/acve23.com\/site\/wp-content\/gallery\/toyota-mr2\/MR2-5.JPG\" data-thumbnail=\"https:\/\/acve23.com\/site\/wp-content\/gallery\/toyota-mr2\/thumbs\/thumbs_MR2-5.JPG\" data-title=\"MR2-5\" data-description=\" \" >\n\t\t\t\t\t\t\t\t<img title=\"MR2-5\" alt=\"MR2-5\" src=\"https:\/\/acve23.com\/site\/wp-content\/gallery\/toyota-mr2\/thumbs\/thumbs_MR2-5.JPG\" width='120' height='90' \/>\n\t\t\t\t\t\t\t<\/a>\n\t\t<\/div>\n\t<\/div>\n\n\t\t\t\t\t\t\t\t\t\n\t\n\t<div id=\"ngg-image-120\" class=\"ngg-gallery-thumbnail-box\"  >\n\t\t<div class=\"ngg-gallery-thumbnail\" >\n\t\t\t<a href=\"https:\/\/acve23.com\/site\/wp-content\/gallery\/toyota-mr2\/MR2-6.JPG\"\n\t\t\t\ttitle=\" \"\n\t\t\t\tclass=\"ngg-fancybox\" rel=\"0cce861786f158f748cf932f105d1389\" data-image-id=\"120\" data-src=\"https:\/\/acve23.com\/site\/wp-content\/gallery\/toyota-mr2\/MR2-6.JPG\" data-thumbnail=\"https:\/\/acve23.com\/site\/wp-content\/gallery\/toyota-mr2\/thumbs\/thumbs_MR2-6.JPG\" data-title=\"MR2-6\" data-description=\" \" >\n\t\t\t\t\t\t\t\t<img title=\"MR2-6\" alt=\"MR2-6\" src=\"https:\/\/acve23.com\/site\/wp-content\/gallery\/toyota-mr2\/thumbs\/thumbs_MR2-6.JPG\" width='120' height='90' \/>\n\t\t\t\t\t\t\t<\/a>\n\t\t<\/div>\n\t<\/div>\n\n\t\t\t\t\t\t\t\t\t\n\t\n\t<div id=\"ngg-image-121\" class=\"ngg-gallery-thumbnail-box\"  >\n\t\t<div class=\"ngg-gallery-thumbnail\" >\n\t\t\t<a href=\"https:\/\/acve23.com\/site\/wp-content\/gallery\/toyota-mr2\/MR2-7.JPG\"\n\t\t\t\ttitle=\" \"\n\t\t\t\tclass=\"ngg-fancybox\" rel=\"0cce861786f158f748cf932f105d1389\" data-image-id=\"121\" data-src=\"https:\/\/acve23.com\/site\/wp-content\/gallery\/toyota-mr2\/MR2-7.JPG\" data-thumbnail=\"https:\/\/acve23.com\/site\/wp-content\/gallery\/toyota-mr2\/thumbs\/thumbs_MR2-7.JPG\" data-title=\"MR2-7\" data-description=\" \" >\n\t\t\t\t\t\t\t\t<img title=\"MR2-7\" alt=\"MR2-7\" src=\"https:\/\/acve23.com\/site\/wp-content\/gallery\/toyota-mr2\/thumbs\/thumbs_MR2-7.JPG\" width='120' height='90' \/>\n\t\t\t\t\t\t\t<\/a>\n\t\t<\/div>\n\t<\/div>\n\n\t\t\t\t\t\t\t\t\t\n\t\n\t<div id=\"ngg-image-122\" class=\"ngg-gallery-thumbnail-box\"  >\n\t\t<div class=\"ngg-gallery-thumbnail\" >\n\t\t\t<a href=\"https:\/\/acve23.com\/site\/wp-content\/gallery\/toyota-mr2\/MR2-8.JPG\"\n\t\t\t\ttitle=\" \"\n\t\t\t\tclass=\"ngg-fancybox\" rel=\"0cce861786f158f748cf932f105d1389\" data-image-id=\"122\" data-src=\"https:\/\/acve23.com\/site\/wp-content\/gallery\/toyota-mr2\/MR2-8.JPG\" data-thumbnail=\"https:\/\/acve23.com\/site\/wp-content\/gallery\/toyota-mr2\/thumbs\/thumbs_MR2-8.JPG\" data-title=\"MR2-8\" data-description=\" \" >\n\t\t\t\t\t\t\t\t<img title=\"MR2-8\" alt=\"MR2-8\" src=\"https:\/\/acve23.com\/site\/wp-content\/gallery\/toyota-mr2\/thumbs\/thumbs_MR2-8.JPG\" width='120' height='90' \/>\n\t\t\t\t\t\t\t<\/a>\n\t\t<\/div>\n\t<\/div>\n\n\t\t\t\t\t\t\t\t\t\n\t\n\t<!-- Pagination -->\n\t\t<div class='ngg-clear'><\/div>\n<\/div>\n\n\t<\/p>\n<\/div>\n<div class=\"su-tabs-pane su-u-clearfix su-u-trim\" data-title=\"Caract\u00e9ristiques\">\n<ul>\n<li>Coup\u00e9 avec toit ouvrant.<\/li>\n<li>Moteur central 2 litres<\/li>\n<li>16 soupapes.<\/li>\n<li>Puissance 160 CV\u00a0 Din<\/li>\n<li>10 Cv fiscaux.<\/li>\n<\/ul>\n<\/div>\n<div class=\"su-tabs-pane su-u-clearfix su-u-trim\" data-title=\"Histoire\">\n<p>La Toyota MR est un mod\u00e8le d&rsquo;automobile construit par Toyota. Elle est appel\u00e9e Toyota MR2 partout dans le monde, sauf dans les pays francophones, o\u00f9 commercialement l\u2019appellation MR2 laisse \u00e0 d\u00e9sirer.\u00a0MR2 signifie \u00ab\u00a0Mid-engine, Rear-wheel-drive &amp; 2-seat\u00a0\u00bb soit en Fran\u00e7ais \u00ab\u00a0Moteur en position centrale, Propulsion, 2 places\u00a0\u00bb.<\/p>\n<p>Ce mod\u00e8le a son anecdote : son cr\u00e9ateur chez Toyota souhaitait mettre sur le march\u00e9 une voiture permettant au pilote de connaitre ses limites, une petite sportive qui permettait \u00e0 \u00a0chacun de s&rsquo;initier au plaisir de la conduite en v\u00e9hicule propulsion avec un moteur central-arri\u00e8re.<\/p>\n<p>Cette conception lui a valu le surnom de \u00ab\u00a0Baby Ferrari\u00a0\u00bb aupr\u00e8s de la presse Anglaise; la MR faisant fortement \u00e9cho \u00e0 la F348 et \u00e0 la F355 dans son architecture.<\/p>\n<p style=\"text-align: justify;\"><\/div><\/div><\/div>\n<p style=\"text-align: center;\"><a href=\"https:\/\/acve23.com\/site\/les-marques\/\" class=\"su-button su-button-style-flat\" style=\"color:#FFFFFF;background-color:#2D89EF;border-color:#246ec0;border-radius:5px\" target=\"_self\"><span style=\"color:#FFFFFF;padding:6px 16px;font-size:13px;line-height:20px;border-color:#6cadf4;border-radius:5px;text-shadow:none\"><img decoding=\"async\" src=\"https:\/\/acve23.com\/site\/wp-content\/uploads\/2015\/09\/car124.png\" alt=\"RETOUR AUX MARQUES\" style=\"width:20px;height:20px\" \/> RETOUR AUX MARQUES<\/span><\/a>\n<p>&nbsp;<\/p>\n","protected":false},"excerpt":{"rendered":"<p>Propri\u00e9taire :\u00a0Martine et Marcel Ann\u00e9e :\u00a01990 &nbsp;<\/p>\n","protected":false},"author":1,"featured_media":0,"parent":0,"menu_order":0,"comment_status":"closed","ping_status":"closed","template":"page-templates\/page_front-page.php","meta":{"ngg_post_thumbnail":0,"footnotes":""},"class_list":["post-1876","page","type-page","status-publish","hentry",""],"_links":{"self":[{"href":"https:\/\/acve23.com\/site\/wp-json\/wp\/v2\/pages\/1876","targetHints":{"allow":["GET"]}}],"collection":[{"href":"https:\/\/acve23.com\/site\/wp-json\/wp\/v2\/pages"}],"about":[{"href":"https:\/\/acve23.com\/site\/wp-json\/wp\/v2\/types\/page"}],"author":[{"embeddable":true,"href":"https:\/\/acve23.com\/site\/wp-json\/wp\/v2\/users\/1"}],"replies":[{"embeddable":true,"href":"https:\/\/acve23.com\/site\/wp-json\/wp\/v2\/comments?post=1876"}],"version-history":[{"count":3,"href":"https:\/\/acve23.com\/site\/wp-json\/wp\/v2\/pages\/1876\/revisions"}],"predecessor-version":[{"id":1900,"href":"https:\/\/acve23.com\/site\/wp-json\/wp\/v2\/pages\/1876\/revisions\/1900"}],"wp:attachment":[{"href":"https:\/\/acve23.com\/site\/wp-json\/wp\/v2\/media?parent=1876"}],"curies":[{"name":"wp","href":"https:\/\/api.w.org\/{rel}","templated":true}]}}