{"id":1750,"date":"2015-09-30T08:13:10","date_gmt":"2015-09-30T08:13:10","guid":{"rendered":"http:\/\/acve23.com\/site\/?page_id=1750"},"modified":"2019-01-23T13:38:51","modified_gmt":"2019-01-23T13:38:51","slug":"1750-2","status":"publish","type":"page","link":"https:\/\/acve23.com\/site\/1750-2\/","title":{"rendered":"LES TRACTEURS ET ENGINS AGRICOLES"},"content":{"rendered":"<h4 style=\"text-align: left;\"><div class=\"su-box su-box-style-default\" id=\"\" style=\"border-color:#000000;border-radius:3px;\"><div class=\"su-box-title\" style=\"background-color:#333333;color:#FFFFFF;border-top-left-radius:1px;border-top-right-radius:1px\"><\/div><div class=\"su-box-content su-u-clearfix su-u-trim\" style=\"border-bottom-left-radius:1px;border-bottom-right-radius:1px\">\n<img loading=\"lazy\" decoding=\"async\" class=\"aligncenter wp-image-1734\" src=\"https:\/\/acve23.com\/site\/wp-content\/uploads\/2015\/09\/LES-TRACTEURS-ET-ENGINS-AGRICOLES.jpg\" alt=\"\" width=\"1000\" height=\"181\" srcset=\"https:\/\/acve23.com\/site\/wp-content\/uploads\/2015\/09\/LES-TRACTEURS-ET-ENGINS-AGRICOLES.jpg 1108w, https:\/\/acve23.com\/site\/wp-content\/uploads\/2015\/09\/LES-TRACTEURS-ET-ENGINS-AGRICOLES-300x54.jpg 300w, https:\/\/acve23.com\/site\/wp-content\/uploads\/2015\/09\/LES-TRACTEURS-ET-ENGINS-AGRICOLES-1024x185.jpg 1024w, https:\/\/acve23.com\/site\/wp-content\/uploads\/2015\/09\/LES-TRACTEURS-ET-ENGINS-AGRICOLES-830x150.jpg 830w, https:\/\/acve23.com\/site\/wp-content\/uploads\/2015\/09\/LES-TRACTEURS-ET-ENGINS-AGRICOLES-230x42.jpg 230w, https:\/\/acve23.com\/site\/wp-content\/uploads\/2015\/09\/LES-TRACTEURS-ET-ENGINS-AGRICOLES-350x63.jpg 350w\" sizes=\"auto, (max-width: 1000px) 100vw, 1000px\" \/><br \/>\n<\/div><\/div><\/h4>\n<div class=\"su-divider su-divider-style-double\" style=\"margin:15px 0;border-width:7px;border-color:#999999\"><a href=\"#\" style=\"color:#999999\">Aller en haut<\/a><\/div>\n<h2><img loading=\"lazy\" decoding=\"async\" class=\"wp-image-1753 size-thumbnail alignleft\" style=\"border: 5px solid #fffffe;\" src=\"https:\/\/acve23.com\/site\/wp-content\/uploads\/2015\/09\/IMG_4508-150x150.jpg\" alt=\"\" width=\"150\" height=\"150\"><span class=\"su-highlight\" style=\"background:#fdfd32;color:#000000\">&nbsp;RENAULT SUPER 7&nbsp;<\/span><\/h2>\n<h5>Propri\u00e9taire :&nbsp;Jean-Louis et Madeleine<\/h5>\n<h4>Ann\u00e9e : N.C<\/h4>\n<div class=\"su-tabs su-tabs-style-default su-tabs-mobile-stack\" data-active=\"1\" data-scroll-offset=\"0\" data-anchor-in-url=\"no\"><div class=\"su-tabs-nav\"><span class=\"\" data-url=\"\" data-target=\"blank\" tabindex=\"0\" role=\"button\">Photos<\/span><span class=\"\" data-url=\"\" data-target=\"blank\" tabindex=\"0\" role=\"button\">Caract\u00e9ristiques<\/span><span class=\"\" data-url=\"\" data-target=\"blank\" tabindex=\"0\" role=\"button\">Histoire<\/span><\/div><div class=\"su-tabs-panes\"><div class=\"su-tabs-pane su-u-clearfix su-u-trim\" data-title=\"Photos\">\nngg_shortcode_0_placeholder<\/div>\n<div class=\"su-tabs-pane su-u-clearfix su-u-trim\" data-title=\"Caract\u00e9ristiques\">\n<p>Les caract\u00e9ristiques de ce&nbsp;tracteur&nbsp;ne nous ont pas encore \u00e9t\u00e9 communiqu\u00e9s.<\/p>\n<\/div>\n<div class=\"su-tabs-pane su-u-clearfix su-u-trim\" data-title=\"Histoire\">\n<p style=\"text-align: left;\">Le Tracteur Renault Super 7 et super 7D(R7055), fut d\u00e9clin\u00e9 en en plusieurs versions,. N pour Normal, V pour Vigneron et E pour Etroit.<\/p>\n<\/div><\/div><\/div>\n<p style=\"text-align: center;\"><a href=\"https:\/\/acve23.com\/site\/nos-vehicules-accueil\/\" class=\"su-button su-button-style-flat\" style=\"color:#FFFFFF;background-color:#2D89EF;border-color:#246ec0;border-radius:5px\" target=\"_self\"><span style=\"color:#FFFFFF;padding:6px 16px;font-size:13px;line-height:20px;border-color:#6cadf4;border-radius:5px;text-shadow:none\"><img decoding=\"async\" src=\"https:\/\/acve23.com\/site\/wp-content\/uploads\/2015\/09\/car124.png\" alt=\"RETOUR AUX GALERIES\" style=\"width:20px;height:20px\" \/> RETOUR AUX GALERIES<\/span><\/a>\n<p>&nbsp;<\/p>\n","protected":false},"excerpt":{"rendered":"<p>Propri\u00e9taire :&nbsp;Jean-Louis et Madeleine Ann\u00e9e : N.C &nbsp;<\/p>\n","protected":false},"author":1,"featured_media":0,"parent":0,"menu_order":0,"comment_status":"closed","ping_status":"closed","template":"page-templates\/page_front-page.php","meta":{"ngg_post_thumbnail":0,"footnotes":""},"class_list":["post-1750","page","type-page","status-publish","hentry",""],"_links":{"self":[{"href":"https:\/\/acve23.com\/site\/wp-json\/wp\/v2\/pages\/1750","targetHints":{"allow":["GET"]}}],"collection":[{"href":"https:\/\/acve23.com\/site\/wp-json\/wp\/v2\/pages"}],"about":[{"href":"https:\/\/acve23.com\/site\/wp-json\/wp\/v2\/types\/page"}],"author":[{"embeddable":true,"href":"https:\/\/acve23.com\/site\/wp-json\/wp\/v2\/users\/1"}],"replies":[{"embeddable":true,"href":"https:\/\/acve23.com\/site\/wp-json\/wp\/v2\/comments?post=1750"}],"version-history":[{"count":11,"href":"https:\/\/acve23.com\/site\/wp-json\/wp\/v2\/pages\/1750\/revisions"}],"predecessor-version":[{"id":2656,"href":"https:\/\/acve23.com\/site\/wp-json\/wp\/v2\/pages\/1750\/revisions\/2656"}],"wp:attachment":[{"href":"https:\/\/acve23.com\/site\/wp-json\/wp\/v2\/media?parent=1750"}],"curies":[{"name":"wp","href":"https:\/\/api.w.org\/{rel}","templated":true}]}}