{"id":1696,"date":"2015-09-29T22:06:50","date_gmt":"2015-09-29T22:06:50","guid":{"rendered":"http:\/\/acve23.com\/site\/?page_id=1696"},"modified":"2015-09-30T08:55:07","modified_gmt":"2015-09-30T08:55:07","slug":"en-cours-de-restauration","status":"publish","type":"page","link":"https:\/\/acve23.com\/site\/en-cours-de-restauration\/","title":{"rendered":"EN COURS DE RESTAURATION"},"content":{"rendered":"<h4 style=\"text-align: left;\"><div class=\"su-box su-box-style-default\" id=\"\" style=\"border-color:#000000;border-radius:3px;\"><div class=\"su-box-title\" style=\"background-color:#333333;color:#FFFFFF;border-top-left-radius:1px;border-top-right-radius:1px\">LES VOITURES...<\/div><div class=\"su-box-content su-u-clearfix su-u-trim\" style=\"border-bottom-left-radius:1px;border-bottom-right-radius:1px\">\n<img loading=\"lazy\" decoding=\"async\" class=\"aligncenter wp-image-1693 size-large\" src=\"https:\/\/acve23.com\/site\/wp-content\/uploads\/2015\/08\/EN-COURS-DE-RESTAURATION-1024x185.jpg\" alt=\"\" width=\"1024\" height=\"185\" srcset=\"https:\/\/acve23.com\/site\/wp-content\/uploads\/2015\/08\/EN-COURS-DE-RESTAURATION-1024x185.jpg 1024w, https:\/\/acve23.com\/site\/wp-content\/uploads\/2015\/08\/EN-COURS-DE-RESTAURATION-300x54.jpg 300w, https:\/\/acve23.com\/site\/wp-content\/uploads\/2015\/08\/EN-COURS-DE-RESTAURATION-830x150.jpg 830w, https:\/\/acve23.com\/site\/wp-content\/uploads\/2015\/08\/EN-COURS-DE-RESTAURATION-230x42.jpg 230w, https:\/\/acve23.com\/site\/wp-content\/uploads\/2015\/08\/EN-COURS-DE-RESTAURATION-350x63.jpg 350w, https:\/\/acve23.com\/site\/wp-content\/uploads\/2015\/08\/EN-COURS-DE-RESTAURATION.jpg 1108w\" sizes=\"auto, (max-width: 1024px) 100vw, 1024px\" \/><br \/>\n<\/div><\/div><\/h4>\n<div class=\"su-divider su-divider-style-double\" style=\"margin:15px 0;border-width:7px;border-color:#999999\"><a href=\"#\" style=\"color:#999999\">Aller en haut<\/a><\/div>\n<h2><img loading=\"lazy\" decoding=\"async\" style=\"border:5px solid #fffffe;\"img class=\"alignleft wp-image-1697 size-thumbnail\" src=\"https:\/\/acve23.com\/site\/wp-content\/uploads\/2015\/09\/Renault-nn-torp--do0005-150x150.jpg\" alt=\"\" width=\"150\" height=\"150\" \/><span class=\"su-highlight\" style=\"background:#fdfd32;color:#000000\">&nbsp;RENAULT TORPEDO&nbsp;<\/span><\/h2>\n<h5>Propri\u00e9taire :\u00a0Bernard et Claudette<\/h5>\n<h4>Ann\u00e9e : N.C<\/h4>\n<div class=\"su-tabs su-tabs-style-default su-tabs-mobile-stack\" data-active=\"1\" data-scroll-offset=\"0\" data-anchor-in-url=\"no\"><div class=\"su-tabs-nav\"><span class=\"\" data-url=\"\" data-target=\"blank\" tabindex=\"0\" role=\"button\">Photos<\/span><span class=\"\" data-url=\"\" data-target=\"blank\" tabindex=\"0\" role=\"button\">Caract\u00e9ristiques<\/span><span class=\"\" data-url=\"\" data-target=\"blank\" tabindex=\"0\" role=\"button\">Histoire<\/span><\/div><div class=\"su-tabs-panes\"><div class=\"su-tabs-pane su-u-clearfix su-u-trim\" data-title=\"Photos\">\n<p>\n<div class=\"ngg-galleryoverview\" id=\"ngg-gallery-302e42fbd752210383687ca8253b7666-1696\">\n\n\t\t\t<!-- Slideshow link -->\n\t<div class=\"slideshowlink\">\n\t\t<a class=\"slideshowlink\" href=\"https:\/\/acve23.com\/site\/en-cours-de-restauration\/nggallery\/slideshow\">\n\t\t\t[Montrer sous forme de diaporama]\t\t<\/a>\n\t<\/div>\n\n\t<!-- Thumbnails -->\n\t\t\t\t\n\t<div id=\"ngg-image-106\" class=\"ngg-gallery-thumbnail-box\"  >\n\t\t<div class=\"ngg-gallery-thumbnail\" >\n\t\t\t<a href=\"https:\/\/acve23.com\/site\/wp-content\/gallery\/torpedo-restauration-en-cours\/Renault-nn-torp--do0005.JPG\"\n\t\t\t\ttitle=\" \"\n\t\t\t\tclass=\"ngg-fancybox\" rel=\"302e42fbd752210383687ca8253b7666\" data-image-id=\"106\" data-src=\"https:\/\/acve23.com\/site\/wp-content\/gallery\/torpedo-restauration-en-cours\/Renault-nn-torp--do0005.JPG\" data-thumbnail=\"https:\/\/acve23.com\/site\/wp-content\/gallery\/torpedo-restauration-en-cours\/thumbs\/thumbs_Renault-nn-torp--do0005.JPG\" data-title=\"Renault nn torp\u00e9do0005\" data-description=\" \" >\n\t\t\t\t\t\t\t\t<img title=\"Renault nn torp\u00e9do0005\" alt=\"Renault nn torp\u00e9do0005\" src=\"https:\/\/acve23.com\/site\/wp-content\/gallery\/torpedo-restauration-en-cours\/thumbs\/thumbs_Renault-nn-torp--do0005.JPG\" width='120' height='90' \/>\n\t\t\t\t\t\t\t<\/a>\n\t\t<\/div>\n\t<\/div>\n\n\t\t\t\t\t\t\t\t\t\n\t\n\t<!-- Pagination -->\n\t\t<div class='ngg-clear'><\/div>\n<\/div>\n\n\t<\/p>\n<\/div>\n<div class=\"su-tabs-pane su-u-clearfix su-u-trim\" data-title=\"Caract\u00e9ristiques\">\n<p>Les caract\u00e9ristiques de cette voiture ne nous ont pas encore \u00e9t\u00e9 communiqu\u00e9s.<\/p>\n<\/div>\n<div class=\"su-tabs-pane su-u-clearfix su-u-trim\" data-title=\"Histoire\">\n<p style=\"text-align: justify;\">La <b>Renault type N.N<\/b> est une automobile de la marque Renault produite de 1924 \u00e0 1930. Son appellation commerciale est Renault 6CV.\u00a0La NN est cr\u00e9\u00e9e pour contrer les Citro\u00ebn 5HP et autres voitures dites \u00ab\u00a0populaires\u00a0\u00bb. Le constructeur lance la NN en 1924 en remplacement de la MT et de la KJ. Elle est solide, fiable et assez agr\u00e9able \u00e0 regarder. La NN va survivre aux ann\u00e9es 1920 et m\u00eame \u00e0 ses concurrentes Citro\u00ebn, vite d\u00e9mod\u00e9es.\u00a0La NN a un ch\u00e2ssis allong\u00e9 (empattement de <span class=\"nowrap\">2,65\u00a0m<\/span>) par rapport aux autres 6 CV de la marque \u00e0 cette \u00e9poque, permettant pour la premi\u00e8re fois l&rsquo;am\u00e9nagement de quatre places assises spacieuses.<\/p>\n<\/div><\/div><\/div>\n<div class=\"su-divider su-divider-style-double\" style=\"margin:15px 0;border-width:7px;border-color:#999999\"><a href=\"#\" style=\"color:#999999\">Aller en haut<\/a><\/div>\n<h2><img loading=\"lazy\" decoding=\"async\" style=\"border:5px solid #fffffe;\"img class=\"alignleft wp-image-1708 size-thumbnail\" src=\"https:\/\/acve23.com\/site\/wp-content\/uploads\/2015\/09\/P1030632-150x150.jpg\" alt=\"\" width=\"150\" height=\"150\" \/><span class=\"su-highlight\" style=\"background:#fdfd32;color:#000000\">&nbsp;RENAULT\u00a0CARAVELLE&nbsp;<\/span><\/h2>\n<h5>Propri\u00e9taire :\u00a0Bernard et\u00a0Jacques<\/h5>\n<h4>Ann\u00e9e : N.C<\/h4>\n<div class=\"su-tabs su-tabs-style-default su-tabs-mobile-stack\" data-active=\"1\" data-scroll-offset=\"0\" data-anchor-in-url=\"no\"><div class=\"su-tabs-nav\"><span class=\"\" data-url=\"\" data-target=\"blank\" tabindex=\"0\" role=\"button\">Photos<\/span><span class=\"\" data-url=\"\" data-target=\"blank\" tabindex=\"0\" role=\"button\">Caract\u00e9ristiques<\/span><span class=\"\" data-url=\"\" data-target=\"blank\" tabindex=\"0\" role=\"button\">Histoire<\/span><\/div><div class=\"su-tabs-panes\"><div class=\"su-tabs-pane su-u-clearfix su-u-trim\" data-title=\"Photos\">\n<p>\n<div class=\"ngg-galleryoverview\" id=\"ngg-gallery-2b491ba588d1febb75508e697e7e2008-1696\">\n\n\t\t\t<!-- Slideshow link -->\n\t<div class=\"slideshowlink\">\n\t\t<a class=\"slideshowlink\" href=\"https:\/\/acve23.com\/site\/en-cours-de-restauration\/nggallery\/slideshow\">\n\t\t\t[Montrer sous forme de diaporama]\t\t<\/a>\n\t<\/div>\n\n\t<!-- Thumbnails -->\n\t\t\t\t\n\t<div id=\"ngg-image-107\" class=\"ngg-gallery-thumbnail-box\"  >\n\t\t<div class=\"ngg-gallery-thumbnail\" >\n\t\t\t<a href=\"https:\/\/acve23.com\/site\/wp-content\/gallery\/caravelle-restauration-en-cours\/P1030630.JPG\"\n\t\t\t\ttitle=\" \"\n\t\t\t\tclass=\"ngg-fancybox\" rel=\"2b491ba588d1febb75508e697e7e2008\" data-image-id=\"107\" data-src=\"https:\/\/acve23.com\/site\/wp-content\/gallery\/caravelle-restauration-en-cours\/P1030630.JPG\" data-thumbnail=\"https:\/\/acve23.com\/site\/wp-content\/gallery\/caravelle-restauration-en-cours\/thumbs\/thumbs_P1030630.JPG\" data-title=\"P1030630\" data-description=\" \" >\n\t\t\t\t\t\t\t\t<img title=\"P1030630\" alt=\"P1030630\" src=\"https:\/\/acve23.com\/site\/wp-content\/gallery\/caravelle-restauration-en-cours\/thumbs\/thumbs_P1030630.JPG\" width='120' height='90' \/>\n\t\t\t\t\t\t\t<\/a>\n\t\t<\/div>\n\t<\/div>\n\n\t\t\t\t\t\t\t\t\t\n\t\n\t<div id=\"ngg-image-108\" class=\"ngg-gallery-thumbnail-box\"  >\n\t\t<div class=\"ngg-gallery-thumbnail\" >\n\t\t\t<a href=\"https:\/\/acve23.com\/site\/wp-content\/gallery\/caravelle-restauration-en-cours\/P1030631.JPG\"\n\t\t\t\ttitle=\" \"\n\t\t\t\tclass=\"ngg-fancybox\" rel=\"2b491ba588d1febb75508e697e7e2008\" data-image-id=\"108\" data-src=\"https:\/\/acve23.com\/site\/wp-content\/gallery\/caravelle-restauration-en-cours\/P1030631.JPG\" data-thumbnail=\"https:\/\/acve23.com\/site\/wp-content\/gallery\/caravelle-restauration-en-cours\/thumbs\/thumbs_P1030631.JPG\" data-title=\"P1030631\" data-description=\" \" >\n\t\t\t\t\t\t\t\t<img title=\"P1030631\" alt=\"P1030631\" src=\"https:\/\/acve23.com\/site\/wp-content\/gallery\/caravelle-restauration-en-cours\/thumbs\/thumbs_P1030631.JPG\" width='120' height='90' \/>\n\t\t\t\t\t\t\t<\/a>\n\t\t<\/div>\n\t<\/div>\n\n\t\t\t\t\t\t\t\t\t\n\t\n\t<div id=\"ngg-image-109\" class=\"ngg-gallery-thumbnail-box\"  >\n\t\t<div class=\"ngg-gallery-thumbnail\" >\n\t\t\t<a href=\"https:\/\/acve23.com\/site\/wp-content\/gallery\/caravelle-restauration-en-cours\/P1030632.JPG\"\n\t\t\t\ttitle=\" \"\n\t\t\t\tclass=\"ngg-fancybox\" rel=\"2b491ba588d1febb75508e697e7e2008\" data-image-id=\"109\" data-src=\"https:\/\/acve23.com\/site\/wp-content\/gallery\/caravelle-restauration-en-cours\/P1030632.JPG\" data-thumbnail=\"https:\/\/acve23.com\/site\/wp-content\/gallery\/caravelle-restauration-en-cours\/thumbs\/thumbs_P1030632.JPG\" data-title=\"P1030632\" data-description=\" \" >\n\t\t\t\t\t\t\t\t<img title=\"P1030632\" alt=\"P1030632\" src=\"https:\/\/acve23.com\/site\/wp-content\/gallery\/caravelle-restauration-en-cours\/thumbs\/thumbs_P1030632.JPG\" width='120' height='90' \/>\n\t\t\t\t\t\t\t<\/a>\n\t\t<\/div>\n\t<\/div>\n\n\t\t\t\t\t\t\t\t\t\n\t\n\t<!-- Pagination -->\n\t\t<div class='ngg-clear'><\/div>\n<\/div>\n\n\t<\/p>\n<\/div>\n<div class=\"su-tabs-pane su-u-clearfix su-u-trim\" data-title=\"Caract\u00e9ristiques\">\n<p>Les caract\u00e9ristiques de cette voiture ne nous ont pas encore \u00e9t\u00e9 communiqu\u00e9s.<\/p>\n<\/div>\n<div class=\"su-tabs-pane su-u-clearfix su-u-trim\" data-title=\"Histoire\">\n<p style=\"text-align: justify;\">La Floride (ou Caravelle), c\u2019est le symbole de la France insouciante et romantique de la fin des ann\u00e9es 50, la Douce France de Charles Trenet. <span id=\"more-346\"><\/span>Symbole d\u2019une p\u00e9riode insouciante et pleine de gait\u00e9 qui s\u2019ouvre aux plaisirs et aux joies de la \u00ab\u00a0deuxieme voiture\u00a0\u00bb. Mais la Floride, c\u2019est aussi le porte-\u00e9tendard du \u00ab\u00a0Made in France\u00a0\u00bb.<\/p>\n<p style=\"text-align: justify;\">La Floride est n\u00e9e en 1958 du coup de crayon de Frua, une division de la maison Ghia de Turin, qui dessinera quelques ann\u00e9es plus tard le coup\u00e9 Volvo P1800. Elle utilise la plateforme et les \u00e9l\u00e9ments m\u00e9caniques de la Dauphine, principalement son moteur \u00ab\u00a0Ventoux\u00a0\u00bb en position arri\u00e8re, permettant un prix de vente tr\u00e8s comp\u00e9titif. Couleurs gaies et int\u00e9rieurs assortis, pneus \u00e0 flancs blancs et autoradio en option, la Floride \u00e9carte Renault de la voiture populaire. Certes, le poussif Ventoux de 850cm3 ne revendique que 40cv au mieux de sa forme, et la boite 3 vitesses ne l\u2019aide pas vraiment. Cette premi\u00e8re version codifi\u00e9e R1092 n\u2019est pas n\u00e9e pour affoler les chronos !<\/p>\n<p style=\"text-align: justify;\">La carrosserie sera d\u00e9clin\u00e9e en 3 mod\u00e8les : le cabriolet, le \u00ab\u00a0convertible\u00a0\u00bb \u00e0 hard-top amovible et le coup\u00e9 \u00e0 toit soud\u00e9. Elle est pr\u00e9sent\u00e9e au Salon de Paris en 1958 et l\u2019engouement est imm\u00e9diat. La production ne commencera qu\u2019en 1959, en m\u00eame temps qu\u2019elle pr\u00e9sent\u00e9e aux USA, rebaptis\u00e9e du nom du fleuron de notre industrie a\u00e9ronautique : \u00ab\u00a0Caravelle\u00a0\u00bb \u2026 mais Renault qui n\u2019est pas capable de livrer la voiture avant l\u2019automne 59 n\u2019a pas touch\u00e9 du doigt que la client\u00e8le am\u00e9ricaine est tr\u00e8s versatile et gardera longtemps un gout amer de cette premi\u00e8re tentative outre-atlantique.<\/p>\n<p style=\"text-align: justify;\">En 1962 survient la premi\u00e8re \u00e9volution de la Floride qui adopte le moteur \u00ab\u00a0Sierra\u00a0\u00bb 956cc qui revendique 51cv et permet \u00e0 la voiture de flirter avec les 135 km\/h. Le code de la voiture est d\u00e9sormais R1131. La d\u00e9nomination \u00e9volue \u00e9galement puisque le cabriolet devient la Floride S et le coup\u00e9 devient la Caravelle\u2026 en France, puisqu\u2019aux USA, les deux versions sont des Caravelles ! Vous suivez ? Au passage, notez que la Floride\/Caravelle troque ses 4 tambours pour 4 disques et l\u2019\u00e9lectricit\u00e9 passe de 6 \u00e0 12V. La boite passe de 3 \u00e0 4 vitesses, mais la 1ere n\u2019est pas synchronis\u00e9e.<\/p>\n<p style=\"text-align: justify;\">En juin 63, le patronyme Floride disparait du catalogue au b\u00e9n\u00e9fice du seul nom Caravelle. Le nouveau mod\u00e8le R1133 est d\u00e9sormais dot\u00e9 d\u2019un 1108cc qui d\u00e9veloppe 55cv et permet \u00e0 la voiture de rouler \u00e0 140 km\/. La 1ere vitesse est synchronis\u00e9e. La derni\u00e8re \u00e9volution intervient en 1965. La voiture devient la \u00ab\u00a0Caravelle 1100 S\u00a0\u00bb et son 1108cc d\u00e9veloppe maintenant 58cv. A noter que ce 1108cc motorisera de tr\u00e8s nombreux mod\u00e8les de Renault, jusqu\u2019aux derniers mod\u00e8les de \u00ab\u00a0Super 5\u00a0\u00bb dans les ann\u00e9es 90. Belle carri\u00e8re.<\/p>\n<p style=\"text-align: justify;\">Aujourd\u2019hui, la Floride\/Caravelle fait le bonheur des amateurs de \u00ab\u00a0populaires\u00a0\u00bb fran\u00e7aises, et il faut avouer que c\u2019est un bonheur de partir en week-end sur petites routes \u00e0 son volant, en faisant halte d\u2019auberges en auberges. Certes, pas de vrombissements rageurs ou de pilotage serr\u00e9 \u00e0 son volant, mais le bonheur simple de faire un voyage dans le temps.<\/p>\n<p style=\"text-align: justify;\">Bien construite, dot\u00e9e de moteurs solides, la Floride\/Caravelle est capable de traverser les ages sans probl\u00e8me majeur \u2026 \u00e0 condition d\u2019\u00eatre correctement entretenue. La corrosion peut \u00e9galement faire des ravages, il faudra \u00eatre vigilant lors de l\u2019expertise pr\u00e9alable \u00e0 tout achat et v\u00e9rifier attentivement tous les soubassements. La m\u00e9canique, identique aux Dauphine Gordini pour la Floride et aux R8 et R10 pour la Caravelle, ne pose aucun soucis et toutes les pi\u00e8ces sont disponibles chez les professionnels.<\/p>\n<p style=\"text-align: justify;\">Son tarif accessible en fait un mod\u00e8le de choix pour go\u00fbter aux plaisirs de la route en ancienne, avec en prime un capital sympathie largement au dessus de la moyenne !<\/p>\n<\/div><\/div><\/div>\n<p style=\"text-align: center;\"><a href=\"https:\/\/acve23.com\/site\/nos-vehicules-accueil\/\" class=\"su-button su-button-style-flat\" style=\"color:#FFFFFF;background-color:#2D89EF;border-color:#246ec0;border-radius:5px\" target=\"_self\"><span style=\"color:#FFFFFF;padding:6px 16px;font-size:13px;line-height:20px;border-color:#6cadf4;border-radius:5px;text-shadow:none\"><img decoding=\"async\" src=\"https:\/\/acve23.com\/site\/wp-content\/uploads\/2015\/09\/car124.png\" alt=\"RETOUR AUX GALERIES\" style=\"width:20px;height:20px\" \/> RETOUR AUX GALERIES<\/span><\/a>\n<p style=\"text-align: center;\">\n","protected":false},"excerpt":{"rendered":"<p>Propri\u00e9taire :\u00a0Bernard et Claudette Ann\u00e9e : N.C Propri\u00e9taire :\u00a0Bernard et\u00a0Jacques Ann\u00e9e : N.C<\/p>\n","protected":false},"author":1,"featured_media":0,"parent":0,"menu_order":0,"comment_status":"closed","ping_status":"closed","template":"page-templates\/page_front-page.php","meta":{"ngg_post_thumbnail":0,"footnotes":""},"class_list":["post-1696","page","type-page","status-publish","hentry",""],"_links":{"self":[{"href":"https:\/\/acve23.com\/site\/wp-json\/wp\/v2\/pages\/1696","targetHints":{"allow":["GET"]}}],"collection":[{"href":"https:\/\/acve23.com\/site\/wp-json\/wp\/v2\/pages"}],"about":[{"href":"https:\/\/acve23.com\/site\/wp-json\/wp\/v2\/types\/page"}],"author":[{"embeddable":true,"href":"https:\/\/acve23.com\/site\/wp-json\/wp\/v2\/users\/1"}],"replies":[{"embeddable":true,"href":"https:\/\/acve23.com\/site\/wp-json\/wp\/v2\/comments?post=1696"}],"version-history":[{"count":10,"href":"https:\/\/acve23.com\/site\/wp-json\/wp\/v2\/pages\/1696\/revisions"}],"predecessor-version":[{"id":1803,"href":"https:\/\/acve23.com\/site\/wp-json\/wp\/v2\/pages\/1696\/revisions\/1803"}],"wp:attachment":[{"href":"https:\/\/acve23.com\/site\/wp-json\/wp\/v2\/media?parent=1696"}],"curies":[{"name":"wp","href":"https:\/\/api.w.org\/{rel}","templated":true}]}}