{"id":1632,"date":"2015-09-29T11:51:48","date_gmt":"2015-09-29T11:51:48","guid":{"rendered":"http:\/\/acve23.com\/site\/?page_id=1632"},"modified":"2021-01-11T06:22:16","modified_gmt":"2021-01-11T06:22:16","slug":"sorties-2016-2","status":"publish","type":"page","link":"https:\/\/acve23.com\/site\/sorties-2016-2\/","title":{"rendered":"SORTIES 2016"},"content":{"rendered":"<p>&nbsp;<\/p>\n<p style=\"text-align: left;\"><img loading=\"lazy\" decoding=\"async\" class=\"aligncenter size-full wp-image-1621\" src=\"https:\/\/acve23.com\/site\/wp-content\/uploads\/2015\/09\/SORTIES-2016.jpg\" alt=\"SORTIES 2016\" width=\"1108\" height=\"200\" srcset=\"https:\/\/acve23.com\/site\/wp-content\/uploads\/2015\/09\/SORTIES-2016.jpg 1108w, https:\/\/acve23.com\/site\/wp-content\/uploads\/2015\/09\/SORTIES-2016-300x54.jpg 300w, https:\/\/acve23.com\/site\/wp-content\/uploads\/2015\/09\/SORTIES-2016-1024x185.jpg 1024w, https:\/\/acve23.com\/site\/wp-content\/uploads\/2015\/09\/SORTIES-2016-830x150.jpg 830w, https:\/\/acve23.com\/site\/wp-content\/uploads\/2015\/09\/SORTIES-2016-230x42.jpg 230w, https:\/\/acve23.com\/site\/wp-content\/uploads\/2015\/09\/SORTIES-2016-350x63.jpg 350w\" sizes=\"auto, (max-width: 1108px) 100vw, 1108px\" \/><\/p>\n<p>&nbsp;<\/p>\n<h3 style=\"text-align: center;\"><span class=\"su-highlight\" style=\"background:#ffffff;color:#e81a1a\">&nbsp;N&rsquo;h\u00e9sitez pas \u00e0 nous contacter pour nous proposer vos manifestations !&nbsp;<\/span><\/h3>\n<p>&nbsp;<\/p>\n<p style=\"text-align: left;\"><div class=\"su-divider su-divider-style-double\" style=\"margin:15px 0;border-width:7px;border-color:#999999\"><a href=\"#\" style=\"color:#999999\">Aller en haut<\/a><\/div>\n<p style=\"text-align: left;\"><div class=\"su-row\">\n<div class=\"su-column su-column-size-1-3\"><div class=\"su-column-inner su-u-clearfix su-u-trim\">\n<div class=\"su-box su-box-style-default\" id=\"\" style=\"border-color:#000000;border-radius:3px;\"><div class=\"su-box-title\" style=\"background-color:#333333;color:#FFFFFF;border-top-left-radius:1px;border-top-right-radius:1px\">17 JANVIER&nbsp;2016 - ASSEMBL\u00c9E G\u00c9N\u00c9RALE<\/div><div class=\"su-box-content su-u-clearfix su-u-trim\" style=\"border-bottom-left-radius:1px;border-bottom-right-radius:1px\">\n<p><img loading=\"lazy\" decoding=\"async\" class=\"aligncenter wp-image-1655\" src=\"https:\/\/acve23.com\/site\/wp-content\/uploads\/2015\/09\/6a00d83420934f53ef012876a9d1d5970c.gif\" alt=\"\" width=\"188\" height=\"200\"><\/p>\n<p style=\"text-align: center;\"><strong>Bilan 2015 et pr\u00e9sentation des sorties 2016<\/strong><\/p>\n<\/div><\/div>\n<div class=\"su-box su-box-style-default\" id=\"\" style=\"border-color:#000000;border-radius:3px;\"><div class=\"su-box-title\" style=\"background-color:#333333;color:#FFFFFF;border-top-left-radius:1px;border-top-right-radius:1px\">16 AVRIL 2016 - SOIR\u00c9E TH\u00c9\u00c2TRE<\/div><div class=\"su-box-content su-u-clearfix su-u-trim\" style=\"border-bottom-left-radius:1px;border-bottom-right-radius:1px\">\n<p><img loading=\"lazy\" decoding=\"async\" class=\"wp-image-1930 aligncenter\" src=\"https:\/\/acve23.com\/site\/wp-content\/uploads\/2015\/09\/IMG_2604.jpg\" alt=\"\" width=\"301\" height=\"200\" srcset=\"https:\/\/acve23.com\/site\/wp-content\/uploads\/2015\/09\/IMG_2604.jpg 2048w, https:\/\/acve23.com\/site\/wp-content\/uploads\/2015\/09\/IMG_2604-300x199.jpg 300w, https:\/\/acve23.com\/site\/wp-content\/uploads\/2015\/09\/IMG_2604-768x510.jpg 768w, https:\/\/acve23.com\/site\/wp-content\/uploads\/2015\/09\/IMG_2604-1024x680.jpg 1024w, https:\/\/acve23.com\/site\/wp-content\/uploads\/2015\/09\/IMG_2604-830x551.jpg 830w, https:\/\/acve23.com\/site\/wp-content\/uploads\/2015\/09\/IMG_2604-230x153.jpg 230w, https:\/\/acve23.com\/site\/wp-content\/uploads\/2015\/09\/IMG_2604-350x232.jpg 350w\" sizes=\"auto, (max-width: 301px) 100vw, 301px\" \/><\/p>\n<p style=\"text-align: center;\"><b>Avec la Troupe de Rougnat<\/b><\/p>\n<\/div><\/div>\n<div class=\"su-box su-box-style-default\" id=\"\" style=\"border-color:#000000;border-radius:3px;\"><div class=\"su-box-title\" style=\"background-color:#333333;color:#FFFFFF;border-top-left-radius:1px;border-top-right-radius:1px\">28 MAI&nbsp;2016 - AMERIC'ARS<\/div><div class=\"su-box-content su-u-clearfix su-u-trim\" style=\"border-bottom-left-radius:1px;border-bottom-right-radius:1px\">\n<p><img loading=\"lazy\" decoding=\"async\" class=\"aligncenter wp-image-1934\" src=\"https:\/\/acve23.com\/site\/wp-content\/uploads\/2015\/09\/IMG_3007.jpg\" alt=\"\" width=\"301\" height=\"200\" srcset=\"https:\/\/acve23.com\/site\/wp-content\/uploads\/2015\/09\/IMG_3007.jpg 2048w, https:\/\/acve23.com\/site\/wp-content\/uploads\/2015\/09\/IMG_3007-300x199.jpg 300w, https:\/\/acve23.com\/site\/wp-content\/uploads\/2015\/09\/IMG_3007-768x510.jpg 768w, https:\/\/acve23.com\/site\/wp-content\/uploads\/2015\/09\/IMG_3007-1024x680.jpg 1024w, https:\/\/acve23.com\/site\/wp-content\/uploads\/2015\/09\/IMG_3007-830x551.jpg 830w, https:\/\/acve23.com\/site\/wp-content\/uploads\/2015\/09\/IMG_3007-230x153.jpg 230w, https:\/\/acve23.com\/site\/wp-content\/uploads\/2015\/09\/IMG_3007-350x232.jpg 350w\" sizes=\"auto, (max-width: 301px) 100vw, 301px\" \/><\/p>\n<p style=\"text-align: center;\"><b>Exposition et rallye touristique<\/b><\/p>\n<\/div><\/div>\n<div class=\"su-box su-box-style-default\" id=\"\" style=\"border-color:#000000;border-radius:3px;\"><div class=\"su-box-title\" style=\"background-color:#333333;color:#FFFFFF;border-top-left-radius:1px;border-top-right-radius:1px\">23 &amp; 24 JUILLET&nbsp;2016 - CHENERAILLES 2016<\/div><div class=\"su-box-content su-u-clearfix su-u-trim\" style=\"border-bottom-left-radius:1px;border-bottom-right-radius:1px\">\n<p><img loading=\"lazy\" decoding=\"async\" class=\"aligncenter wp-image-1831\" src=\"https:\/\/acve23.com\/site\/wp-content\/uploads\/2015\/09\/DSC03252.jpg\" alt=\"\" width=\"300\" height=\"200\" srcset=\"https:\/\/acve23.com\/site\/wp-content\/uploads\/2015\/09\/DSC03252.jpg 4119w, https:\/\/acve23.com\/site\/wp-content\/uploads\/2015\/09\/DSC03252-300x200.jpg 300w, https:\/\/acve23.com\/site\/wp-content\/uploads\/2015\/09\/DSC03252-1024x683.jpg 1024w, https:\/\/acve23.com\/site\/wp-content\/uploads\/2015\/09\/DSC03252-830x553.jpg 830w, https:\/\/acve23.com\/site\/wp-content\/uploads\/2015\/09\/DSC03252-230x153.jpg 230w, https:\/\/acve23.com\/site\/wp-content\/uploads\/2015\/09\/DSC03252-350x233.jpg 350w\" sizes=\"auto, (max-width: 300px) 100vw, 300px\" \/><\/p>\n<p style=\"text-align: center;\"><strong>Rassemblement de v\u00e9hicules anciens et de prestige<\/strong><\/p>\n<\/div><\/div>\n<div class=\"su-box su-box-style-default\" id=\"\" style=\"border-color:#000000;border-radius:3px;\"><div class=\"su-box-title\" style=\"background-color:#333333;color:#FFFFFF;border-top-left-radius:1px;border-top-right-radius:1px\">17 AO\u00dbT 2016 - TOUR DU LIMOUSIN<\/div><div class=\"su-box-content su-u-clearfix su-u-trim\" style=\"border-bottom-left-radius:1px;border-bottom-right-radius:1px\">\n<p><img loading=\"lazy\" decoding=\"async\" class=\"aligncenter wp-image-2255\" src=\"https:\/\/acve23.com\/site\/wp-content\/uploads\/2015\/09\/870x489_maxsportsworldtwo303038-e1478190125866-300x241.jpg\" width=\"249\" height=\"200\" srcset=\"https:\/\/acve23.com\/site\/wp-content\/uploads\/2015\/09\/870x489_maxsportsworldtwo303038-e1478190125866-300x241.jpg 300w, https:\/\/acve23.com\/site\/wp-content\/uploads\/2015\/09\/870x489_maxsportsworldtwo303038-e1478190125866-230x185.jpg 230w, https:\/\/acve23.com\/site\/wp-content\/uploads\/2015\/09\/870x489_maxsportsworldtwo303038-e1478190125866-350x282.jpg 350w, https:\/\/acve23.com\/site\/wp-content\/uploads\/2015\/09\/870x489_maxsportsworldtwo303038-e1478190125866-480x386.jpg 480w, https:\/\/acve23.com\/site\/wp-content\/uploads\/2015\/09\/870x489_maxsportsworldtwo303038-e1478190125866.jpg 609w\" sizes=\"auto, (max-width: 249px) 100vw, 249px\" \/><\/p>\n<p style=\"text-align: center;\"><b>Dun le Palestel -&gt; Auzances<\/b><\/p>\n<\/div><\/div>\n<div class=\"su-box su-box-style-default\" id=\"\" style=\"border-color:#000000;border-radius:3px;\"><div class=\"su-box-title\" style=\"background-color:#333333;color:#FFFFFF;border-top-left-radius:1px;border-top-right-radius:1px\">04 DECEMBRE 2016 - CHATEAUROUX<\/div><div class=\"su-box-content su-u-clearfix su-u-trim\" style=\"border-bottom-left-radius:1px;border-bottom-right-radius:1px\">\n<p><img loading=\"lazy\" decoding=\"async\" class=\"aligncenter wp-image-1151\" src=\"https:\/\/acve23.com\/site\/wp-content\/uploads\/2015\/01\/chasse-tresor-dsc_2190-img.jpg\" alt=\"\" width=\"300\" height=\"200\" srcset=\"https:\/\/acve23.com\/site\/wp-content\/uploads\/2015\/01\/chasse-tresor-dsc_2190-img.jpg 570w, https:\/\/acve23.com\/site\/wp-content\/uploads\/2015\/01\/chasse-tresor-dsc_2190-img-300x200.jpg 300w, https:\/\/acve23.com\/site\/wp-content\/uploads\/2015\/01\/chasse-tresor-dsc_2190-img-550x367.jpg 550w, https:\/\/acve23.com\/site\/wp-content\/uploads\/2015\/01\/chasse-tresor-dsc_2190-img-230x153.jpg 230w\" sizes=\"auto, (max-width: 300px) 100vw, 300px\" \/><\/p>\n<p><strong>Bourse d&rsquo;\u00e9change \u00e0 Ch\u00e2teauroux<\/strong><\/p>\n<\/div><\/div>\n<\/div><\/div>\n<div class=\"su-column su-column-size-1-3\"><div class=\"su-column-inner su-u-clearfix su-u-trim\">\n<div class=\"su-box su-box-style-default\" id=\"\" style=\"border-color:#000000;border-radius:3px;\"><div class=\"su-box-title\" style=\"background-color:#333333;color:#FFFFFF;border-top-left-radius:1px;border-top-right-radius:1px\">20 F\u00c9VRIER 2016 - REPAS ANNUEL&nbsp;<\/div><div class=\"su-box-content su-u-clearfix su-u-trim\" style=\"border-bottom-left-radius:1px;border-bottom-right-radius:1px\">\n<p><img loading=\"lazy\" decoding=\"async\" class=\"wp-image-1916 size-full aligncenter\" src=\"https:\/\/acve23.com\/site\/wp-content\/uploads\/2015\/09\/le-lion-dor-2.jpg\" alt=\"\" width=\"268\" height=\"200\" srcset=\"https:\/\/acve23.com\/site\/wp-content\/uploads\/2015\/09\/le-lion-dor-2.jpg 268w, https:\/\/acve23.com\/site\/wp-content\/uploads\/2015\/09\/le-lion-dor-2-230x172.jpg 230w\" sizes=\"auto, (max-width: 268px) 100vw, 268px\" \/><\/p>\n<p style=\"text-align: center;\"><strong>Un bon moment de convivialit\u00e9 !<\/strong><\/p>\n<\/div><\/div>\n<div class=\"su-box su-box-style-default\" id=\"\" style=\"border-color:#000000;border-radius:3px;\"><div class=\"su-box-title\" style=\"background-color:#333333;color:#FFFFFF;border-top-left-radius:1px;border-top-right-radius:1px\">30 AVRIL &amp; 1er MAI&nbsp;2016 - CLASSIC DAYS<\/div><div class=\"su-box-content su-u-clearfix su-u-trim\" style=\"border-bottom-left-radius:1px;border-bottom-right-radius:1px\">\n<p><img loading=\"lazy\" decoding=\"async\" class=\"aligncenter wp-image-1926\" src=\"https:\/\/acve23.com\/site\/wp-content\/uploads\/2015\/09\/CD16-fr-2.jpg\" alt=\"\" width=\"265\" height=\"200\" srcset=\"https:\/\/acve23.com\/site\/wp-content\/uploads\/2015\/09\/CD16-fr-2.jpg 268w, https:\/\/acve23.com\/site\/wp-content\/uploads\/2015\/09\/CD16-fr-2-230x173.jpg 230w\" sizes=\"auto, (max-width: 265px) 100vw, 265px\" \/><\/p>\n<p style=\"text-align: center;\"><b>\u00ab\u00a0CLASSIC DAYS\u00a0\u00bb \u00e0 Magny Cours<\/b><\/p>\n<\/div><\/div>\n<div class=\"su-box su-box-style-default\" id=\"\" style=\"border-color:#000000;border-radius:3px;\"><div class=\"su-box-title\" style=\"background-color:#333333;color:#FFFFFF;border-top-left-radius:1px;border-top-right-radius:1px\">19 JUIN 2016 - EMBOUTEILLAGE au BLANC<\/div><div class=\"su-box-content su-u-clearfix su-u-trim\" style=\"border-bottom-left-radius:1px;border-bottom-right-radius:1px\">\n<p><img loading=\"lazy\" decoding=\"async\" class=\"aligncenter wp-image-2268\" src=\"https:\/\/acve23.com\/site\/wp-content\/uploads\/2015\/09\/Ces-embouteillages-qui-rendent-heureux_image_article_large.jpg\" width=\"328\" height=\"200\" srcset=\"https:\/\/acve23.com\/site\/wp-content\/uploads\/2015\/09\/Ces-embouteillages-qui-rendent-heureux_image_article_large.jpg 488w, https:\/\/acve23.com\/site\/wp-content\/uploads\/2015\/09\/Ces-embouteillages-qui-rendent-heureux_image_article_large-300x183.jpg 300w, https:\/\/acve23.com\/site\/wp-content\/uploads\/2015\/09\/Ces-embouteillages-qui-rendent-heureux_image_article_large-230x140.jpg 230w, https:\/\/acve23.com\/site\/wp-content\/uploads\/2015\/09\/Ces-embouteillages-qui-rendent-heureux_image_article_large-350x214.jpg 350w, https:\/\/acve23.com\/site\/wp-content\/uploads\/2015\/09\/Ces-embouteillages-qui-rendent-heureux_image_article_large-480x293.jpg 480w\" sizes=\"auto, (max-width: 328px) 100vw, 328px\" \/><\/p>\n<p style=\"text-align: center;\"><strong>Embouteillage RN20 au BLANC<\/strong><\/p>\n<\/div><\/div>\n<div class=\"su-box su-box-style-default\" id=\"\" style=\"border-color:#000000;border-radius:3px;\"><div class=\"su-box-title\" style=\"background-color:#333333;color:#FFFFFF;border-top-left-radius:1px;border-top-right-radius:1px\">06&nbsp;AO\u00dbT 2016 - LA CELLE DUNOISE<\/div><div class=\"su-box-content su-u-clearfix su-u-trim\" style=\"border-bottom-left-radius:1px;border-bottom-right-radius:1px\">\n<p><img loading=\"lazy\" decoding=\"async\" class=\"aligncenter wp-image-1124\" src=\"https:\/\/acve23.com\/site\/wp-content\/uploads\/2015\/01\/IMG_4729.jpg\" alt=\"\" width=\"267\" height=\"200\" srcset=\"https:\/\/acve23.com\/site\/wp-content\/uploads\/2015\/01\/IMG_4729.jpg 4416w, https:\/\/acve23.com\/site\/wp-content\/uploads\/2015\/01\/IMG_4729-300x225.jpg 300w, https:\/\/acve23.com\/site\/wp-content\/uploads\/2015\/01\/IMG_4729-1024x768.jpg 1024w, https:\/\/acve23.com\/site\/wp-content\/uploads\/2015\/01\/IMG_4729-830x623.jpg 830w, https:\/\/acve23.com\/site\/wp-content\/uploads\/2015\/01\/IMG_4729-550x413.jpg 550w, https:\/\/acve23.com\/site\/wp-content\/uploads\/2015\/01\/IMG_4729-230x173.jpg 230w\" sizes=\"auto, (max-width: 267px) 100vw, 267px\" \/><\/p>\n<p style=\"text-align: center;\"><strong>Exposition des anciennes et repas \u00e0 La Bergerie<\/strong><\/p>\n<\/div><\/div>\n<div class=\"su-box su-box-style-default\" id=\"\" style=\"border-color:#000000;border-radius:3px;\"><div class=\"su-box-title\" style=\"background-color:#333333;color:#FFFFFF;border-top-left-radius:1px;border-top-right-radius:1px\">24 au 28 AO\u00dbT 2016 -&nbsp; S\u00c9JOUR EN AUVERGNE<\/div><div class=\"su-box-content su-u-clearfix su-u-trim\" style=\"border-bottom-left-radius:1px;border-bottom-right-radius:1px\">\n<p><img loading=\"lazy\" decoding=\"async\" class=\"wp-image-1953 aligncenter\" src=\"https:\/\/acve23.com\/site\/wp-content\/uploads\/2015\/09\/Eglise-saint-nectaire2.jpg\" alt=\"\" width=\"299\" height=\"200\" srcset=\"https:\/\/acve23.com\/site\/wp-content\/uploads\/2015\/09\/Eglise-saint-nectaire2.jpg 500w, https:\/\/acve23.com\/site\/wp-content\/uploads\/2015\/09\/Eglise-saint-nectaire2-300x201.jpg 300w, https:\/\/acve23.com\/site\/wp-content\/uploads\/2015\/09\/Eglise-saint-nectaire2-230x154.jpg 230w, https:\/\/acve23.com\/site\/wp-content\/uploads\/2015\/09\/Eglise-saint-nectaire2-350x235.jpg 350w\" sizes=\"auto, (max-width: 299px) 100vw, 299px\" \/><\/p>\n<p style=\"text-align: center;\"><strong>5 jours \u00e0 la d\u00e9couverte de l&rsquo;Auvergne et ses environs<\/strong><\/p>\n<\/div><\/div>\n<p>&nbsp;<\/p>\n<\/div><\/div>\n<div class=\"su-column su-column-size-1-3\"><div class=\"su-column-inner su-u-clearfix su-u-trim\">\n<div class=\"su-box su-box-style-default\" id=\"\" style=\"border-color:#000000;border-radius:3px;\"><div class=\"su-box-title\" style=\"background-color:#333333;color:#FFFFFF;border-top-left-radius:1px;border-top-right-radius:1px\">13 MARS 2016 - SORTIE DE D\u00c9GOMMAGE<\/div><div class=\"su-box-content su-u-clearfix su-u-trim\" style=\"border-bottom-left-radius:1px;border-bottom-right-radius:1px\">\n<p><img loading=\"lazy\" decoding=\"async\" class=\"aligncenter wp-image-1921 size-full\" src=\"https:\/\/acve23.com\/site\/wp-content\/uploads\/2015\/09\/alandier-2.jpg\" alt=\"\" width=\"273\" height=\"200\" srcset=\"https:\/\/acve23.com\/site\/wp-content\/uploads\/2015\/09\/alandier-2.jpg 273w, https:\/\/acve23.com\/site\/wp-content\/uploads\/2015\/09\/alandier-2-230x168.jpg 230w\" sizes=\"auto, (max-width: 273px) 100vw, 273px\" \/><\/p>\n<p style=\"text-align: center;\"><strong>Partez \u00e0 la d\u00e9couverte du Four des Casseaux<\/strong><\/p>\n<\/div><\/div>\n<div class=\"su-box su-box-style-default\" id=\"\" style=\"border-color:#000000;border-radius:3px;\"><div class=\"su-box-title\" style=\"background-color:#333333;color:#FFFFFF;border-top-left-radius:1px;border-top-right-radius:1px\">15&nbsp;MAI 2016 - PRISSAC (36)<\/div><div class=\"su-box-content su-u-clearfix su-u-trim\" style=\"border-bottom-left-radius:1px;border-bottom-right-radius:1px\">\n<p><img loading=\"lazy\" decoding=\"async\" class=\"aligncenter wp-image-1932\" src=\"https:\/\/acve23.com\/site\/wp-content\/uploads\/2015\/09\/prissac.jpg\" alt=\"\" width=\"300\" height=\"200\" srcset=\"https:\/\/acve23.com\/site\/wp-content\/uploads\/2015\/09\/prissac.jpg 1417w, https:\/\/acve23.com\/site\/wp-content\/uploads\/2015\/09\/prissac-300x200.jpg 300w, https:\/\/acve23.com\/site\/wp-content\/uploads\/2015\/09\/prissac-768x512.jpg 768w, https:\/\/acve23.com\/site\/wp-content\/uploads\/2015\/09\/prissac-1024x683.jpg 1024w, https:\/\/acve23.com\/site\/wp-content\/uploads\/2015\/09\/prissac-830x554.jpg 830w, https:\/\/acve23.com\/site\/wp-content\/uploads\/2015\/09\/prissac-230x153.jpg 230w, https:\/\/acve23.com\/site\/wp-content\/uploads\/2015\/09\/prissac-350x233.jpg 350w\" sizes=\"auto, (max-width: 300px) 100vw, 300px\" \/><\/p>\n<p style=\"text-align: center;\"><b>D\u00e9couverte des alentours et exposition \u00e0 PRISSAC<\/b><\/p>\n<\/div><\/div>\n<div class=\"su-box su-box-style-default\" id=\"\" style=\"border-color:#000000;border-radius:3px;\"><div class=\"su-box-title\" style=\"background-color:#333333;color:#FFFFFF;border-top-left-radius:1px;border-top-right-radius:1px\">03 JUILLET 2016 - JOURN\u00c9E D\u00c9TENTE&nbsp;<\/div><div class=\"su-box-content su-u-clearfix su-u-trim\" style=\"border-bottom-left-radius:1px;border-bottom-right-radius:1px\">\n<p><img loading=\"lazy\" decoding=\"async\" class=\"aligncenter wp-image-1138\" src=\"https:\/\/acve23.com\/site\/wp-content\/uploads\/2015\/01\/Fotolia_23241493_XS.jpg\" alt=\"\" width=\"300\" height=\"200\" srcset=\"https:\/\/acve23.com\/site\/wp-content\/uploads\/2015\/01\/Fotolia_23241493_XS.jpg 424w, https:\/\/acve23.com\/site\/wp-content\/uploads\/2015\/01\/Fotolia_23241493_XS-300x200.jpg 300w, https:\/\/acve23.com\/site\/wp-content\/uploads\/2015\/01\/Fotolia_23241493_XS-230x154.jpg 230w\" sizes=\"auto, (max-width: 300px) 100vw, 300px\" \/><\/p>\n<p style=\"text-align: center;\"><strong>Doigts de Pieds en \u00e9ventail chez un adh\u00e9rent<\/strong><\/p>\n<\/div><\/div>\n<div class=\"su-box su-box-style-default\" id=\"\" style=\"border-color:#000000;border-radius:3px;\"><div class=\"su-box-title\" style=\"background-color:#333333;color:#FFFFFF;border-top-left-radius:1px;border-top-right-radius:1px\">07 AO\u00dbT 2016 - ST PIERRE DE FURSAC<\/div><div class=\"su-box-content su-u-clearfix su-u-trim\" style=\"border-bottom-left-radius:1px;border-bottom-right-radius:1px\">\n<p><img loading=\"lazy\" decoding=\"async\" class=\"aligncenter wp-image-1865\" src=\"https:\/\/acve23.com\/site\/wp-content\/uploads\/2015\/09\/18.jpg\" alt=\"\" width=\"267\" height=\"200\" srcset=\"https:\/\/acve23.com\/site\/wp-content\/uploads\/2015\/09\/18.jpg 700w, https:\/\/acve23.com\/site\/wp-content\/uploads\/2015\/09\/18-300x225.jpg 300w, https:\/\/acve23.com\/site\/wp-content\/uploads\/2015\/09\/18-230x173.jpg 230w, https:\/\/acve23.com\/site\/wp-content\/uploads\/2015\/09\/18-350x263.jpg 350w\" sizes=\"auto, (max-width: 267px) 100vw, 267px\" \/><\/p>\n<p style=\"text-align: center;\"><strong>Exposition des anciennes et balade autour de la ville<\/strong><\/p>\n<\/div><\/div>\n<div class=\"su-box su-box-style-default\" id=\"\" style=\"border-color:#000000;border-radius:3px;\"><div class=\"su-box-title\" style=\"background-color:#333333;color:#FFFFFF;border-top-left-radius:1px;border-top-right-radius:1px\">18 SEPT 2016 - JOURN\u00c9E DU PATRIMOINE<\/div><div class=\"su-box-content su-u-clearfix su-u-trim\" style=\"border-bottom-left-radius:1px;border-bottom-right-radius:1px\">\n<p><img loading=\"lazy\" decoding=\"async\" class=\"aligncenter wp-image-1938\" src=\"https:\/\/acve23.com\/site\/wp-content\/uploads\/2015\/09\/charroux-auvergne_2-300x236.jpg\" width=\"254\" height=\"200\" srcset=\"https:\/\/acve23.com\/site\/wp-content\/uploads\/2015\/09\/charroux-auvergne_2-300x236.jpg 300w, https:\/\/acve23.com\/site\/wp-content\/uploads\/2015\/09\/charroux-auvergne_2-230x181.jpg 230w, https:\/\/acve23.com\/site\/wp-content\/uploads\/2015\/09\/charroux-auvergne_2-350x276.jpg 350w, https:\/\/acve23.com\/site\/wp-content\/uploads\/2015\/09\/charroux-auvergne_2.jpg 367w\" sizes=\"auto, (max-width: 254px) 100vw, 254px\" \/><\/p>\n<p style=\"text-align: center;\"><strong>Visite du village de Charroux (03)<\/strong><\/p>\n<\/div><\/div>\n<p>&nbsp;<\/p>\n<\/div><\/div>\n<\/div>\n<p style=\"text-align: center;\"><a href=\"https:\/\/acve23.com\/site\/sorties\/\" class=\"su-button su-button-style-flat\" style=\"color:#FFFFFF;background-color:#2D89EF;border-color:#246ec0;border-radius:5px\" target=\"_self\"><span style=\"color:#FFFFFF;padding:6px 16px;font-size:13px;line-height:20px;border-color:#6cadf4;border-radius:5px;text-shadow:none\"><img decoding=\"async\" src=\"https:\/\/acve23.com\/site\/wp-content\/uploads\/2015\/09\/earth-globe4.png\" alt=\"MENU DES SORTIES\" style=\"width:20px;height:20px\" \/> MENU DES SORTIES<\/span><\/a>&nbsp; &nbsp; &nbsp;<a href=\"https:\/\/acve23.com\/site\/\" class=\"su-button su-button-style-flat\" style=\"color:#FFFFFF;background-color:#2D89EF;border-color:#246ec0;border-radius:5px\" target=\"_self\"><span style=\"color:#FFFFFF;padding:6px 16px;font-size:13px;line-height:20px;border-color:#6cadf4;border-radius:5px;text-shadow:none\"><img decoding=\"async\" src=\"https:\/\/acve23.com\/site\/wp-content\/uploads\/2015\/09\/home78.png\" alt=\"RETOUR A&nbsp;L&rsquo;ACCUEIL\" style=\"width:20px;height:20px\" \/> RETOUR A&nbsp;L&rsquo;ACCUEIL<\/span><\/a>&nbsp; &nbsp; &nbsp;<a href=\"https:\/\/acve23.com\/site\/sorties-2015\/\" class=\"su-button su-button-style-flat\" style=\"color:#FFFFFF;background-color:#2D89EF;border-color:#246ec0;border-radius:5px\" target=\"_self\"><span style=\"color:#FFFFFF;padding:6px 16px;font-size:13px;line-height:20px;border-color:#6cadf4;border-radius:5px;text-shadow:none\"><img decoding=\"async\" src=\"https:\/\/acve23.com\/site\/wp-content\/uploads\/2015\/09\/father16.png\" alt=\"SORTIES 2015\" style=\"width:20px;height:20px\" \/> SORTIES 2015<\/span><\/a>\n","protected":false},"excerpt":{"rendered":"<p>&nbsp; &nbsp; &nbsp; &nbsp; &nbsp; &nbsp;&nbsp; &nbsp; &nbsp;<\/p>\n","protected":false},"author":1,"featured_media":0,"parent":0,"menu_order":0,"comment_status":"closed","ping_status":"closed","template":"page-templates\/page_front-page.php","meta":{"ngg_post_thumbnail":0,"footnotes":""},"class_list":["post-1632","page","type-page","status-publish","hentry",""],"_links":{"self":[{"href":"https:\/\/acve23.com\/site\/wp-json\/wp\/v2\/pages\/1632","targetHints":{"allow":["GET"]}}],"collection":[{"href":"https:\/\/acve23.com\/site\/wp-json\/wp\/v2\/pages"}],"about":[{"href":"https:\/\/acve23.com\/site\/wp-json\/wp\/v2\/types\/page"}],"author":[{"embeddable":true,"href":"https:\/\/acve23.com\/site\/wp-json\/wp\/v2\/users\/1"}],"replies":[{"embeddable":true,"href":"https:\/\/acve23.com\/site\/wp-json\/wp\/v2\/comments?post=1632"}],"version-history":[{"count":105,"href":"https:\/\/acve23.com\/site\/wp-json\/wp\/v2\/pages\/1632\/revisions"}],"predecessor-version":[{"id":2271,"href":"https:\/\/acve23.com\/site\/wp-json\/wp\/v2\/pages\/1632\/revisions\/2271"}],"wp:attachment":[{"href":"https:\/\/acve23.com\/site\/wp-json\/wp\/v2\/media?parent=1632"}],"curies":[{"name":"wp","href":"https:\/\/api.w.org\/{rel}","templated":true}]}}