{"id":1609,"date":"2015-09-29T11:15:45","date_gmt":"2015-09-29T11:15:45","guid":{"rendered":"http:\/\/acve23.com\/site\/?page_id=1609"},"modified":"2025-03-17T17:42:06","modified_gmt":"2025-03-17T17:42:06","slug":"sorties","status":"publish","type":"page","link":"https:\/\/acve23.com\/site\/sorties\/","title":{"rendered":"SORTIES"},"content":{"rendered":"<p style=\"text-align: left;\"><div class=\"su-box su-box-style-default\" id=\"\" style=\"border-color:#000000;border-radius:3px;\"><div class=\"su-box-title\" style=\"background-color:#333333;color:#FFFFFF;border-top-left-radius:1px;border-top-right-radius:1px\"><\/div><div class=\"su-box-content su-u-clearfix su-u-trim\" style=\"border-bottom-left-radius:1px;border-bottom-right-radius:1px\">\n<h3 style=\"text-align: center;\"><img loading=\"lazy\" decoding=\"async\" class=\"alignleft wp-image-538 size-thumbnail\" src=\"https:\/\/acve23.com\/site\/wp-content\/uploads\/2015\/08\/anim-logo-150x150.gif\" alt=\"anim-logo\" width=\"150\" height=\"150\"><span style=\"color: #ff0000;\">Bienvenue sur la page des sorties de l&rsquo;ACVE.<\/span><\/h3>\n<p style=\"text-align: justify;\">Dans cette rubrique, vous trouverez &nbsp;le programme des sorties de notre association, une possibilit\u00e9 pour vous de venir \u00e0 notre rencontre, d&rsquo;\u00e9changer vos connaissances et votre v\u00e9cu, de demander l&rsquo;avis de&nbsp;nos conseillers techniques sur divers sujets, et surtout d&rsquo;admirer nos v\u00e9hicules pour un moment de plaisir et de nostalgie&#8230;<\/p>\n<p style=\"text-align: justify;\">Nous vous souhaitons une bonne d\u00e9couverte de notre site.<\/p>\n<p style=\"text-align: justify;\"><\/div><\/div>\n<h4 style=\"text-align: center;\"><span class=\"su-highlight\" style=\"background:#ffffff;color:#000000\">&nbsp;<span style=\"color: #ff0000;\">Cliquez sur les diff\u00e9rents bandeaux pour conna\u00eetre nos sorties et voyages de l&rsquo;ann\u00e9e<\/span>&nbsp;<\/span><\/h4>\n<p style=\"text-align: left;\">&nbsp;<\/p>\n<p style=\"text-align: left;\"><div class=\"su-divider su-divider-style-double\" style=\"margin:15px 0;border-width:7px;border-color:#999999\"><a href=\"#\" style=\"color:#999999\">Aller en haut<\/a><\/div>\n<div class=\"su-box su-box-style-default\" id=\"\" style=\"border-color:#000000;border-radius:3px;\"><div class=\"su-box-title\" style=\"background-color:#333333;color:#FFFFFF;border-top-left-radius:1px;border-top-right-radius:1px\">SORTIES 2025<\/div><div class=\"su-box-content su-u-clearfix su-u-trim\" style=\"border-bottom-left-radius:1px;border-bottom-right-radius:1px\">\n<p><a href=\"https:\/\/acve23.com\/site\/sorties 2025\/\"><img loading=\"lazy\" decoding=\"async\" class=\"aligncenter wp-image-3401 size-full\" src=\"https:\/\/acve23.com\/site\/wp-content\/uploads\/2025\/03\/Bandeau-Site-2025-Taille.jpg\" alt=\"\" width=\"795\" height=\"200\" srcset=\"https:\/\/acve23.com\/site\/wp-content\/uploads\/2025\/03\/Bandeau-Site-2025-Taille.jpg 795w, https:\/\/acve23.com\/site\/wp-content\/uploads\/2025\/03\/Bandeau-Site-2025-Taille-300x75.jpg 300w, https:\/\/acve23.com\/site\/wp-content\/uploads\/2025\/03\/Bandeau-Site-2025-Taille-768x193.jpg 768w\" sizes=\"auto, (max-width: 795px) 100vw, 795px\" \/><\/a><\/p>\n<p>&nbsp;<\/p>\n<\/div><\/div>\n<div class=\"su-box su-box-style-default\" id=\"\" style=\"border-color:#000000;border-radius:3px;\"><div class=\"su-box-title\" style=\"background-color:#333333;color:#FFFFFF;border-top-left-radius:1px;border-top-right-radius:1px\">SORTIES 2024<\/div><div class=\"su-box-content su-u-clearfix su-u-trim\" style=\"border-bottom-left-radius:1px;border-bottom-right-radius:1px\">\n<p><a href=\"https:\/\/acve23.com\/site\/sorties-2024\/\"><img loading=\"lazy\" decoding=\"async\" class=\"aligncenter wp-image-3243 size-full\" src=\"https:\/\/acve23.com\/site\/wp-content\/uploads\/2024\/02\/Bandeau-2024-Sorties-2024-scaled.jpg\" alt=\"\" width=\"2560\" height=\"529\" srcset=\"https:\/\/acve23.com\/site\/wp-content\/uploads\/2024\/02\/Bandeau-2024-Sorties-2024-scaled.jpg 2560w, https:\/\/acve23.com\/site\/wp-content\/uploads\/2024\/02\/Bandeau-2024-Sorties-2024-300x62.jpg 300w, https:\/\/acve23.com\/site\/wp-content\/uploads\/2024\/02\/Bandeau-2024-Sorties-2024-1024x212.jpg 1024w, https:\/\/acve23.com\/site\/wp-content\/uploads\/2024\/02\/Bandeau-2024-Sorties-2024-768x159.jpg 768w, https:\/\/acve23.com\/site\/wp-content\/uploads\/2024\/02\/Bandeau-2024-Sorties-2024-1536x317.jpg 1536w, https:\/\/acve23.com\/site\/wp-content\/uploads\/2024\/02\/Bandeau-2024-Sorties-2024-2048x423.jpg 2048w, https:\/\/acve23.com\/site\/wp-content\/uploads\/2024\/02\/Bandeau-2024-Sorties-2024-1170x242.jpg 1170w\" sizes=\"auto, (max-width: 2560px) 100vw, 2560px\" \/><\/a><\/p>\n<p style=\"text-align: left;\"><\/div><\/div>\n<div class=\"su-box su-box-style-default\" id=\"\" style=\"border-color:#000000;border-radius:3px;\"><div class=\"su-box-title\" style=\"background-color:#333333;color:#FFFFFF;border-top-left-radius:1px;border-top-right-radius:1px\">SORTIES 2020<\/div><div class=\"su-box-content su-u-clearfix su-u-trim\" style=\"border-bottom-left-radius:1px;border-bottom-right-radius:1px\">\n<p><a href=\"https:\/\/acve23.com\/site\/sorties-2020\/\"><img loading=\"lazy\" decoding=\"async\" class=\"aligncenter wp-image-2802 size-full\" src=\"https:\/\/acve23.com\/site\/wp-content\/uploads\/2021\/01\/BANDEAU-ANNEE-2020.png\" alt=\"\" width=\"1108\" height=\"200\" srcset=\"https:\/\/acve23.com\/site\/wp-content\/uploads\/2021\/01\/BANDEAU-ANNEE-2020.png 1108w, https:\/\/acve23.com\/site\/wp-content\/uploads\/2021\/01\/BANDEAU-ANNEE-2020-300x54.png 300w, https:\/\/acve23.com\/site\/wp-content\/uploads\/2021\/01\/BANDEAU-ANNEE-2020-1024x185.png 1024w, https:\/\/acve23.com\/site\/wp-content\/uploads\/2021\/01\/BANDEAU-ANNEE-2020-768x139.png 768w\" sizes=\"auto, (max-width: 1108px) 100vw, 1108px\" \/><\/a><\/p>\n<p style=\"text-align: left;\"><\/div><\/div>\n<div class=\"su-box su-box-style-default\" id=\"\" style=\"border-color:#000000;border-radius:3px;\"><div class=\"su-box-title\" style=\"background-color:#333333;color:#FFFFFF;border-top-left-radius:1px;border-top-right-radius:1px\">SORTIES 2019<\/div><div class=\"su-box-content su-u-clearfix su-u-trim\" style=\"border-bottom-left-radius:1px;border-bottom-right-radius:1px\">\n<p><a href=\"https:\/\/acve23.com\/site\/sorties-2019\/\"><img loading=\"lazy\" decoding=\"async\" class=\"aligncenter wp-image-2800 size-full\" src=\"https:\/\/acve23.com\/site\/wp-content\/uploads\/2021\/01\/BANDEAU-ANNEE-2019.png\" alt=\"\" width=\"1108\" height=\"200\" srcset=\"https:\/\/acve23.com\/site\/wp-content\/uploads\/2021\/01\/BANDEAU-ANNEE-2019.png 1108w, https:\/\/acve23.com\/site\/wp-content\/uploads\/2021\/01\/BANDEAU-ANNEE-2019-300x54.png 300w, https:\/\/acve23.com\/site\/wp-content\/uploads\/2021\/01\/BANDEAU-ANNEE-2019-1024x185.png 1024w, https:\/\/acve23.com\/site\/wp-content\/uploads\/2021\/01\/BANDEAU-ANNEE-2019-768x139.png 768w\" sizes=\"auto, (max-width: 1108px) 100vw, 1108px\" \/><\/a><\/p>\n<p style=\"text-align: left;\"><\/div><\/div>\n<div class=\"su-box su-box-style-default\" id=\"\" style=\"border-color:#000000;border-radius:3px;\"><div class=\"su-box-title\" style=\"background-color:#333333;color:#FFFFFF;border-top-left-radius:1px;border-top-right-radius:1px\">SORTIES 2018<\/div><div class=\"su-box-content su-u-clearfix su-u-trim\" style=\"border-bottom-left-radius:1px;border-bottom-right-radius:1px\">\n<p><a href=\"https:\/\/acve23.com\/site\/sorties-2018\/\"><img loading=\"lazy\" decoding=\"async\" class=\"aligncenter wp-image-2798 size-full\" src=\"https:\/\/acve23.com\/site\/wp-content\/uploads\/2021\/01\/BANDEAU-ANNEE-2018.png\" alt=\"\" width=\"1108\" height=\"200\" srcset=\"https:\/\/acve23.com\/site\/wp-content\/uploads\/2021\/01\/BANDEAU-ANNEE-2018.png 1108w, https:\/\/acve23.com\/site\/wp-content\/uploads\/2021\/01\/BANDEAU-ANNEE-2018-300x54.png 300w, https:\/\/acve23.com\/site\/wp-content\/uploads\/2021\/01\/BANDEAU-ANNEE-2018-1024x185.png 1024w, https:\/\/acve23.com\/site\/wp-content\/uploads\/2021\/01\/BANDEAU-ANNEE-2018-768x139.png 768w\" sizes=\"auto, (max-width: 1108px) 100vw, 1108px\" \/><\/a><\/p>\n<p style=\"text-align: left;\"><\/div><\/div>\n<div class=\"su-box su-box-style-default\" id=\"\" style=\"border-color:#000000;border-radius:3px;\"><div class=\"su-box-title\" style=\"background-color:#333333;color:#FFFFFF;border-top-left-radius:1px;border-top-right-radius:1px\">SORTIES 2017<\/div><div class=\"su-box-content su-u-clearfix su-u-trim\" style=\"border-bottom-left-radius:1px;border-bottom-right-radius:1px\">\n<p><a href=\"https:\/\/acve23.com\/site\/sorties-2017\/\"><img loading=\"lazy\" decoding=\"async\" class=\"aligncenter wp-image-2796 size-full\" src=\"https:\/\/acve23.com\/site\/wp-content\/uploads\/2021\/01\/BANDEAU-ANNEE-2017.png\" alt=\"\" width=\"1108\" height=\"200\" srcset=\"https:\/\/acve23.com\/site\/wp-content\/uploads\/2021\/01\/BANDEAU-ANNEE-2017.png 1108w, https:\/\/acve23.com\/site\/wp-content\/uploads\/2021\/01\/BANDEAU-ANNEE-2017-300x54.png 300w, https:\/\/acve23.com\/site\/wp-content\/uploads\/2021\/01\/BANDEAU-ANNEE-2017-1024x185.png 1024w, https:\/\/acve23.com\/site\/wp-content\/uploads\/2021\/01\/BANDEAU-ANNEE-2017-768x139.png 768w\" sizes=\"auto, (max-width: 1108px) 100vw, 1108px\" \/><\/a><\/p>\n<p style=\"text-align: left;\"><\/div><\/div>\n<div class=\"su-box su-box-style-default\" id=\"\" style=\"border-color:#000000;border-radius:3px;\"><div class=\"su-box-title\" style=\"background-color:#333333;color:#FFFFFF;border-top-left-radius:1px;border-top-right-radius:1px\">SORTIES 2016<\/div><div class=\"su-box-content su-u-clearfix su-u-trim\" style=\"border-bottom-left-radius:1px;border-bottom-right-radius:1px\">\n<p><a href=\"https:\/\/acve23.com\/site\/?p=1632\"><img loading=\"lazy\" decoding=\"async\" class=\"aligncenter wp-image-1621 size-full\" src=\"https:\/\/acve23.com\/site\/wp-content\/uploads\/2015\/09\/SORTIES-2016.jpg\" alt=\"SORTIES 2016\" width=\"1108\" height=\"200\" srcset=\"https:\/\/acve23.com\/site\/wp-content\/uploads\/2015\/09\/SORTIES-2016.jpg 1108w, https:\/\/acve23.com\/site\/wp-content\/uploads\/2015\/09\/SORTIES-2016-300x54.jpg 300w, https:\/\/acve23.com\/site\/wp-content\/uploads\/2015\/09\/SORTIES-2016-1024x185.jpg 1024w, https:\/\/acve23.com\/site\/wp-content\/uploads\/2015\/09\/SORTIES-2016-830x150.jpg 830w, https:\/\/acve23.com\/site\/wp-content\/uploads\/2015\/09\/SORTIES-2016-230x42.jpg 230w, https:\/\/acve23.com\/site\/wp-content\/uploads\/2015\/09\/SORTIES-2016-350x63.jpg 350w\" sizes=\"auto, (max-width: 1108px) 100vw, 1108px\" \/><\/a><\/p>\n<p style=\"text-align: left;\"><\/div><\/div>\n<div class=\"su-box su-box-style-default\" id=\"\" style=\"border-color:#000000;border-radius:3px;\"><div class=\"su-box-title\" style=\"background-color:#333333;color:#FFFFFF;border-top-left-radius:1px;border-top-right-radius:1px\">SORTIES 2015<\/div><div class=\"su-box-content su-u-clearfix su-u-trim\" style=\"border-bottom-left-radius:1px;border-bottom-right-radius:1px\">\n<p><a href=\"https:\/\/acve23.com\/site\/sorties-2015\/\"><img loading=\"lazy\" decoding=\"async\" class=\"wp-image-1618 size-full aligncenter\" src=\"https:\/\/acve23.com\/site\/wp-content\/uploads\/2015\/09\/SORTIES-2015.jpg\" alt=\"\" width=\"1108\" height=\"200\" srcset=\"https:\/\/acve23.com\/site\/wp-content\/uploads\/2015\/09\/SORTIES-2015.jpg 1108w, https:\/\/acve23.com\/site\/wp-content\/uploads\/2015\/09\/SORTIES-2015-300x54.jpg 300w, https:\/\/acve23.com\/site\/wp-content\/uploads\/2015\/09\/SORTIES-2015-1024x185.jpg 1024w, https:\/\/acve23.com\/site\/wp-content\/uploads\/2015\/09\/SORTIES-2015-830x150.jpg 830w, https:\/\/acve23.com\/site\/wp-content\/uploads\/2015\/09\/SORTIES-2015-230x42.jpg 230w, https:\/\/acve23.com\/site\/wp-content\/uploads\/2015\/09\/SORTIES-2015-350x63.jpg 350w\" sizes=\"auto, (max-width: 1108px) 100vw, 1108px\" \/><\/a><\/p>\n<p style=\"text-align: left;\"><\/div><\/div>\n<p style=\"text-align: center;\"><a href=\"https:\/\/acve23.com\/site\/\" class=\"su-button su-button-style-flat\" style=\"color:#FFFFFF;background-color:#2D89EF;border-color:#246ec0;border-radius:5px\" target=\"_self\"><span style=\"color:#FFFFFF;padding:6px 16px;font-size:13px;line-height:20px;border-color:#6cadf4;border-radius:5px;text-shadow:none\"><img decoding=\"async\" src=\"https:\/\/acve23.com\/site\/wp-content\/uploads\/2015\/09\/home78.png\" alt=\"RETOUR A&nbsp;L&rsquo;ACCUEIL\" style=\"width:20px;height:20px\" \/> RETOUR A&nbsp;L&rsquo;ACCUEIL<\/span><\/a>\n","protected":false},"excerpt":{"rendered":"<p>&nbsp;<\/p>\n","protected":false},"author":1,"featured_media":0,"parent":0,"menu_order":0,"comment_status":"closed","ping_status":"closed","template":"","meta":{"ngg_post_thumbnail":0,"footnotes":""},"class_list":["post-1609","page","type-page","status-publish","hentry",""],"_links":{"self":[{"href":"https:\/\/acve23.com\/site\/wp-json\/wp\/v2\/pages\/1609","targetHints":{"allow":["GET"]}}],"collection":[{"href":"https:\/\/acve23.com\/site\/wp-json\/wp\/v2\/pages"}],"about":[{"href":"https:\/\/acve23.com\/site\/wp-json\/wp\/v2\/types\/page"}],"author":[{"embeddable":true,"href":"https:\/\/acve23.com\/site\/wp-json\/wp\/v2\/users\/1"}],"replies":[{"embeddable":true,"href":"https:\/\/acve23.com\/site\/wp-json\/wp\/v2\/comments?post=1609"}],"version-history":[{"count":59,"href":"https:\/\/acve23.com\/site\/wp-json\/wp\/v2\/pages\/1609\/revisions"}],"predecessor-version":[{"id":3412,"href":"https:\/\/acve23.com\/site\/wp-json\/wp\/v2\/pages\/1609\/revisions\/3412"}],"wp:attachment":[{"href":"https:\/\/acve23.com\/site\/wp-json\/wp\/v2\/media?parent=1609"}],"curies":[{"name":"wp","href":"https:\/\/api.w.org\/{rel}","templated":true}]}}