{"id":1002,"date":"2015-08-21T07:15:47","date_gmt":"2015-08-21T07:15:47","guid":{"rendered":"http:\/\/acve23.com\/site\/?page_id=1002"},"modified":"2015-09-30T09:00:05","modified_gmt":"2015-09-30T09:00:05","slug":"volkswagen","status":"publish","type":"page","link":"https:\/\/acve23.com\/site\/volkswagen\/","title":{"rendered":"VOLKSWAGEN"},"content":{"rendered":"<h4 style=\"text-align: left;\"><div class=\"su-box su-box-style-default\" id=\"\" style=\"border-color:#000000;border-radius:3px;\"><div class=\"su-box-title\" style=\"background-color:#333333;color:#FFFFFF;border-top-left-radius:1px;border-top-right-radius:1px\">NOS VOITURES DE LA MARQUE<\/div><div class=\"su-box-content su-u-clearfix su-u-trim\" style=\"border-bottom-left-radius:1px;border-bottom-right-radius:1px\">\n<img loading=\"lazy\" decoding=\"async\" class=\"aligncenter wp-image-964\" src=\"https:\/\/acve23.com\/site\/wp-content\/uploads\/2015\/08\/Volkswagen_1-288x300.jpg\" alt=\"\" width=\"211\" height=\"220\" srcset=\"https:\/\/acve23.com\/site\/wp-content\/uploads\/2015\/08\/Volkswagen_1-288x300.jpg 288w, https:\/\/acve23.com\/site\/wp-content\/uploads\/2015\/08\/Volkswagen_1-550x573.jpg 550w, https:\/\/acve23.com\/site\/wp-content\/uploads\/2015\/08\/Volkswagen_1-230x240.jpg 230w, https:\/\/acve23.com\/site\/wp-content\/uploads\/2015\/08\/Volkswagen_1.jpg 688w\" sizes=\"auto, (max-width: 211px) 100vw, 211px\" \/><br \/>\n<\/div><\/div><\/h4>\n<div class=\"su-divider su-divider-style-double\" style=\"margin:15px 0;border-width:7px;border-color:#999999\"><a href=\"#\" style=\"color:#999999\">Aller en haut<\/a><\/div>\n<h2><img loading=\"lazy\" decoding=\"async\" style=\"border:5px solid #fffffe;\"img class=\"alignleft wp-image-750 size-thumbnail\" src=\"https:\/\/acve23.com\/site\/wp-content\/uploads\/2015\/08\/IMG_20361-150x150.jpg\" alt=\"IMG_2036[1]\" width=\"150\" height=\"150\" \/><span class=\"su-highlight\" style=\"background:#fdfd32;color:#000000\">&nbsp;COCCINELLE&nbsp;<\/span><\/h2>\n<h5>Propri\u00e9taire :\u00a0Claire et Thierry<\/h5>\n<h4>Ann\u00e9e : N.C<\/h4>\n<div class=\"su-tabs su-tabs-style-default su-tabs-mobile-stack\" data-active=\"1\" data-scroll-offset=\"0\" data-anchor-in-url=\"no\"><div class=\"su-tabs-nav\"><span class=\"\" data-url=\"\" data-target=\"blank\" tabindex=\"0\" role=\"button\">Photos<\/span><span class=\"\" data-url=\"\" data-target=\"blank\" tabindex=\"0\" role=\"button\">Caract\u00e9ristiques<\/span><span class=\"\" data-url=\"\" data-target=\"blank\" tabindex=\"0\" role=\"button\">Histoire<\/span><\/div><div class=\"su-tabs-panes\"><div class=\"su-tabs-pane su-u-clearfix su-u-trim\" data-title=\"Photos\">\n<p>\n<div class=\"ngg-galleryoverview\" id=\"ngg-gallery-c8069a4b8d78977ec10d7c104b0eb31d-1002\">\n\n\t\t\t<!-- Slideshow link -->\n\t<div class=\"slideshowlink\">\n\t\t<a class=\"slideshowlink\" href=\"https:\/\/acve23.com\/site\/volkswagen\/nggallery\/slideshow\">\n\t\t\t[Montrer sous forme de diaporama]\t\t<\/a>\n\t<\/div>\n\n\t<!-- Thumbnails -->\n\t\t\t\t\n\t<div id=\"ngg-image-13\" class=\"ngg-gallery-thumbnail-box\"  >\n\t\t<div class=\"ngg-gallery-thumbnail\" >\n\t\t\t<a href=\"https:\/\/acve23.com\/site\/wp-content\/gallery\/cox-tt\/IMG_20361.jpg\"\n\t\t\t\ttitle=\" \"\n\t\t\t\tclass=\"ngg-fancybox\" rel=\"c8069a4b8d78977ec10d7c104b0eb31d\" data-image-id=\"13\" data-src=\"https:\/\/acve23.com\/site\/wp-content\/gallery\/cox-tt\/IMG_20361.jpg\" data-thumbnail=\"https:\/\/acve23.com\/site\/wp-content\/gallery\/cox-tt\/thumbs\/thumbs_IMG_20361.jpg\" data-title=\"IMG_2036[1].jpg\" data-description=\" \" >\n\t\t\t\t\t\t\t\t<img title=\"IMG_2036[1].jpg\" alt=\"IMG_2036[1].jpg\" src=\"https:\/\/acve23.com\/site\/wp-content\/gallery\/cox-tt\/thumbs\/thumbs_IMG_20361.jpg\" width='120' height='90' \/>\n\t\t\t\t\t\t\t<\/a>\n\t\t<\/div>\n\t<\/div>\n\n\t\t\t\t\t\t\t\t\t\n\t\n\t<div id=\"ngg-image-14\" class=\"ngg-gallery-thumbnail-box\"  >\n\t\t<div class=\"ngg-gallery-thumbnail\" >\n\t\t\t<a href=\"https:\/\/acve23.com\/site\/wp-content\/gallery\/cox-tt\/IMG_20371.jpg\"\n\t\t\t\ttitle=\" \"\n\t\t\t\tclass=\"ngg-fancybox\" rel=\"c8069a4b8d78977ec10d7c104b0eb31d\" data-image-id=\"14\" data-src=\"https:\/\/acve23.com\/site\/wp-content\/gallery\/cox-tt\/IMG_20371.jpg\" data-thumbnail=\"https:\/\/acve23.com\/site\/wp-content\/gallery\/cox-tt\/thumbs\/thumbs_IMG_20371.jpg\" data-title=\"IMG_2037[1].jpg\" data-description=\" \" >\n\t\t\t\t\t\t\t\t<img title=\"IMG_2037[1].jpg\" alt=\"IMG_2037[1].jpg\" src=\"https:\/\/acve23.com\/site\/wp-content\/gallery\/cox-tt\/thumbs\/thumbs_IMG_20371.jpg\" width='120' height='90' \/>\n\t\t\t\t\t\t\t<\/a>\n\t\t<\/div>\n\t<\/div>\n\n\t\t\t\t\t\t\t\t\t\n\t\n\t<div id=\"ngg-image-15\" class=\"ngg-gallery-thumbnail-box\"  >\n\t\t<div class=\"ngg-gallery-thumbnail\" >\n\t\t\t<a href=\"https:\/\/acve23.com\/site\/wp-content\/gallery\/cox-tt\/IMG_20381.jpg\"\n\t\t\t\ttitle=\" \"\n\t\t\t\tclass=\"ngg-fancybox\" rel=\"c8069a4b8d78977ec10d7c104b0eb31d\" data-image-id=\"15\" data-src=\"https:\/\/acve23.com\/site\/wp-content\/gallery\/cox-tt\/IMG_20381.jpg\" data-thumbnail=\"https:\/\/acve23.com\/site\/wp-content\/gallery\/cox-tt\/thumbs\/thumbs_IMG_20381.jpg\" data-title=\"IMG_2038[1].jpg\" data-description=\" \" >\n\t\t\t\t\t\t\t\t<img title=\"IMG_2038[1].jpg\" alt=\"IMG_2038[1].jpg\" src=\"https:\/\/acve23.com\/site\/wp-content\/gallery\/cox-tt\/thumbs\/thumbs_IMG_20381.jpg\" width='120' height='90' \/>\n\t\t\t\t\t\t\t<\/a>\n\t\t<\/div>\n\t<\/div>\n\n\t\t\t\t\t\t\t\t\t\n\t\n\t<div id=\"ngg-image-17\" class=\"ngg-gallery-thumbnail-box\"  >\n\t\t<div class=\"ngg-gallery-thumbnail\" >\n\t\t\t<a href=\"https:\/\/acve23.com\/site\/wp-content\/gallery\/cox-tt\/IMG_20401.jpg\"\n\t\t\t\ttitle=\" \"\n\t\t\t\tclass=\"ngg-fancybox\" rel=\"c8069a4b8d78977ec10d7c104b0eb31d\" data-image-id=\"17\" data-src=\"https:\/\/acve23.com\/site\/wp-content\/gallery\/cox-tt\/IMG_20401.jpg\" data-thumbnail=\"https:\/\/acve23.com\/site\/wp-content\/gallery\/cox-tt\/thumbs\/thumbs_IMG_20401.jpg\" data-title=\"IMG_2040[1].jpg\" data-description=\" \" >\n\t\t\t\t\t\t\t\t<img title=\"IMG_2040[1].jpg\" alt=\"IMG_2040[1].jpg\" src=\"https:\/\/acve23.com\/site\/wp-content\/gallery\/cox-tt\/thumbs\/thumbs_IMG_20401.jpg\" width='120' height='90' \/>\n\t\t\t\t\t\t\t<\/a>\n\t\t<\/div>\n\t<\/div>\n\n\t\t\t\t\t\t\t\t\t\n\t\n\t<div id=\"ngg-image-18\" class=\"ngg-gallery-thumbnail-box\"  >\n\t\t<div class=\"ngg-gallery-thumbnail\" >\n\t\t\t<a href=\"https:\/\/acve23.com\/site\/wp-content\/gallery\/cox-tt\/IMG_20411.jpg\"\n\t\t\t\ttitle=\" \"\n\t\t\t\tclass=\"ngg-fancybox\" rel=\"c8069a4b8d78977ec10d7c104b0eb31d\" data-image-id=\"18\" data-src=\"https:\/\/acve23.com\/site\/wp-content\/gallery\/cox-tt\/IMG_20411.jpg\" data-thumbnail=\"https:\/\/acve23.com\/site\/wp-content\/gallery\/cox-tt\/thumbs\/thumbs_IMG_20411.jpg\" data-title=\"IMG_2041[1].jpg\" data-description=\" \" >\n\t\t\t\t\t\t\t\t<img title=\"IMG_2041[1].jpg\" alt=\"IMG_2041[1].jpg\" src=\"https:\/\/acve23.com\/site\/wp-content\/gallery\/cox-tt\/thumbs\/thumbs_IMG_20411.jpg\" width='120' height='90' \/>\n\t\t\t\t\t\t\t<\/a>\n\t\t<\/div>\n\t<\/div>\n\n\t\t\t\t\t\t\t\t\t\n\t\n\t<div id=\"ngg-image-19\" class=\"ngg-gallery-thumbnail-box\"  >\n\t\t<div class=\"ngg-gallery-thumbnail\" >\n\t\t\t<a href=\"https:\/\/acve23.com\/site\/wp-content\/gallery\/cox-tt\/IMG_20431.jpg\"\n\t\t\t\ttitle=\" \"\n\t\t\t\tclass=\"ngg-fancybox\" rel=\"c8069a4b8d78977ec10d7c104b0eb31d\" data-image-id=\"19\" data-src=\"https:\/\/acve23.com\/site\/wp-content\/gallery\/cox-tt\/IMG_20431.jpg\" data-thumbnail=\"https:\/\/acve23.com\/site\/wp-content\/gallery\/cox-tt\/thumbs\/thumbs_IMG_20431.jpg\" data-title=\"IMG_2043[1].jpg\" data-description=\" \" >\n\t\t\t\t\t\t\t\t<img title=\"IMG_2043[1].jpg\" alt=\"IMG_2043[1].jpg\" src=\"https:\/\/acve23.com\/site\/wp-content\/gallery\/cox-tt\/thumbs\/thumbs_IMG_20431.jpg\" width='120' height='90' \/>\n\t\t\t\t\t\t\t<\/a>\n\t\t<\/div>\n\t<\/div>\n\n\t\t\t\t\t\t\t\t\t\n\t\n\t<div id=\"ngg-image-20\" class=\"ngg-gallery-thumbnail-box\"  >\n\t\t<div class=\"ngg-gallery-thumbnail\" >\n\t\t\t<a href=\"https:\/\/acve23.com\/site\/wp-content\/gallery\/cox-tt\/IMG_20471.jpg\"\n\t\t\t\ttitle=\" \"\n\t\t\t\tclass=\"ngg-fancybox\" rel=\"c8069a4b8d78977ec10d7c104b0eb31d\" data-image-id=\"20\" data-src=\"https:\/\/acve23.com\/site\/wp-content\/gallery\/cox-tt\/IMG_20471.jpg\" data-thumbnail=\"https:\/\/acve23.com\/site\/wp-content\/gallery\/cox-tt\/thumbs\/thumbs_IMG_20471.jpg\" data-title=\"IMG_2047[1].jpg\" data-description=\" \" >\n\t\t\t\t\t\t\t\t<img title=\"IMG_2047[1].jpg\" alt=\"IMG_2047[1].jpg\" src=\"https:\/\/acve23.com\/site\/wp-content\/gallery\/cox-tt\/thumbs\/thumbs_IMG_20471.jpg\" width='120' height='90' \/>\n\t\t\t\t\t\t\t<\/a>\n\t\t<\/div>\n\t<\/div>\n\n\t\t\t\t\t\t\t\t\t\n\t\n\t<!-- Pagination -->\n\t\t<div class='ngg-clear'><\/div>\n<\/div>\n\n\t<\/p>\n<\/div>\n<div class=\"su-tabs-pane su-u-clearfix su-u-trim\" data-title=\"Caract\u00e9ristiques\">\n<p>Les caract\u00e9ristiques de cette voiture ne nous ont pas encore \u00e9t\u00e9 communiqu\u00e9s.<\/p>\n<\/div>\n<div class=\"su-tabs-pane su-u-clearfix su-u-trim\" data-title=\"Histoire\">\n<p style=\"text-align: justify;\">La <b>Volkswagen Coccinelle<\/b> \u2014 officiellement <b>Volkswagen type 1<\/b> \u2014 est la premi\u00e8re automobile construite par le constructeur allemand Volkswagen, ainsi nouvellement cr\u00e9\u00e9e et dont le nom signifie \u00ab\u00a0voiture du peuple\u00a0\u00bb. Produite en 1938, elle est con\u00e7ue par l&rsquo;ing\u00e9nieur autrichien Ferdinand Porsche \u00e0 la demande du chancelier Adolf Hitler, alors \u00e0 la t\u00eate du Troisi\u00e8me Reich allemand. Outil de propagande pour le r\u00e9gimenational-socialiste, elle devient remarquable dans le monde de l&rsquo;automobile pour sa diffusion\u00a0et sa long\u00e9vit\u00e9. Elle d\u00e9passe, le <time class=\"nowrap date-lien\" datetime=\"1972-02-17\">17 f\u00e9vrier 1972<\/time>, le record de mod\u00e8les vendus, d\u00e9tenu par la Ford T. Elle fut au total produite \u00e0 plus de 21\u00a0529\u00a0464 exemplaires \u00e0 travers le monde.<\/p>\n<p style=\"text-align: justify;\">Elle est initialement d\u00e9nomm\u00e9e <i>KdF Wagen<\/i>, pour <span class=\"citation not_fr_quote\" lang=\"de\">\u00ab\u00a0<span class=\"italique\">Kraft durch Freude<\/span>\u00a0\u00bb<\/span> (La force par la joie), du nom d&rsquo;une branche du front du travail nazi. Connue en interne sous le nom de code <i>Type 1<\/i>, ou encore <i>1100<\/i>, <i>1200<\/i>,<i>1300<\/i>, <i>1500<\/i> et <i>1600<\/i>, en rapport avec la cylindr\u00e9e des diff\u00e9rentes motorisations, elle se voit attribuer de nombreux surnoms affectueux, entre autres d&rsquo;animaux, en raison de ses formes tr\u00e8s rondes\u00a0: <span class=\"citation not_fr_quote\" lang=\"de\">\u00ab\u00a0<span class=\"italique\">K\u00e4fer<\/span>\u00a0\u00bb<\/span> enAllemagne (scarab\u00e9e), <span class=\"citation not_fr_quote\" lang=\"en\">\u00ab\u00a0<span class=\"italique\">Beetle<\/span>\u00a0\u00bb<\/span> (scarab\u00e9e encore) au Royaume-Uni, <span class=\"citation not_fr_quote\" lang=\"nl\">\u00ab\u00a0<span class=\"italique\">Kever<\/span>\u00a0\u00bb<\/span> aux Pays-Bas (scarab\u00e9e), <span class=\"citation not_fr_quote\" lang=\"es\">\u00ab\u00a0<span class=\"italique\">Escarabajo<\/span>\u00a0\u00bb<\/span> en Espagne (scarab\u00e9e, toujours), <span class=\"citation not_fr_quote\" lang=\"it\">\u00ab\u00a0<span class=\"italique\">Maggiolino<\/span>\u00a0\u00bb<\/span> en Italie (hanneton), ou encore<span class=\"citation\">\u00ab\u00a0Coccinelle\u00a0\u00bb<\/span> en France.<\/p>\n<\/div><\/div><\/div>\n<div class=\"su-divider su-divider-style-double\" style=\"margin:15px 0;border-width:7px;border-color:#999999\"><a href=\"#\" style=\"color:#999999\">Aller en haut<\/a><\/div>\n<p><img loading=\"lazy\" decoding=\"async\" style=\"border:5px solid #fffffe;\"img class=\"alignleft wp-image-1277 size-thumbnail\" src=\"https:\/\/acve23.com\/site\/wp-content\/uploads\/2015\/08\/P8250060-150x150.jpg\" alt=\"OLYMPUS DIGITAL CAMERA\" width=\"150\" height=\"150\" \/><\/p>\n<h2><span class=\"su-highlight\" style=\"background:#fdfd32;color:#000000\">&nbsp;COCCINELLE&nbsp;<\/span><\/h2>\n<h5>Propri\u00e9taire :\u00a0Nathalie<\/h5>\n<h4>Ann\u00e9e : N.C<\/h4>\n<div class=\"su-tabs su-tabs-style-default su-tabs-mobile-stack\" data-active=\"1\" data-scroll-offset=\"0\" data-anchor-in-url=\"no\"><div class=\"su-tabs-nav\"><span class=\"\" data-url=\"\" data-target=\"blank\" tabindex=\"0\" role=\"button\">Photos<\/span><span class=\"\" data-url=\"\" data-target=\"blank\" tabindex=\"0\" role=\"button\">Caract\u00e9ristiques<\/span><span class=\"\" data-url=\"\" data-target=\"blank\" tabindex=\"0\" role=\"button\">Histoire<\/span><\/div><div class=\"su-tabs-panes\"><div class=\"su-tabs-pane su-u-clearfix su-u-trim\" data-title=\"Photos\">\n<p><!-- index.php -->\n<div\n\tclass=\"ngg-galleryoverview\n\t ngg-ajax-pagination-none\t\"\n\tid=\"ngg-gallery-ee498b75cec9b07f4f18c05ce14cec91-1\">\n\n\t\t<div class=\"slideshowlink\">\n\t\t<a href='https:\/\/acve23.com\/site\/volkswagen\/nggallery\/slideshow'>[Montrer sous forme de diaporama]<\/a>\n\n\t<\/div>\n\t\t\t<!-- Thumbnails -->\n\t\t\t\t<div id=\"ngg-image-0\" class=\"ngg-gallery-thumbnail-box\"\n\t\t\t\t\t\t\t\t\t\t\t>\n\t\t\t\t\t\t<div class=\"ngg-gallery-thumbnail\">\n\t\t\t<a href=\"https:\/\/acve23.com\/site\/wp-content\/gallery\/coccinelle-bony\/P8250060.JPG\"\n\t\t\t\ttitle=\"\"\n\t\t\t\tdata-src=\"https:\/\/acve23.com\/site\/wp-content\/gallery\/coccinelle-bony\/P8250060.JPG\"\n\t\t\t\tdata-thumbnail=\"https:\/\/acve23.com\/site\/wp-content\/gallery\/coccinelle-bony\/thumbs\/thumbs_P8250060.JPG\"\n\t\t\t\tdata-image-id=\"67\"\n\t\t\t\tdata-title=\"OLYMPUS DIGITAL CAMERA\"\n\t\t\t\tdata-description=\"\"\n\t\t\t\tdata-image-slug=\"p8250060\"\n\t\t\t\tclass=\"ngg-fancybox\" rel=\"ee498b75cec9b07f4f18c05ce14cec91\">\n\t\t\t\t<img\n\t\t\t\t\ttitle=\"OLYMPUS DIGITAL CAMERA\"\n\t\t\t\t\talt=\"OLYMPUS DIGITAL CAMERA\"\n\t\t\t\t\tsrc=\"https:\/\/acve23.com\/site\/wp-content\/gallery\/coccinelle-bony\/thumbs\/thumbs_P8250060.JPG\"\n\t\t\t\t\twidth=\"120\"\n\t\t\t\t\theight=\"90\"\n\t\t\t\t\tstyle=\"max-width:100%;\"\n\t\t\t\t\/>\n\t\t\t<\/a>\n\t\t<\/div>\n\t\t\t\t\t\t\t<\/div>\n\t\t\t\n\t\t\n\t\t\t\t<div id=\"ngg-image-1\" class=\"ngg-gallery-thumbnail-box\"\n\t\t\t\t\t\t\t\t\t\t\t>\n\t\t\t\t\t\t<div class=\"ngg-gallery-thumbnail\">\n\t\t\t<a href=\"https:\/\/acve23.com\/site\/wp-content\/gallery\/coccinelle-bony\/P8250052.JPG\"\n\t\t\t\ttitle=\"\"\n\t\t\t\tdata-src=\"https:\/\/acve23.com\/site\/wp-content\/gallery\/coccinelle-bony\/P8250052.JPG\"\n\t\t\t\tdata-thumbnail=\"https:\/\/acve23.com\/site\/wp-content\/gallery\/coccinelle-bony\/thumbs\/thumbs_P8250052.JPG\"\n\t\t\t\tdata-image-id=\"68\"\n\t\t\t\tdata-title=\"OLYMPUS DIGITAL CAMERA\"\n\t\t\t\tdata-description=\"\"\n\t\t\t\tdata-image-slug=\"p8250052\"\n\t\t\t\tclass=\"ngg-fancybox\" rel=\"ee498b75cec9b07f4f18c05ce14cec91\">\n\t\t\t\t<img\n\t\t\t\t\ttitle=\"OLYMPUS DIGITAL CAMERA\"\n\t\t\t\t\talt=\"OLYMPUS DIGITAL CAMERA\"\n\t\t\t\t\tsrc=\"https:\/\/acve23.com\/site\/wp-content\/gallery\/coccinelle-bony\/thumbs\/thumbs_P8250052.JPG\"\n\t\t\t\t\twidth=\"120\"\n\t\t\t\t\theight=\"90\"\n\t\t\t\t\tstyle=\"max-width:100%;\"\n\t\t\t\t\/>\n\t\t\t<\/a>\n\t\t<\/div>\n\t\t\t\t\t\t\t<\/div>\n\t\t\t\n\t\t\n\t\t\t\t<div id=\"ngg-image-2\" class=\"ngg-gallery-thumbnail-box\"\n\t\t\t\t\t\t\t\t\t\t\t>\n\t\t\t\t\t\t<div class=\"ngg-gallery-thumbnail\">\n\t\t\t<a href=\"https:\/\/acve23.com\/site\/wp-content\/gallery\/coccinelle-bony\/P8250053.JPG\"\n\t\t\t\ttitle=\"\"\n\t\t\t\tdata-src=\"https:\/\/acve23.com\/site\/wp-content\/gallery\/coccinelle-bony\/P8250053.JPG\"\n\t\t\t\tdata-thumbnail=\"https:\/\/acve23.com\/site\/wp-content\/gallery\/coccinelle-bony\/thumbs\/thumbs_P8250053.JPG\"\n\t\t\t\tdata-image-id=\"69\"\n\t\t\t\tdata-title=\"OLYMPUS DIGITAL CAMERA\"\n\t\t\t\tdata-description=\"\"\n\t\t\t\tdata-image-slug=\"p8250053\"\n\t\t\t\tclass=\"ngg-fancybox\" rel=\"ee498b75cec9b07f4f18c05ce14cec91\">\n\t\t\t\t<img\n\t\t\t\t\ttitle=\"OLYMPUS DIGITAL CAMERA\"\n\t\t\t\t\talt=\"OLYMPUS DIGITAL CAMERA\"\n\t\t\t\t\tsrc=\"https:\/\/acve23.com\/site\/wp-content\/gallery\/coccinelle-bony\/thumbs\/thumbs_P8250053.JPG\"\n\t\t\t\t\twidth=\"120\"\n\t\t\t\t\theight=\"90\"\n\t\t\t\t\tstyle=\"max-width:100%;\"\n\t\t\t\t\/>\n\t\t\t<\/a>\n\t\t<\/div>\n\t\t\t\t\t\t\t<\/div>\n\t\t\t\n\t\t\n\t\t\n\t\t<!-- Pagination -->\n\t\t<div class='ngg-clear'><\/div>\t<\/div>\n<\/p>\n<\/div>\n<div class=\"su-tabs-pane su-u-clearfix su-u-trim\" data-title=\"Caract\u00e9ristiques\">\n<p>Les caract\u00e9ristiques de cette voiture ne nous ont pas encore \u00e9t\u00e9 communiqu\u00e9s.<\/p>\n<\/div>\n<div class=\"su-tabs-pane su-u-clearfix su-u-trim\" data-title=\"Histoire\">\n<p style=\"text-align: justify;\">La <b>Volkswagen Coccinelle<\/b> \u2014 officiellement <b>Volkswagen type 1<\/b> \u2014 est la premi\u00e8re automobile construite par le constructeur allemand Volkswagen, ainsi nouvellement cr\u00e9\u00e9e et dont le nom signifie \u00ab\u00a0voiture du peuple\u00a0\u00bb. Produite en 1938, elle est con\u00e7ue par l&rsquo;ing\u00e9nieur autrichien Ferdinand Porsche \u00e0 la demande du chancelier Adolf Hitler, alors \u00e0 la t\u00eate du Troisi\u00e8me Reich allemand. Outil de propagande pour le r\u00e9gimenational-socialiste, elle devient remarquable dans le monde de l&rsquo;automobile pour sa diffusion\u00a0et sa long\u00e9vit\u00e9. Elle d\u00e9passe, le <time class=\"nowrap date-lien\" datetime=\"1972-02-17\">17 f\u00e9vrier 1972<\/time>, le record de mod\u00e8les vendus, d\u00e9tenu par la Ford T. Elle fut au total produite \u00e0 plus de 21\u00a0529\u00a0464 exemplaires \u00e0 travers le monde.<\/p>\n<p style=\"text-align: justify;\">Elle est initialement d\u00e9nomm\u00e9e <i>KdF Wagen<\/i>, pour <span class=\"citation not_fr_quote\" lang=\"de\">\u00ab\u00a0<span class=\"italique\">Kraft durch Freude<\/span>\u00a0\u00bb<\/span> (La force par la joie), du nom d&rsquo;une branche du front du travail nazi. Connue en interne sous le nom de code <i>Type 1<\/i>, ou encore <i>1100<\/i>, <i>1200<\/i>,<i>1300<\/i>, <i>1500<\/i> et <i>1600<\/i>, en rapport avec la cylindr\u00e9e des diff\u00e9rentes motorisations, elle se voit attribuer de nombreux surnoms affectueux, entre autres d&rsquo;animaux, en raison de ses formes tr\u00e8s rondes\u00a0: <span class=\"citation not_fr_quote\" lang=\"de\">\u00ab\u00a0<span class=\"italique\">K\u00e4fer<\/span>\u00a0\u00bb<\/span> enAllemagne (scarab\u00e9e), <span class=\"citation not_fr_quote\" lang=\"en\">\u00ab\u00a0<span class=\"italique\">Beetle<\/span>\u00a0\u00bb<\/span> (scarab\u00e9e encore) au Royaume-Uni, <span class=\"citation not_fr_quote\" lang=\"nl\">\u00ab\u00a0<span class=\"italique\">Kever<\/span>\u00a0\u00bb<\/span> aux Pays-Bas (scarab\u00e9e), <span class=\"citation not_fr_quote\" lang=\"es\">\u00ab\u00a0<span class=\"italique\">Escarabajo<\/span>\u00a0\u00bb<\/span> en Espagne (scarab\u00e9e, toujours), <span class=\"citation not_fr_quote\" lang=\"it\">\u00ab\u00a0<span class=\"italique\">Maggiolino<\/span>\u00a0\u00bb<\/span> en Italie (hanneton), ou encore<span class=\"citation\">\u00ab\u00a0Coccinelle\u00a0\u00bb<\/span> en France.<\/p>\n<\/div><\/div><\/div>\n<p style=\"text-align: center;\"><a href=\"https:\/\/acve23.com\/site\/les-marques\/\" class=\"su-button su-button-style-flat\" style=\"color:#FFFFFF;background-color:#2D89EF;border-color:#246ec0;border-radius:5px\" target=\"_self\"><span style=\"color:#FFFFFF;padding:6px 16px;font-size:13px;line-height:20px;border-color:#6cadf4;border-radius:5px;text-shadow:none\"><img decoding=\"async\" src=\"https:\/\/acve23.com\/site\/wp-content\/uploads\/2015\/09\/car124.png\" alt=\"RETOUR AUX MARQUES\" style=\"width:20px;height:20px\" \/> RETOUR AUX MARQUES<\/span><\/a>\n<p style=\"text-align: center;\">\n","protected":false},"excerpt":{"rendered":"<p>Propri\u00e9taire :\u00a0Claire et Thierry Ann\u00e9e : N.C Propri\u00e9taire :\u00a0Nathalie Ann\u00e9e : N.C<\/p>\n","protected":false},"author":1,"featured_media":0,"parent":0,"menu_order":0,"comment_status":"closed","ping_status":"closed","template":"page-templates\/page_front-page.php","meta":{"ngg_post_thumbnail":0,"footnotes":""},"class_list":["post-1002","page","type-page","status-publish","hentry",""],"_links":{"self":[{"href":"https:\/\/acve23.com\/site\/wp-json\/wp\/v2\/pages\/1002","targetHints":{"allow":["GET"]}}],"collection":[{"href":"https:\/\/acve23.com\/site\/wp-json\/wp\/v2\/pages"}],"about":[{"href":"https:\/\/acve23.com\/site\/wp-json\/wp\/v2\/types\/page"}],"author":[{"embeddable":true,"href":"https:\/\/acve23.com\/site\/wp-json\/wp\/v2\/users\/1"}],"replies":[{"embeddable":true,"href":"https:\/\/acve23.com\/site\/wp-json\/wp\/v2\/comments?post=1002"}],"version-history":[{"count":8,"href":"https:\/\/acve23.com\/site\/wp-json\/wp\/v2\/pages\/1002\/revisions"}],"predecessor-version":[{"id":1811,"href":"https:\/\/acve23.com\/site\/wp-json\/wp\/v2\/pages\/1002\/revisions\/1811"}],"wp:attachment":[{"href":"https:\/\/acve23.com\/site\/wp-json\/wp\/v2\/media?parent=1002"}],"curies":[{"name":"wp","href":"https:\/\/api.w.org\/{rel}","templated":true}]}}